{"id":26304,"date":"2026-03-30T11:50:22","date_gmt":"2026-03-30T08:50:22","guid":{"rendered":"https:\/\/www.makitamarket.com.tr\/site\/urun\/uni-t-uti165a-termal-kamera\/"},"modified":"2026-04-06T18:39:15","modified_gmt":"2026-04-06T15:39:15","slug":"uni-t-uti165a-termal-kamera","status":"publish","type":"product","link":"https:\/\/www.makitamarket.com.tr\/site\/urun\/uni-t-uti165a-termal-kamera\/","title":{"rendered":"Uni-t UTI165A+ Termal Kamera"},"content":{"rendered":"<table>\n<tr>\n<td>Model<\/td>\n<td>otomatik<\/td>\n<\/tr>\n<tr>\n<td>Sens\u00f6r<\/td>\n<td>so\u011futmas\u0131z odak d\u00fczlemi<\/td>\n<\/tr>\n<tr>\n<td>Min. G\u00f6r\u00fcnt\u00fcleme<\/td>\n<td>G\u00f6r\u00fcnt\u00fc format\u0131: bmp<\/td>\n<\/tr>\n<tr>\n<td>Tepki S\u00fcresi<\/td>\n<td>\u2264500ms (okuma 95%)<\/td>\n<\/tr>\n<tr>\n<td>Emissivite<\/td>\n<td>0.01 ila 0.99 ayarlanabilir<\/td>\n<\/tr>\n<tr>\n<td>Haf\u0131za<\/td>\n<td>mikro SD kart<\/td>\n<\/tr>\n<tr>\n<td>Model s\u0131n\u0131f\u0131<\/td>\n<td>IP rating IP65<\/td>\n<\/tr>\n<tr>\n<td>Do\u011fruluk<\/td>\n<td>\u00b1 2C veya 2%<\/td>\n<\/tr>\n<tr>\n<td>\u00d6l\u00e7\u00fcm Mesafesi<\/td>\n<td>25 cm<\/td>\n<\/tr>\n<tr>\n<td>S\u0131cakl\u0131k Aral\u0131\u011f\u0131<\/td>\n<td>-10 \u00b0C ~ 400 \u00b0C<\/td>\n<\/tr>\n<tr>\n<td>Pil<\/td>\n<td>Li-ion 3.7 V\/5000 mAh<\/td>\n<\/tr>\n<tr>\n<td>G\u00f6r\u00fcnt\u00fcleme alan\u0131<\/td>\n<td>G\u00f6r\u00fcnt\u00fcleme hassasiyeti \u226450mK<\/td>\n<\/tr>\n<tr>\n<td>G\u00f6r\u00fc\u015f Alan\u0131<\/td>\n<td>Anl\u0131k g\u00f6r\u00fc\u015f alan\u0131 11 mrad<\/td>\n<\/tr>\n<tr>\n<td>Boyutu<\/td>\n<td>Piksel boyutu: 17\u03bcm<\/td>\n<\/tr>\n<tr>\n<td>Sinyal \u0130letimi<\/td>\n<td>tip-c USB<\/td>\n<\/tr>\n<tr>\n<td>G\u00f6r\u00fcnt\u00fcleme alan\u0131<\/td>\n<td>19200 (160&#215;120)<\/td>\n<\/tr>\n<tr>\n<td>G\u00f6r\u00fc\u015f Alan\u0131<\/td>\n<td>56\u00b0 (H) * 42\u00b0 (V)<\/td>\n<\/tr>\n<tr>\n<td>Hassasiyet<\/td>\n<td>150 mK<\/td>\n<\/tr>\n<tr>\n<td>Bant Geni\u015fli\u011fi (Hz)<\/td>\n<td>K\u0131z\u0131l\u00f6tesi bant geni\u015fli\u011fi 8 ~ 14\u03bcm<\/td>\n<\/tr>\n<tr>\n<td>Spektral yan\u0131t<\/td>\n<td>8 mikron ila 14 mikron<\/td>\n<\/tr>\n<tr>\n<td>H\u0131z<\/td>\n<td>Kare h\u0131z\u0131: <9Hz<\/td>\n<\/tr>\n<\/table>\n","protected":false},"excerpt":{"rendered":"<p>Model otomatik Sens\u00f6r so\u011futmas\u0131z odak d\u00fczlemi Min. G\u00f6r\u00fcnt\u00fcleme G\u00f6r\u00fcnt\u00fc format\u0131: bmp Tepki S\u00fcresi \u2264500ms (okuma 95%) Emissivite 0.01 ila 0.99 ayarlanabilir Haf\u0131za mikro SD kart Model s\u0131n\u0131f\u0131 IP rating IP65<\/p>\n","protected":false},"featured_media":0,"comment_status":"open","ping_status":"closed","template":"","meta":{"_acf_changed":false},"product_brand":[1531],"product_cat":[1565],"product_tag":[],"class_list":{"0":"post-26304","1":"product","2":"type-product","3":"status-publish","5":"product_brand-uni-t","6":"product_cat-yok-yok","8":"first","9":"instock","10":"taxable","11":"shipping-taxable","12":"purchasable","13":"product-type-simple","14":"add-to-wishlist-after_add_to_cart"},"acf":[],"_links":{"self":[{"href":"https:\/\/www.makitamarket.com.tr\/site\/wp-json\/wp\/v2\/product\/26304","targetHints":{"allow":["GET"]}}],"collection":[{"href":"https:\/\/www.makitamarket.com.tr\/site\/wp-json\/wp\/v2\/product"}],"about":[{"href":"https:\/\/www.makitamarket.com.tr\/site\/wp-json\/wp\/v2\/types\/product"}],"replies":[{"embeddable":true,"href":"https:\/\/www.makitamarket.com.tr\/site\/wp-json\/wp\/v2\/comments?post=26304"}],"wp:attachment":[{"href":"https:\/\/www.makitamarket.com.tr\/site\/wp-json\/wp\/v2\/media?parent=26304"}],"wp:term":[{"taxonomy":"product_brand","embeddable":true,"href":"https:\/\/www.makitamarket.com.tr\/site\/wp-json\/wp\/v2\/product_brand?post=26304"},{"taxonomy":"product_cat","embeddable":true,"href":"https:\/\/www.makitamarket.com.tr\/site\/wp-json\/wp\/v2\/product_cat?post=26304"},{"taxonomy":"product_tag","embeddable":true,"href":"https:\/\/www.makitamarket.com.tr\/site\/wp-json\/wp\/v2\/product_tag?post=26304"}],"curies":[{"name":"wp","href":"https:\/\/api.w.org\/{rel}","templated":true}]}}