{"id":26319,"date":"2026-04-06T18:36:51","date_gmt":"2026-04-06T15:36:51","guid":{"rendered":"https:\/\/www.makitamarket.com.tr\/site\/urun\/uni-t-sheut220-dijital-pens-ampermetre\/"},"modified":"2026-04-14T00:01:39","modified_gmt":"2026-04-13T21:01:39","slug":"uni-t-sheut220-dijital-pens-ampermetre","status":"publish","type":"product","link":"https:\/\/www.makitamarket.com.tr\/site\/urun\/uni-t-sheut220-dijital-pens-ampermetre\/","title":{"rendered":"Uni-t SHEUT220 Dijital Pens Ampermetre"},"content":{"rendered":"<table>\n<tr>\n<td>A\u011f\u0131rl\u0131k<\/td>\n<td>390gr<\/td>\n<\/tr>\n<tr>\n<td>Dc Voltaj<\/td>\n<td>1000V \u00b1 (% 0.8 + 1)<\/td>\n<\/tr>\n<tr>\n<td>Ekran \u00d6l\u00e7\u00fcs\u00fc<\/td>\n<td>2000<\/td>\n<\/tr>\n<tr>\n<td>DC Ak\u0131m<\/td>\n<td>2000A \/ 2500A<\/td>\n<\/tr>\n<tr>\n<td>AC Ak\u0131m<\/td>\n<td>2000A \/ 2500A \u00b1 (% 2.5 + 5)<\/td>\n<\/tr>\n<tr>\n<td>Otomatik A\u00e7\u0131lma<\/td>\n<td>\u221a<\/td>\n<\/tr>\n<tr>\n<td>DCV i\u00e7in giri\u015f empedans\u0131<\/td>\n<td>10M\u03a9 +<\/td>\n<\/tr>\n<tr>\n<td>S\u0131cakl\u0131k<\/td>\n<td>-40\u00b0C ~1000\u00b0C -40\u00b0F ~1832\u00b0F<\/td>\n<\/tr>\n<tr>\n<td>Veri tutma<\/td>\n<td>\u221a<\/td>\n<\/tr>\n<tr>\n<td>S\u00fcreklilik Testi<\/td>\n<td>\u221a<\/td>\n<\/tr>\n<tr>\n<td>Frekans<\/td>\n<td>20MHz \/ 60MHz<\/td>\n<\/tr>\n<tr>\n<td>D\u00fc\u015f\u00fck Pil Uyar\u0131s\u0131<\/td>\n<td>\u221a<\/td>\n<\/tr>\n<tr>\n<td>LCD ekran \u0131\u015f\u0131\u011f\u0131<\/td>\n<td>43x30mm<\/td>\n<\/tr>\n<tr>\n<td>AC Voltaj<\/td>\n<td>750V \/ 1000V \u00b1 (% 1.2 + 5)<\/td>\n<\/tr>\n<tr>\n<td>Kapasitans<\/td>\n<td>60mF<\/td>\n<\/tr>\n<tr>\n<td>Diren\u00e7 (\u2126)<\/td>\n<td>20MQ \u00b1 (% 1 + 2) 60MQ 66MQ<\/td>\n<\/tr>\n<tr>\n<td>Diyot<\/td>\n<td>\u221a<\/td>\n<\/tr>\n<tr>\n<td>Boyutlar<\/td>\n<td>298x100x48mm<\/td>\n<\/tr>\n<tr>\n<td>\u00c7ene Geni\u015fli\u011fi<\/td>\n<td>63mm<\/td>\n<\/tr>\n<tr>\n<td>G\u00fc\u00e7<\/td>\n<td>9V alkalin pil<\/td>\n<\/tr>\n<\/table>\n","protected":false},"excerpt":{"rendered":"<p>A\u011f\u0131rl\u0131k 390gr Dc Voltaj 1000V \u00b1 (% 0.8 + 1) Ekran \u00d6l\u00e7\u00fcs\u00fc 2000 DC Ak\u0131m 2000A \/ 2500A AC Ak\u0131m 2000A \/ 2500A \u00b1 (% 2.5 + 5) Otomatik A\u00e7\u0131lma<\/p>\n","protected":false},"featured_media":0,"comment_status":"open","ping_status":"closed","template":"","meta":{"_acf_changed":false},"product_brand":[1531],"product_cat":[1565],"product_tag":[],"class_list":{"0":"post-26319","1":"product","2":"type-product","3":"status-publish","5":"product_brand-uni-t","6":"product_cat-yok-yok","8":"first","9":"instock","10":"taxable","11":"shipping-taxable","12":"purchasable","13":"product-type-simple","14":"add-to-wishlist-after_add_to_cart"},"acf":[],"_links":{"self":[{"href":"https:\/\/www.makitamarket.com.tr\/site\/wp-json\/wp\/v2\/product\/26319","targetHints":{"allow":["GET"]}}],"collection":[{"href":"https:\/\/www.makitamarket.com.tr\/site\/wp-json\/wp\/v2\/product"}],"about":[{"href":"https:\/\/www.makitamarket.com.tr\/site\/wp-json\/wp\/v2\/types\/product"}],"replies":[{"embeddable":true,"href":"https:\/\/www.makitamarket.com.tr\/site\/wp-json\/wp\/v2\/comments?post=26319"}],"wp:attachment":[{"href":"https:\/\/www.makitamarket.com.tr\/site\/wp-json\/wp\/v2\/media?parent=26319"}],"wp:term":[{"taxonomy":"product_brand","embeddable":true,"href":"https:\/\/www.makitamarket.com.tr\/site\/wp-json\/wp\/v2\/product_brand?post=26319"},{"taxonomy":"product_cat","embeddable":true,"href":"https:\/\/www.makitamarket.com.tr\/site\/wp-json\/wp\/v2\/product_cat?post=26319"},{"taxonomy":"product_tag","embeddable":true,"href":"https:\/\/www.makitamarket.com.tr\/site\/wp-json\/wp\/v2\/product_tag?post=26319"}],"curies":[{"name":"wp","href":"https:\/\/api.w.org\/{rel}","templated":true}]}}