{"id":26320,"date":"2026-04-06T18:36:53","date_gmt":"2026-04-06T15:36:53","guid":{"rendered":"https:\/\/www.makitamarket.com.tr\/site\/urun\/uni-t-ut122-smart-true-rms-multimetre\/"},"modified":"2026-04-06T18:36:53","modified_gmt":"2026-04-06T15:36:53","slug":"uni-t-ut122-smart-true-rms-multimetre","status":"publish","type":"product","link":"https:\/\/www.makitamarket.com.tr\/site\/urun\/uni-t-ut122-smart-true-rms-multimetre\/","title":{"rendered":"Uni-t UT122 SMART True RMS Multimetre"},"content":{"rendered":"<table>\n<tr>\n<td>Kapasitans<\/td>\n<td>99.99nF \/ 999.9nF ~ 9.999\u03bcF \/ 9.999mF ~ 99.99mF 10%<\/td>\n<\/tr>\n<tr>\n<td>D\u00fc\u015f\u00fck Pil Uyar\u0131s\u0131<\/td>\n<td>\u221a<\/td>\n<\/tr>\n<tr>\n<td>Rezistans<\/td>\n<td>600,0\u03a9\/6,000K\u03a9\/60,00K\u03a9\/ 600,0K\u03a9\/6.000M\u03a9\/60,00M\u03a9 \u00b1(2.0%+5)<\/td>\n<\/tr>\n<tr>\n<td>Boyutlar<\/td>\n<td>144 x 71 x 15,5mm<\/td>\n<\/tr>\n<tr>\n<td>AC Voltaj<\/td>\n<td>6000V\/60.00V\/600.0V \u00b1(1.0%+3)<\/td>\n<\/tr>\n<tr>\n<td>True RMS<\/td>\n<td>\u221a<\/td>\n<\/tr>\n<tr>\n<td>G\u00fc\u00e7<\/td>\n<td>2 * 1.5V AAA pil<\/td>\n<\/tr>\n<tr>\n<td>AC Frekans (Hz)<\/td>\n<td>10Hz-1kHz \u00b1(0.5%+2)<\/td>\n<\/tr>\n<tr>\n<td>Ekran<\/td>\n<td>\u00c7ift ekran<\/td>\n<\/tr>\n<tr>\n<td>Y\u00fcksek voltaj korumas\u0131<\/td>\n<td>\u221a<\/td>\n<\/tr>\n<tr>\n<td>G\u00f6r\u00fcnt\u00fcleme Say\u0131s\u0131<\/td>\n<td>6199<\/td>\n<\/tr>\n<tr>\n<td>Otomatik Kapanma<\/td>\n<td>\u221a<\/td>\n<\/tr>\n<tr>\n<td>El Feneri \u00d6zelli\u011fi<\/td>\n<td>\u221a<\/td>\n<\/tr>\n<tr>\n<td>Net A\u011f\u0131rl\u0131k<\/td>\n<td>157g<\/td>\n<\/tr>\n<tr>\n<td>\u00d6zellik<\/td>\n<td>Kategori derecelendirmeleri KATIII. 600V<\/td>\n<\/tr>\n<tr>\n<td>S\u00fcreklilik uyar\u0131s\u0131<\/td>\n<td>\u221a<\/td>\n<\/tr>\n<tr>\n<td>Aral\u0131k<\/td>\n<td>Otomatik aral\u0131k<\/td>\n<\/tr>\n<tr>\n<td>Diyot Testi<\/td>\n<td>\u221a<\/td>\n<\/tr>\n<tr>\n<td>Frekans<\/td>\n<td>10.00Hz-10.00MHz \u00b1(0.1%+3)<\/td>\n<\/tr>\n<tr>\n<td>Dc Voltaj<\/td>\n<td>6000V\/60.00V\/600.0V \u00b1(0.5%+3)<\/td>\n<\/tr>\n<tr>\n<td>S\u0131cakl\u0131k<\/td>\n<td>\u201340\u00b0C~1000\u00b0C\/\u201340\u00b0F~1832\u00b0F \u00b130C\/ \u00b16\u00b0F<\/td>\n<\/tr>\n<tr>\n<td>Veri tutma<\/td>\n<td>\u221a<\/td>\n<\/tr>\n<\/table>\n","protected":false},"excerpt":{"rendered":"<p>Kapasitans 99.99nF \/ 999.9nF ~ 9.999\u03bcF \/ 9.999mF ~ 99.99mF 10% D\u00fc\u015f\u00fck Pil Uyar\u0131s\u0131 \u221a Rezistans 600,0\u03a9\/6,000K\u03a9\/60,00K\u03a9\/ 600,0K\u03a9\/6.000M\u03a9\/60,00M\u03a9 \u00b1(2.0%+5) Boyutlar 144 x 71 x 15,5mm AC Voltaj 6000V\/60.00V\/600.0V \u00b1(1.0%+3) True<\/p>\n","protected":false},"featured_media":0,"comment_status":"open","ping_status":"closed","template":"","meta":{"_acf_changed":false},"product_brand":[],"product_cat":[1565],"product_tag":[],"class_list":{"0":"post-26320","1":"product","2":"type-product","3":"status-publish","5":"product_cat-yok-yok","7":"first","8":"instock","9":"taxable","10":"shipping-taxable","11":"purchasable","12":"product-type-simple","13":"add-to-wishlist-after_add_to_cart"},"acf":[],"_links":{"self":[{"href":"https:\/\/www.makitamarket.com.tr\/site\/wp-json\/wp\/v2\/product\/26320","targetHints":{"allow":["GET"]}}],"collection":[{"href":"https:\/\/www.makitamarket.com.tr\/site\/wp-json\/wp\/v2\/product"}],"about":[{"href":"https:\/\/www.makitamarket.com.tr\/site\/wp-json\/wp\/v2\/types\/product"}],"replies":[{"embeddable":true,"href":"https:\/\/www.makitamarket.com.tr\/site\/wp-json\/wp\/v2\/comments?post=26320"}],"wp:attachment":[{"href":"https:\/\/www.makitamarket.com.tr\/site\/wp-json\/wp\/v2\/media?parent=26320"}],"wp:term":[{"taxonomy":"product_brand","embeddable":true,"href":"https:\/\/www.makitamarket.com.tr\/site\/wp-json\/wp\/v2\/product_brand?post=26320"},{"taxonomy":"product_cat","embeddable":true,"href":"https:\/\/www.makitamarket.com.tr\/site\/wp-json\/wp\/v2\/product_cat?post=26320"},{"taxonomy":"product_tag","embeddable":true,"href":"https:\/\/www.makitamarket.com.tr\/site\/wp-json\/wp\/v2\/product_tag?post=26320"}],"curies":[{"name":"wp","href":"https:\/\/api.w.org\/{rel}","templated":true}]}}