{"id":26321,"date":"2026-04-06T18:36:54","date_gmt":"2026-04-06T15:36:54","guid":{"rendered":"https:\/\/www.makitamarket.com.tr\/site\/urun\/uni-t-ut123-dijital-mini-multimetre\/"},"modified":"2026-04-14T00:00:44","modified_gmt":"2026-04-13T21:00:44","slug":"uni-t-ut123-dijital-mini-multimetre","status":"publish","type":"product","link":"https:\/\/www.makitamarket.com.tr\/site\/urun\/uni-t-ut123-dijital-mini-multimetre\/","title":{"rendered":"Uni-t UT123 Dijital Mini Multimetre"},"content":{"rendered":"<table>\n<tr>\n<td>Ekran<\/td>\n<td>44x26mm EBTN LED<\/td>\n<\/tr>\n<tr>\n<td>Veri tutma<\/td>\n<td>\u221a<\/td>\n<\/tr>\n<tr>\n<td>Dc Voltaj<\/td>\n<td>4V\/40V\/400V\/600V \u00b1(0.5%+2)<\/td>\n<\/tr>\n<tr>\n<td>True RMS<\/td>\n<td>\u221a<\/td>\n<\/tr>\n<tr>\n<td>G\u00f6sterge<\/td>\n<td>\u221a<\/td>\n<\/tr>\n<tr>\n<td>Otomatik Kapanma<\/td>\n<td>\u221a<\/td>\n<\/tr>\n<tr>\n<td>Batarya<\/td>\n<td>1.5V x2 Pil<\/td>\n<\/tr>\n<tr>\n<td>\u00dcr\u00fcn A\u011f\u0131rl\u0131\u011f\u0131<\/td>\n<td>130g<\/td>\n<\/tr>\n<tr>\n<td>Sesli ve LED G\u00f6stergesi<\/td>\n<td>\u221a<\/td>\n<\/tr>\n<tr>\n<td>\u00dcr\u00fcn Boyutu<\/td>\n<td>130g \u00dcr\u00fcn Boyutu 130x65x28mm<\/td>\n<\/tr>\n<tr>\n<td>S\u00fcreklilik uyar\u0131s\u0131<\/td>\n<td>\u221a<\/td>\n<\/tr>\n<tr>\n<td>G\u00f6r\u00fcnt\u00fcleme Say\u0131s\u0131<\/td>\n<td>4000<\/td>\n<\/tr>\n<tr>\n<td>S\u0131cakl\u0131k<\/td>\n<td>-40 \u00b0C~300\u00b0C \u00b1(1%+5)<\/td>\n<\/tr>\n<tr>\n<td>Diren\u00e7 (\u2126)<\/td>\n<td>400\u03a9\/4k\u03a9\/40k\u03a9 400k\u03a9\/4M\u03a9\/20M\u03a9 \u00b1(0.8%+2)<\/td>\n<\/tr>\n<tr>\n<td>AC Voltaj<\/td>\n<td>4V\/40V\/400V\/600V \u00b1(1%+3)<\/td>\n<\/tr>\n<tr>\n<td>Temass\u0131z voltaj testi<\/td>\n<td>\u221a<\/td>\n<\/tr>\n<tr>\n<td>Aral\u0131k<\/td>\n<td>Otomatik aral\u0131k \u221a<\/td>\n<\/tr>\n<tr>\n<td>Y\u00fcksek voltaj korumas\u0131<\/td>\n<td>\u221a<\/td>\n<\/tr>\n<\/table>\n","protected":false},"excerpt":{"rendered":"<p>Ekran 44x26mm EBTN LED Veri tutma \u221a Dc Voltaj 4V\/40V\/400V\/600V \u00b1(0.5%+2) True RMS \u221a G\u00f6sterge \u221a Otomatik Kapanma \u221a Batarya 1.5V x2 Pil \u00dcr\u00fcn A\u011f\u0131rl\u0131\u011f\u0131 130g Sesli ve LED G\u00f6stergesi<\/p>\n","protected":false},"featured_media":0,"comment_status":"open","ping_status":"closed","template":"","meta":{"_acf_changed":false},"product_brand":[1531],"product_cat":[1565],"product_tag":[],"class_list":{"0":"post-26321","1":"product","2":"type-product","3":"status-publish","5":"product_brand-uni-t","6":"product_cat-yok-yok","8":"first","9":"outofstock","10":"taxable","11":"shipping-taxable","12":"purchasable","13":"product-type-simple","14":"add-to-wishlist-after_add_to_cart"},"acf":[],"_links":{"self":[{"href":"https:\/\/www.makitamarket.com.tr\/site\/wp-json\/wp\/v2\/product\/26321","targetHints":{"allow":["GET"]}}],"collection":[{"href":"https:\/\/www.makitamarket.com.tr\/site\/wp-json\/wp\/v2\/product"}],"about":[{"href":"https:\/\/www.makitamarket.com.tr\/site\/wp-json\/wp\/v2\/types\/product"}],"replies":[{"embeddable":true,"href":"https:\/\/www.makitamarket.com.tr\/site\/wp-json\/wp\/v2\/comments?post=26321"}],"wp:attachment":[{"href":"https:\/\/www.makitamarket.com.tr\/site\/wp-json\/wp\/v2\/media?parent=26321"}],"wp:term":[{"taxonomy":"product_brand","embeddable":true,"href":"https:\/\/www.makitamarket.com.tr\/site\/wp-json\/wp\/v2\/product_brand?post=26321"},{"taxonomy":"product_cat","embeddable":true,"href":"https:\/\/www.makitamarket.com.tr\/site\/wp-json\/wp\/v2\/product_cat?post=26321"},{"taxonomy":"product_tag","embeddable":true,"href":"https:\/\/www.makitamarket.com.tr\/site\/wp-json\/wp\/v2\/product_tag?post=26321"}],"curies":[{"name":"wp","href":"https:\/\/api.w.org\/{rel}","templated":true}]}}