{"id":26322,"date":"2026-04-06T18:36:56","date_gmt":"2026-04-06T15:36:56","guid":{"rendered":"https:\/\/www.makitamarket.com.tr\/site\/urun\/uni-t-ut161d-true-rms-dijital-multimetre\/"},"modified":"2026-04-06T18:36:56","modified_gmt":"2026-04-06T15:36:56","slug":"uni-t-ut161d-true-rms-dijital-multimetre","status":"publish","type":"product","link":"https:\/\/www.makitamarket.com.tr\/site\/urun\/uni-t-ut161d-true-rms-dijital-multimetre\/","title":{"rendered":"Uni-t UT161D True RMS Dijital Multimetre"},"content":{"rendered":"<table>\n<tr>\n<td>Dc Voltaj<\/td>\n<td>1000V \u00b1(0.5%+1)<\/td>\n<\/tr>\n<tr>\n<td>Diren\u00e7 (\u2126)<\/td>\n<td>40M\u03a9, 60M\u03a9 \u00b1(1%+2), 220M\u03a9<\/td>\n<\/tr>\n<tr>\n<td>Hava S\u0131cakl\u0131\u011f\u0131<\/td>\n<td>-40\u00b0C~1000\u00b0C -40\u00b0F~1832\u00b0F<\/td>\n<\/tr>\n<tr>\n<td>DC Ak\u0131m<\/td>\n<td>10 A \u00b1 (%1+3)<\/td>\n<\/tr>\n<tr>\n<td>G\u00fc\u00e7<\/td>\n<td>9V pil (6F22)<\/td>\n<\/tr>\n<tr>\n<td>Renk<\/td>\n<td>K\u0131rm\u0131z\u0131 ve Gri<\/td>\n<\/tr>\n<tr>\n<td>Kapasitans<\/td>\n<td>4000\u03bcF \u00b1(3+5) 220mF<\/td>\n<\/tr>\n<tr>\n<td>AC Ak\u0131m<\/td>\n<td>10 A \u00b1(1.2%+5)<\/td>\n<\/tr>\n<tr>\n<td>Bant Geni\u015fli\u011fi (Hz)<\/td>\n<td>45Hz~3kHz<\/td>\n<\/tr>\n<tr>\n<td>G\u00fcvenlik derecesi<\/td>\n<td>CAT III 1000V\/CAT IV 600V<\/td>\n<\/tr>\n<tr>\n<td>Ekran<\/td>\n<td>65&#215;43 mm<\/td>\n<\/tr>\n<tr>\n<td>Net A\u011f\u0131rl\u0131k<\/td>\n<td>K\u0131rm\u0131z\u0131 ve Gri Net A\u011f\u0131rl\u0131k 370 gr<\/td>\n<\/tr>\n<tr>\n<td>AC Voltaj<\/td>\n<td>750V \u00b1(1%+3)<\/td>\n<\/tr>\n<tr>\n<td>G\u00f6rev D\u00f6ng\u00fcs\u00fc<\/td>\n<td>%0.1~99.9<\/td>\n<\/tr>\n<tr>\n<td>G\u00fcvenlik sertifikas\u0131<\/td>\n<td>CE\/RoHS\/cETLus<\/td>\n<\/tr>\n<tr>\n<td>Ebatlar<\/td>\n<td>180x87x47 mm<\/td>\n<\/tr>\n<tr>\n<td>Frekans<\/td>\n<td>10Hz~10MHz \u00b1(0.1%+4) 10Hz~220MHz<\/td>\n<\/tr>\n<tr>\n<td>G\u00f6r\u00fcnt\u00fcleme Say\u0131s\u0131<\/td>\n<td>6000<\/td>\n<\/tr>\n<\/table>\n","protected":false},"excerpt":{"rendered":"<p>Dc Voltaj 1000V \u00b1(0.5%+1) Diren\u00e7 (\u2126) 40M\u03a9, 60M\u03a9 \u00b1(1%+2), 220M\u03a9 Hava S\u0131cakl\u0131\u011f\u0131 -40\u00b0C~1000\u00b0C -40\u00b0F~1832\u00b0F DC Ak\u0131m 10 A \u00b1 (%1+3) G\u00fc\u00e7 9V pil (6F22) Renk K\u0131rm\u0131z\u0131 ve Gri Kapasitans 4000\u03bcF<\/p>\n","protected":false},"featured_media":0,"comment_status":"open","ping_status":"closed","template":"","meta":{"_acf_changed":false},"product_brand":[],"product_cat":[1565],"product_tag":[],"class_list":{"0":"post-26322","1":"product","2":"type-product","3":"status-publish","5":"product_cat-yok-yok","7":"first","8":"instock","9":"taxable","10":"shipping-taxable","11":"purchasable","12":"product-type-simple","13":"add-to-wishlist-after_add_to_cart"},"acf":[],"_links":{"self":[{"href":"https:\/\/www.makitamarket.com.tr\/site\/wp-json\/wp\/v2\/product\/26322","targetHints":{"allow":["GET"]}}],"collection":[{"href":"https:\/\/www.makitamarket.com.tr\/site\/wp-json\/wp\/v2\/product"}],"about":[{"href":"https:\/\/www.makitamarket.com.tr\/site\/wp-json\/wp\/v2\/types\/product"}],"replies":[{"embeddable":true,"href":"https:\/\/www.makitamarket.com.tr\/site\/wp-json\/wp\/v2\/comments?post=26322"}],"wp:attachment":[{"href":"https:\/\/www.makitamarket.com.tr\/site\/wp-json\/wp\/v2\/media?parent=26322"}],"wp:term":[{"taxonomy":"product_brand","embeddable":true,"href":"https:\/\/www.makitamarket.com.tr\/site\/wp-json\/wp\/v2\/product_brand?post=26322"},{"taxonomy":"product_cat","embeddable":true,"href":"https:\/\/www.makitamarket.com.tr\/site\/wp-json\/wp\/v2\/product_cat?post=26322"},{"taxonomy":"product_tag","embeddable":true,"href":"https:\/\/www.makitamarket.com.tr\/site\/wp-json\/wp\/v2\/product_tag?post=26322"}],"curies":[{"name":"wp","href":"https:\/\/api.w.org\/{rel}","templated":true}]}}