{"id":26323,"date":"2026-04-06T18:36:57","date_gmt":"2026-04-06T15:36:57","guid":{"rendered":"https:\/\/www.makitamarket.com.tr\/site\/urun\/uni-t-ut196-dc-solar-1700v-true-rms-profesyonel-multimetre\/"},"modified":"2026-04-14T00:00:46","modified_gmt":"2026-04-13T21:00:46","slug":"uni-t-ut196-dc-solar-1700v-true-rms-profesyonel-multimetre","status":"publish","type":"product","link":"https:\/\/www.makitamarket.com.tr\/site\/urun\/uni-t-ut196-dc-solar-1700v-true-rms-profesyonel-multimetre\/","title":{"rendered":"Uni-t UT196 DC SOLAR 1700V True RMS Profesyonel Multimetre"},"content":{"rendered":"<p>AUT196 Ger\u00e7ek RMS g\u00fcne\u015f enerjili dijital multimetre, g\u00fcne\u015f enerjisi sistemi bak\u0131m\u0131 i\u00e7in ideal bir ara\u00e7t\u0131r. Bu sa\u011flam \u00f6l\u00e7\u00fcm cihaz\u0131, zorlu d\u0131\u015f mekan ortamlar\u0131nda \u00e7al\u0131\u015fan teknisyenler i\u00e7in tasarlanm\u0131\u015ft\u0131r. UT196, harici ak\u0131m kelep\u00e7esi sens\u00f6r\u00fc ile 1700V DC ve 1500V AC voltajlar\u0131 ve 3000A AC ak\u0131m\u0131n\u0131 \u00f6l\u00e7ebilir. Bu g\u00fcne\u015f \u00f6l\u00e7er IP65 korumas\u0131 sunar ve 2 metrelik d\u00fc\u015f\u00fc\u015fe de dayanabilir. UT196 g\u00fcne\u015f enerjili dijital multimetre, 1700V DC, 1500Vrms AC a\u015f\u0131r\u0131 y\u00fck korumas\u0131 ile tasarlanm\u0131\u015ft\u0131r ve CAT III 1000V, CAT IV 600V ortamlar\u0131nda g\u00fcvenli kullan\u0131m i\u00e7in test edilmi\u015ftir.<\/p>\n<table>\n<tr>\n<td>Tepe A\u00e7\u0131s\u0131<\/td>\n<td>\u221a<\/td>\n<\/tr>\n<tr>\n<td>Kapasitans<\/td>\n<td>60mF \u00b1(1.9%+5)<\/td>\n<\/tr>\n<tr>\n<td>AC Voltaj<\/td>\n<td>1500V \u00b1(0.8%+3)<\/td>\n<\/tr>\n<tr>\n<td>D\u00fc\u015f\u00fck Pil Uyar\u0131s\u0131<\/td>\n<td>\u221a (<7.5V yakla\u015f\u0131k)<\/td>\n<\/tr>\n<tr>\n<td>G\u00fcvenlik derecesi<\/td>\n<td>CAT III 1000V, CAT IV 600V<\/td>\n<\/tr>\n<tr>\n<td>Boyutlar<\/td>\n<td>195 x 95 x 58mm<\/td>\n<\/tr>\n<tr>\n<td>Filtre<\/td>\n<td>D\u00fc\u015f\u00fck ge\u00e7irgen filtre (LPF) <\/td>\n<\/tr>\n<tr>\n<td>Rezistans<\/td>\n<td>60M\u03a9 \u00b1(0.8%+2)<\/td>\n<\/tr>\n<tr>\n<td>Dc Voltaj<\/td>\n<td>1700V \u00b1(0.2%+5)<\/td>\n<\/tr>\n<tr>\n<td>G\u00fc\u00e7<\/td>\n<td>9V Pil<\/td>\n<\/tr>\n<tr>\n<td>G\u00f6r\u00fcnt\u00fcleme Say\u0131s\u0131<\/td>\n<td>6000<\/td>\n<\/tr>\n<tr>\n<td>S\u00fcreklilik<\/td>\n<td>\u221a<\/td>\n<\/tr>\n<tr>\n<td>Net A\u011f\u0131rl\u0131k<\/td>\n<td>485g<\/td>\n<\/tr>\n<tr>\n<td>Veri tutma<\/td>\n<td>\u221a<\/td>\n<\/tr>\n<tr>\n<td>Frekans<\/td>\n<td>1MHz \u00b1(0.08%+4)<\/td>\n<\/tr>\n<tr>\n<td>Ekran<\/td>\n<td>\u221a<\/td>\n<\/tr>\n<tr>\n<td>Aral\u0131k<\/td>\n<td>Otomatik aral\u0131k<\/td>\n<\/tr>\n<tr>\n<td>True RMS<\/td>\n<td>\u221a<\/td>\n<\/tr>\n<tr>\n<td>D\u00fc\u015fme Testi<\/td>\n<td>2mt<\/td>\n<\/tr>\n<tr>\n<td>Sesli ve LED G\u00f6stergesi<\/td>\n<td>\u221a<\/td>\n<\/tr>\n<tr>\n<td>Ba\u011f\u0131l mod<\/td>\n<td>\u221a<\/td>\n<\/tr>\n<tr>\n<td>Koruma Derecesi<\/td>\n<td>IP65 S\u0131n\u0131f\u0131<\/td>\n<\/tr>\n<tr>\n<td>Tablo \u00f6l\u00e7\u00fcs\u00fc<\/td>\n<td>Analog \u00e7ubuk grafi k \u221a<\/td>\n<\/tr>\n<tr>\n<td>Otomatik Kapanma<\/td>\n<td>\u221a (Yakla\u015f\u0131k 15 dakika)<\/td>\n<\/tr>\n<tr>\n<td>Diyot<\/td>\n<td>\u221a<\/td>\n<\/tr>\n<tr>\n<td>El Feneri \u00d6zelli\u011fi<\/td>\n<td>\u221a<\/td>\n<\/tr>\n<\/table>\n","protected":false},"excerpt":{"rendered":"<p>AUT196 Ger\u00e7ek RMS g\u00fcne\u015f enerjili dijital multimetre, g\u00fcne\u015f enerjisi sistemi bak\u0131m\u0131 i\u00e7in ideal bir ara\u00e7t\u0131r. Bu sa\u011flam \u00f6l\u00e7\u00fcm cihaz\u0131, zorlu d\u0131\u015f mekan ortamlar\u0131nda \u00e7al\u0131\u015fan teknisyenler i\u00e7in tasarlanm\u0131\u015ft\u0131r. UT196, harici ak\u0131m kelep\u00e7esi sens\u00f6r\u00fc ile 1700V DC ve 1500V AC voltajlar\u0131 ve 3000A AC ak\u0131m\u0131n\u0131 \u00f6l\u00e7ebilir. Bu g\u00fcne\u015f \u00f6l\u00e7er IP65 korumas\u0131 sunar ve 2 metrelik d\u00fc\u015f\u00fc\u015fe de dayanabilir. UT196 g\u00fcne\u015f enerjili dijital multimetre, 1700V DC, 1500Vrms AC a\u015f\u0131r\u0131 y\u00fck korumas\u0131 ile tasarlanm\u0131\u015ft\u0131r ve CAT III 1000V, CAT IV 600V ortamlar\u0131nda g\u00fcvenli kullan\u0131m i\u00e7in test edilmi\u015ftir.<\/p>\n","protected":false},"featured_media":0,"comment_status":"open","ping_status":"closed","template":"","meta":{"_acf_changed":false},"product_brand":[1531],"product_cat":[1565],"product_tag":[],"class_list":{"0":"post-26323","1":"product","2":"type-product","3":"status-publish","5":"product_brand-uni-t","6":"product_cat-yok-yok","8":"first","9":"instock","10":"taxable","11":"shipping-taxable","12":"purchasable","13":"product-type-simple","14":"add-to-wishlist-after_add_to_cart"},"acf":[],"_links":{"self":[{"href":"https:\/\/www.makitamarket.com.tr\/site\/wp-json\/wp\/v2\/product\/26323","targetHints":{"allow":["GET"]}}],"collection":[{"href":"https:\/\/www.makitamarket.com.tr\/site\/wp-json\/wp\/v2\/product"}],"about":[{"href":"https:\/\/www.makitamarket.com.tr\/site\/wp-json\/wp\/v2\/types\/product"}],"replies":[{"embeddable":true,"href":"https:\/\/www.makitamarket.com.tr\/site\/wp-json\/wp\/v2\/comments?post=26323"}],"wp:attachment":[{"href":"https:\/\/www.makitamarket.com.tr\/site\/wp-json\/wp\/v2\/media?parent=26323"}],"wp:term":[{"taxonomy":"product_brand","embeddable":true,"href":"https:\/\/www.makitamarket.com.tr\/site\/wp-json\/wp\/v2\/product_brand?post=26323"},{"taxonomy":"product_cat","embeddable":true,"href":"https:\/\/www.makitamarket.com.tr\/site\/wp-json\/wp\/v2\/product_cat?post=26323"},{"taxonomy":"product_tag","embeddable":true,"href":"https:\/\/www.makitamarket.com.tr\/site\/wp-json\/wp\/v2\/product_tag?post=26323"}],"curies":[{"name":"wp","href":"https:\/\/api.w.org\/{rel}","templated":true}]}}