{"id":26325,"date":"2026-04-06T18:37:01","date_gmt":"2026-04-06T15:37:01","guid":{"rendered":"https:\/\/www.makitamarket.com.tr\/site\/urun\/uni-t-ut202a-dijital-true-rms-pens-ampermetre\/"},"modified":"2026-04-06T18:37:01","modified_gmt":"2026-04-06T15:37:01","slug":"uni-t-ut202a-dijital-true-rms-pens-ampermetre","status":"publish","type":"product","link":"https:\/\/www.makitamarket.com.tr\/site\/urun\/uni-t-ut202a-dijital-true-rms-pens-ampermetre\/","title":{"rendered":"Uni-t UT202A+ Dijital True RMS Pens Ampermetre"},"content":{"rendered":"<p>Otomatik Aral\u0131k, TrueRMS, NCV, Canl\u0131 Tel Testi, Devaml\u0131l\u0131k Testi, Diyot Testi, Maks\/Min, G\u00f6reli Mod, Veri Tutma, D\u00fc\u015f\u00fck Pil Uyar\u0131s\u0131, Otomatik Kapanma<\/p>\n<table>\n<tr>\n<td>\u00c7ene A\u00e7\u0131l\u0131m\u0131<\/td>\n<td>28mm<\/td>\n<\/tr>\n<tr>\n<td>Dc Voltaj<\/td>\n<td>600V \u00b1(0.5%+2)<\/td>\n<\/tr>\n<tr>\n<td>Kapasitans<\/td>\n<td>60mF \u00b1(4%+5)<\/td>\n<\/tr>\n<tr>\n<td>AC Ak\u0131m Frekans Yan\u0131t\u0131<\/td>\n<td>50Hz ~ 100Hz \u00b1(1%+5)<\/td>\n<\/tr>\n<tr>\n<td>AC Voltaj Frekans Yan\u0131t\u0131<\/td>\n<td>10Hz ~ 10KHz \u00b1(1%+5)<\/td>\n<\/tr>\n<tr>\n<td>\u00d6l\u00e7\u00fcler<\/td>\n<td>215 x 63 x 36mm<\/td>\n<\/tr>\n<tr>\n<td>AC Ak\u0131m<\/td>\n<td>600A \u00b1(2%+10)<\/td>\n<\/tr>\n<tr>\n<td>A\u011f\u0131rl\u0131k<\/td>\n<td>248g<\/td>\n<\/tr>\n<tr>\n<td>Frekans<\/td>\n<td>10Hz ~ 10MHz \u00b1(0.1%+4)<\/td>\n<\/tr>\n<tr>\n<td>G\u00fc\u00e7<\/td>\n<td>1.5V Pil (R03) x 2<\/td>\n<\/tr>\n<tr>\n<td>AC Voltaj<\/td>\n<td>600V \u00b1(0.8%+5)<\/td>\n<\/tr>\n<tr>\n<td>Aksesuar<\/td>\n<td>Piller, Test U\u00e7lar\u0131, K\u0131lavuz<\/td>\n<\/tr>\n<tr>\n<td>Diren\u00e7 (\u2126)<\/td>\n<td>60M\u03a9 \u00b1(0.8%+2)<\/td>\n<\/tr>\n<tr>\n<td>Ekran \u00d6l\u00e7\u00fcs\u00fc<\/td>\n<td>37 x 25mm<\/td>\n<\/tr>\n<tr>\n<td>Ekran<\/td>\n<td>6000<\/td>\n<\/tr>\n<\/table>\n","protected":false},"excerpt":{"rendered":"<p>Otomatik Aral\u0131k, TrueRMS, NCV, Canl\u0131 Tel Testi, Devaml\u0131l\u0131k Testi, Diyot Testi, Maks\/Min, G\u00f6reli Mod, Veri Tutma, D\u00fc\u015f\u00fck Pil Uyar\u0131s\u0131, Otomatik Kapanma<\/p>\n","protected":false},"featured_media":0,"comment_status":"open","ping_status":"closed","template":"","meta":{"_acf_changed":false},"product_brand":[],"product_cat":[1565],"product_tag":[],"class_list":{"0":"post-26325","1":"product","2":"type-product","3":"status-publish","5":"product_cat-yok-yok","7":"first","8":"instock","9":"taxable","10":"shipping-taxable","11":"purchasable","12":"product-type-simple","13":"add-to-wishlist-after_add_to_cart"},"acf":[],"_links":{"self":[{"href":"https:\/\/www.makitamarket.com.tr\/site\/wp-json\/wp\/v2\/product\/26325","targetHints":{"allow":["GET"]}}],"collection":[{"href":"https:\/\/www.makitamarket.com.tr\/site\/wp-json\/wp\/v2\/product"}],"about":[{"href":"https:\/\/www.makitamarket.com.tr\/site\/wp-json\/wp\/v2\/types\/product"}],"replies":[{"embeddable":true,"href":"https:\/\/www.makitamarket.com.tr\/site\/wp-json\/wp\/v2\/comments?post=26325"}],"wp:attachment":[{"href":"https:\/\/www.makitamarket.com.tr\/site\/wp-json\/wp\/v2\/media?parent=26325"}],"wp:term":[{"taxonomy":"product_brand","embeddable":true,"href":"https:\/\/www.makitamarket.com.tr\/site\/wp-json\/wp\/v2\/product_brand?post=26325"},{"taxonomy":"product_cat","embeddable":true,"href":"https:\/\/www.makitamarket.com.tr\/site\/wp-json\/wp\/v2\/product_cat?post=26325"},{"taxonomy":"product_tag","embeddable":true,"href":"https:\/\/www.makitamarket.com.tr\/site\/wp-json\/wp\/v2\/product_tag?post=26325"}],"curies":[{"name":"wp","href":"https:\/\/api.w.org\/{rel}","templated":true}]}}