{"id":26326,"date":"2026-04-06T18:37:02","date_gmt":"2026-04-06T15:37:02","guid":{"rendered":"https:\/\/www.makitamarket.com.tr\/site\/urun\/uni-t-ut202bt-dijital-bluetooth-baglantili-true-rms-pens-ampermetre\/"},"modified":"2026-04-21T05:26:23","modified_gmt":"2026-04-21T02:26:23","slug":"uni-t-ut202bt-dijital-bluetooth-baglantili-true-rms-pens-ampermetre","status":"publish","type":"product","link":"https:\/\/www.makitamarket.com.tr\/site\/urun\/uni-t-ut202bt-dijital-bluetooth-baglantili-true-rms-pens-ampermetre\/","title":{"rendered":"Uni-t UT202BT Dijital Bluetooth Ba\u011flant\u0131l\u0131 True RMS Pens Ampermetre"},"content":{"rendered":"<p>Otomatik Aral\u0131k, TrueRMS, NCV, Canl\u0131 Tel Testi, Devaml\u0131l\u0131k Testi, Diyot Testi, Maks\/Min, G\u00f6reli Mod, Veri Tutma, D\u00fc\u015f\u00fck Pil Uyar\u0131s\u0131, Otomatik Kapanma, Parlak arka I\u015f\u0131k\/El Feneri, \u00c7ift Ekran, S\u00fcreklilik, P\u0130K tutma, Al\u00e7ak ge\u00e7i\u015f filtresi, Ani ak\u0131m, Sesli g\u00f6rsel g\u00f6sterge<\/p>\n<table>\n<tr>\n<td>AC Voltaj<\/td>\n<td>600V \u00b1(0.8%+3)<\/td>\n<\/tr>\n<tr>\n<td>A\u011f\u0131rl\u0131k<\/td>\n<td>251g<\/td>\n<\/tr>\n<tr>\n<td>\u00c7ene A\u00e7\u0131l\u0131m\u0131<\/td>\n<td>28mm<\/td>\n<\/tr>\n<tr>\n<td>Aksesuar<\/td>\n<td>Piller, Test U\u00e7lar\u0131, S\u0131cakl\u0131k Probu<\/td>\n<\/tr>\n<tr>\n<td>G\u00fc\u00e7<\/td>\n<td>1.5V Pil (AAA) x 2<\/td>\n<\/tr>\n<tr>\n<td>AC Ak\u0131m<\/td>\n<td>600A \u00b1(2.5%+5)<\/td>\n<\/tr>\n<tr>\n<td>Bluetooth aray\u00fcz<\/td>\n<td>\u221a<\/td>\n<\/tr>\n<tr>\n<td>Diren\u00e7 (\u2126)<\/td>\n<td>100M\u03a9 \u00b1(0.8%+3)<\/td>\n<\/tr>\n<tr>\n<td>Dc Voltaj<\/td>\n<td>600V \u00b1(0.5%+3)<\/td>\n<\/tr>\n<tr>\n<td>D\u00fc\u015f\u00fck Pil Uyar\u0131s\u0131<\/td>\n<td>\u221a (<2.4V yakla\u015f\u0131k olarak)<\/td>\n<\/tr>\n<tr>\n<td>Frekans<\/td>\n<td>40Hz ~ 1000Hz \u00b1(1.0%+5)<\/td>\n<\/tr>\n<tr>\n<td>\u00d6l\u00e7\u00fcler<\/td>\n<td>201.5 x 47 x 28mm<\/td>\n<\/tr>\n<tr>\n<td>Otomatik Kapanma<\/td>\n<td>\u221a (yakla\u015f\u0131k 15dk)<\/td>\n<\/tr>\n<tr>\n<td>Kapasitans<\/td>\n<td>100mF \u00b1(4%+5)<\/td>\n<\/tr>\n<tr>\n<td>Ekran<\/td>\n<td>9999<\/td>\n<\/tr>\n<\/table>\n","protected":false},"excerpt":{"rendered":"<p>Otomatik Aral\u0131k, TrueRMS, NCV, Canl\u0131 Tel Testi, Devaml\u0131l\u0131k Testi, Diyot Testi, Maks\/Min, G\u00f6reli Mod, Veri Tutma, D\u00fc\u015f\u00fck Pil Uyar\u0131s\u0131, Otomatik Kapanma, Parlak arka I\u015f\u0131k\/El Feneri, \u00c7ift Ekran, S\u00fcreklilik, P\u0130K tutma, Al\u00e7ak ge\u00e7i\u015f filtresi, Ani ak\u0131m, Sesli g\u00f6rsel g\u00f6sterge<\/p>\n","protected":false},"featured_media":0,"comment_status":"open","ping_status":"closed","template":"","meta":{"_acf_changed":false},"product_brand":[1531],"product_cat":[1565],"product_tag":[],"class_list":{"0":"post-26326","1":"product","2":"type-product","3":"status-publish","5":"product_brand-uni-t","6":"product_cat-yok-yok","8":"first","9":"outofstock","10":"taxable","11":"shipping-taxable","12":"purchasable","13":"product-type-simple","14":"add-to-wishlist-after_add_to_cart"},"acf":[],"_links":{"self":[{"href":"https:\/\/www.makitamarket.com.tr\/site\/wp-json\/wp\/v2\/product\/26326","targetHints":{"allow":["GET"]}}],"collection":[{"href":"https:\/\/www.makitamarket.com.tr\/site\/wp-json\/wp\/v2\/product"}],"about":[{"href":"https:\/\/www.makitamarket.com.tr\/site\/wp-json\/wp\/v2\/types\/product"}],"replies":[{"embeddable":true,"href":"https:\/\/www.makitamarket.com.tr\/site\/wp-json\/wp\/v2\/comments?post=26326"}],"wp:attachment":[{"href":"https:\/\/www.makitamarket.com.tr\/site\/wp-json\/wp\/v2\/media?parent=26326"}],"wp:term":[{"taxonomy":"product_brand","embeddable":true,"href":"https:\/\/www.makitamarket.com.tr\/site\/wp-json\/wp\/v2\/product_brand?post=26326"},{"taxonomy":"product_cat","embeddable":true,"href":"https:\/\/www.makitamarket.com.tr\/site\/wp-json\/wp\/v2\/product_cat?post=26326"},{"taxonomy":"product_tag","embeddable":true,"href":"https:\/\/www.makitamarket.com.tr\/site\/wp-json\/wp\/v2\/product_tag?post=26326"}],"curies":[{"name":"wp","href":"https:\/\/api.w.org\/{rel}","templated":true}]}}