{"id":26328,"date":"2026-04-06T18:37:49","date_gmt":"2026-04-06T15:37:49","guid":{"rendered":"https:\/\/www.makitamarket.com.tr\/site\/urun\/uni-t-ut205e-dijital-true-rms-pens-ampermetre\/"},"modified":"2026-04-14T00:00:50","modified_gmt":"2026-04-13T21:00:50","slug":"uni-t-ut205e-dijital-true-rms-pens-ampermetre","status":"publish","type":"product","link":"https:\/\/www.makitamarket.com.tr\/site\/urun\/uni-t-ut205e-dijital-true-rms-pens-ampermetre\/","title":{"rendered":"Uni-t UT205E Dijital True RMS Pens Ampermetre"},"content":{"rendered":"<table>\n<tr>\n<td>\u00dcr\u00fcn Net A\u011f\u0131rl\u0131\u011f\u0131<\/td>\n<td>465g<\/td>\n<\/tr>\n<tr>\n<td>Diren\u00e7 (\u2126)<\/td>\n<td>60M\u03a9 \u00b1(%1+2)<\/td>\n<\/tr>\n<tr>\n<td>G\u00f6r\u00fcnt\u00fcleme alan\u0131<\/td>\n<td>43mm x 45mm<\/td>\n<\/tr>\n<tr>\n<td>Kapasitans<\/td>\n<td>60mF \u00b1(%4+5)<\/td>\n<\/tr>\n<tr>\n<td>Dc Voltaj<\/td>\n<td>1000V \u00b1(%0,5+5)<\/td>\n<\/tr>\n<tr>\n<td>G\u00fc\u00e7<\/td>\n<td>1,5V pil (R03) x 3<\/td>\n<\/tr>\n<tr>\n<td>\u00dcr\u00fcn Boyutu<\/td>\n<td>272 mm x 81 mm x 43,5 mm<\/td>\n<\/tr>\n<tr>\n<td>AC Voltaj Frekans Yan\u0131t\u0131<\/td>\n<td>40Hz~400Hz<\/td>\n<\/tr>\n<tr>\n<td>DC Ak\u0131m<\/td>\n<td>frekans yan\u0131t\u0131 50Hz~60Hz<\/td>\n<\/tr>\n<tr>\n<td>AC Voltaj (V)<\/td>\n<td>1000V \u00b1(%1,2+3)<\/td>\n<\/tr>\n<tr>\n<td>\u00c7ene A\u00e7\u0131l\u0131m\u0131<\/td>\n<td>42mm<\/td>\n<\/tr>\n<tr>\n<td>AC Ak\u0131m (A)<\/td>\n<td>1000A \u00b1(2%+5)<\/td>\n<\/tr>\n<tr>\n<td>Ekran \u00d6l\u00e7\u00fcs\u00fc<\/td>\n<td>6000<\/td>\n<\/tr>\n<tr>\n<td>Gerilim<\/td>\n<td>10Hz~1MHz \u00b1(%0,1+3)<\/td>\n<\/tr>\n<tr>\n<td>G\u00f6rev D\u00f6ng\u00fcs\u00fc<\/td>\n<td>%10~%90 \u00b1(%2,6+7)<\/td>\n<\/tr>\n<\/table>\n","protected":false},"excerpt":{"rendered":"<p>\u00dcr\u00fcn Net A\u011f\u0131rl\u0131\u011f\u0131 465g Diren\u00e7 (\u2126) 60M\u03a9 \u00b1(%1+2) G\u00f6r\u00fcnt\u00fcleme alan\u0131 43mm x 45mm Kapasitans 60mF \u00b1(%4+5) Dc Voltaj 1000V \u00b1(%0,5+5) G\u00fc\u00e7 1,5V pil (R03) x 3 \u00dcr\u00fcn Boyutu 272 mm<\/p>\n","protected":false},"featured_media":0,"comment_status":"open","ping_status":"closed","template":"","meta":{"_acf_changed":false},"product_brand":[1531],"product_cat":[1565],"product_tag":[],"class_list":{"0":"post-26328","1":"product","2":"type-product","3":"status-publish","5":"product_brand-uni-t","6":"product_cat-yok-yok","8":"first","9":"instock","10":"taxable","11":"shipping-taxable","12":"purchasable","13":"product-type-simple","14":"add-to-wishlist-after_add_to_cart"},"acf":[],"_links":{"self":[{"href":"https:\/\/www.makitamarket.com.tr\/site\/wp-json\/wp\/v2\/product\/26328","targetHints":{"allow":["GET"]}}],"collection":[{"href":"https:\/\/www.makitamarket.com.tr\/site\/wp-json\/wp\/v2\/product"}],"about":[{"href":"https:\/\/www.makitamarket.com.tr\/site\/wp-json\/wp\/v2\/types\/product"}],"replies":[{"embeddable":true,"href":"https:\/\/www.makitamarket.com.tr\/site\/wp-json\/wp\/v2\/comments?post=26328"}],"wp:attachment":[{"href":"https:\/\/www.makitamarket.com.tr\/site\/wp-json\/wp\/v2\/media?parent=26328"}],"wp:term":[{"taxonomy":"product_brand","embeddable":true,"href":"https:\/\/www.makitamarket.com.tr\/site\/wp-json\/wp\/v2\/product_brand?post=26328"},{"taxonomy":"product_cat","embeddable":true,"href":"https:\/\/www.makitamarket.com.tr\/site\/wp-json\/wp\/v2\/product_cat?post=26328"},{"taxonomy":"product_tag","embeddable":true,"href":"https:\/\/www.makitamarket.com.tr\/site\/wp-json\/wp\/v2\/product_tag?post=26328"}],"curies":[{"name":"wp","href":"https:\/\/api.w.org\/{rel}","templated":true}]}}