{"id":26329,"date":"2026-04-06T18:37:50","date_gmt":"2026-04-06T15:37:50","guid":{"rendered":"https:\/\/www.makitamarket.com.tr\/site\/urun\/uni-t-sheut105-otomobil-dijital-multimetre\/"},"modified":"2026-04-06T18:37:50","modified_gmt":"2026-04-06T15:37:50","slug":"uni-t-sheut105-otomobil-dijital-multimetre","status":"publish","type":"product","link":"https:\/\/www.makitamarket.com.tr\/site\/urun\/uni-t-sheut105-otomobil-dijital-multimetre\/","title":{"rendered":"Uni-t SHEUT105 Otomobil Dijital Multimetre"},"content":{"rendered":"<p>\u2022 UT105, otomobiller i\u00e7in \u00f6zel olarak tasarlanm\u0131\u015ft\u0131r.<\/p>\n<p>\u2022 RPM, 46DWELL (kam a\u00e7\u0131s\u0131) ve di\u011fer multimetre i\u015flevlerini birle\u015ftirir.<\/p>\n<p>\u2022 UT105, otomobil mekani\u011finin gazla \u00e7al\u0131\u015fan ara\u00e7lar\u0131 ve hibrit elektrikli ara\u00e7lar\u0131 te\u015fhis etmesi<\/p>\n<p>i\u00e7in kullan\u0131\u015fl\u0131d\u0131r.<\/p>\n<p>\u2022 Uygulamalar\u0131 aras\u0131nda sigorta, \u015falter, selenoid, r\u00f6le, \u015farj sistemi, yak\u0131t sistemi,<\/p>\n<p>motor sens\u00f6r\u00fc v.b bulunur.<\/p>\n<table>\n<tr>\n<td>DC Ak\u0131m (A)<\/td>\n<td>200mA\/10A \u00b1(0.8%+5)<\/td>\n<\/tr>\n<tr>\n<td>D\u00fc\u015f\u00fck Pil Uyar\u0131s\u0131<\/td>\n<td>\u221a<\/td>\n<\/tr>\n<tr>\n<td>Giri\u015f Korumas\u0131<\/td>\n<td>\u221a<\/td>\n<\/tr>\n<tr>\n<td>Bo\u015fta Devir (rpm)<\/td>\n<td>4CYL\/6CYL\/8CYL \u00b1(3%+5)<\/td>\n<\/tr>\n<tr>\n<td>A\u011f\u0131rl\u0131k<\/td>\n<td>351g<\/td>\n<\/tr>\n<tr>\n<td>G\u00f6r\u00fcnt\u00fcleme Say\u0131s\u0131<\/td>\n<td>2000<\/td>\n<\/tr>\n<tr>\n<td>Rezistans<\/td>\n<td>200\u03a9\/2k\u03a9\/20k\u03a9 \/200k\u03a9\/2M\u03a9\/20M\u03a9 \u00b1(0.8%+5)<\/td>\n<\/tr>\n<tr>\n<td>S\u00fcreklilik<\/td>\n<td>\u221a<\/td>\n<\/tr>\n<tr>\n<td>Dc Voltaj<\/td>\n<td>200mV\/2V\/20V\/ 200V\/1000V \u00b1(0.5%+5)<\/td>\n<\/tr>\n<tr>\n<td>Diot Test<\/td>\n<td>\u221a<\/td>\n<\/tr>\n<tr>\n<td>G\u00fc\u00e7<\/td>\n<td>9V Pil<\/td>\n<\/tr>\n<tr>\n<td>Veri tutma<\/td>\n<td>\u221a<\/td>\n<\/tr>\n<tr>\n<td>LCD ekran boyutlar\u0131<\/td>\n<td>60 x 51 mm<\/td>\n<\/tr>\n<tr>\n<td>DCV i\u00e7in giri\u015f empedans\u0131<\/td>\n<td>10M\u03a9<\/td>\n<\/tr>\n<tr>\n<td>AC Voltaj<\/td>\n<td>2V\/20V\/200V\/750V \u00b1(0.8%+5)<\/td>\n<\/tr>\n<tr>\n<td>Boyutlar<\/td>\n<td>179 x 88 x 39mm<\/td>\n<\/tr>\n<\/table>\n","protected":false},"excerpt":{"rendered":"<p>\u2022 UT105, otomobiller i\u00e7in \u00f6zel olarak tasarlanm\u0131\u015ft\u0131r.<\/p>\n<p>\u2022 RPM, 46DWELL (kam a\u00e7\u0131s\u0131) ve di\u011fer multimetre i\u015flevlerini birle\u015ftirir.<\/p>\n<p>\u2022 UT105, otomobil mekani\u011finin gazla \u00e7al\u0131\u015fan ara\u00e7lar\u0131 ve hibrit elektrikli ara\u00e7lar\u0131 te\u015fhis etmesi<\/p>\n<p>i\u00e7in kullan\u0131\u015fl\u0131d\u0131r.<\/p>\n<p>\u2022 Uygulamalar\u0131 aras\u0131nda sigorta, \u015falter, selenoid, r\u00f6le, \u015farj sistemi, yak\u0131t sistemi,<\/p>\n<p>motor sens\u00f6r\u00fc v.b bulunur.<\/p>\n","protected":false},"featured_media":0,"comment_status":"open","ping_status":"closed","template":"","meta":{"_acf_changed":false},"product_brand":[],"product_cat":[1565],"product_tag":[],"class_list":{"0":"post-26329","1":"product","2":"type-product","3":"status-publish","5":"product_cat-yok-yok","7":"first","8":"outofstock","9":"taxable","10":"shipping-taxable","11":"purchasable","12":"product-type-simple","13":"add-to-wishlist-after_add_to_cart"},"acf":[],"_links":{"self":[{"href":"https:\/\/www.makitamarket.com.tr\/site\/wp-json\/wp\/v2\/product\/26329","targetHints":{"allow":["GET"]}}],"collection":[{"href":"https:\/\/www.makitamarket.com.tr\/site\/wp-json\/wp\/v2\/product"}],"about":[{"href":"https:\/\/www.makitamarket.com.tr\/site\/wp-json\/wp\/v2\/types\/product"}],"replies":[{"embeddable":true,"href":"https:\/\/www.makitamarket.com.tr\/site\/wp-json\/wp\/v2\/comments?post=26329"}],"wp:attachment":[{"href":"https:\/\/www.makitamarket.com.tr\/site\/wp-json\/wp\/v2\/media?parent=26329"}],"wp:term":[{"taxonomy":"product_brand","embeddable":true,"href":"https:\/\/www.makitamarket.com.tr\/site\/wp-json\/wp\/v2\/product_brand?post=26329"},{"taxonomy":"product_cat","embeddable":true,"href":"https:\/\/www.makitamarket.com.tr\/site\/wp-json\/wp\/v2\/product_cat?post=26329"},{"taxonomy":"product_tag","embeddable":true,"href":"https:\/\/www.makitamarket.com.tr\/site\/wp-json\/wp\/v2\/product_tag?post=26329"}],"curies":[{"name":"wp","href":"https:\/\/api.w.org\/{rel}","templated":true}]}}