{"id":26330,"date":"2026-04-06T18:37:51","date_gmt":"2026-04-06T15:37:51","guid":{"rendered":"https:\/\/www.makitamarket.com.tr\/site\/urun\/uni-t-ut116c-smd-test-cihazi\/"},"modified":"2026-04-14T00:00:42","modified_gmt":"2026-04-13T21:00:42","slug":"uni-t-ut116c-smd-test-cihazi","status":"publish","type":"product","link":"https:\/\/www.makitamarket.com.tr\/site\/urun\/uni-t-ut116c-smd-test-cihazi\/","title":{"rendered":"Uni-t UT116C SMD Test Cihaz\u0131"},"content":{"rendered":"<p>LED, voltaj reg\u00fclat\u00f6r\u00fc, DCV, a\u00e7ma-kapama, ak\u00fc g\u00fcc\u00fc \u00f6l\u00e7\u00fcm fonksiyonu, diren\u00e7, kapasitans, diyot vb. bile\u015fenleri otomatik olarak tan\u0131mlayabilme. SMD direnci, kapasitans, diyot (RCD) parametre \u00f6l\u00e7\u00fcm\u00fc. Elektronik fabrikalar\u0131 ve elektronik bak\u0131m\u0131 i\u00e7in iyi bir yard\u0131mc\u0131d\u0131r.<\/p>\n<table>\n<tr>\n<td>Polarite testi<\/td>\n<td>\u221a<\/td>\n<\/tr>\n<tr>\n<td>Pil<\/td>\n<td>Y\u00fck ak\u0131m\u0131 \u2248 10mA<\/td>\n<\/tr>\n<tr>\n<td>Standart Aksesuarlar<\/td>\n<td>Pil<\/td>\n<\/tr>\n<tr>\n<td>G\u00fc\u00e7<\/td>\n<td>1,5V Pil (R03) x 2<\/td>\n<\/tr>\n<tr>\n<td>Boyutlar<\/td>\n<td>204 x 33 x 25mm<\/td>\n<\/tr>\n<tr>\n<td>Diyot Testi<\/td>\n<td>3.2V<\/td>\n<\/tr>\n<tr>\n<td>A\u011f\u0131rl\u0131k<\/td>\n<td>80g<\/td>\n<\/tr>\n<tr>\n<td>S\u00fcreklilik Testi<\/td>\n<td><50\u03a9<\/td>\n<\/tr>\n<tr>\n<td>Diren\u00e7<\/td>\n<td>60M\u03a9<\/td>\n<\/tr>\n<tr>\n<td>G\u00f6r\u00fcnt\u00fcleme Say\u0131s\u0131<\/td>\n<td>6000<\/td>\n<\/tr>\n<tr>\n<td>Otomatik Kapanma<\/td>\n<td>\u221a<\/td>\n<\/tr>\n<tr>\n<td>Aral\u0131k<\/td>\n<td>\u221a<\/td>\n<\/tr>\n<tr>\n<td>LED<\/td>\n<td>Yakla\u015f\u0131k 21V\/1mA<\/td>\n<\/tr>\n<tr>\n<td>Kapasitans<\/td>\n<td>100mF<\/td>\n<\/tr>\n<tr>\n<td>Dc Voltaj<\/td>\n<td>36V DC<\/td>\n<\/tr>\n<tr>\n<td>Ekran \u00d6l\u00e7\u00fcs\u00fc<\/td>\n<td>39 x 20 mm<\/td>\n<\/tr>\n<\/table>\n","protected":false},"excerpt":{"rendered":"<p>LED, voltaj reg\u00fclat\u00f6r\u00fc, DCV, a\u00e7ma-kapama, ak\u00fc g\u00fcc\u00fc \u00f6l\u00e7\u00fcm fonksiyonu, diren\u00e7, kapasitans, diyot vb. bile\u015fenleri otomatik olarak tan\u0131mlayabilme. SMD direnci, kapasitans, diyot (RCD) parametre \u00f6l\u00e7\u00fcm\u00fc. Elektronik fabrikalar\u0131 ve elektronik bak\u0131m\u0131 i\u00e7in iyi bir yard\u0131mc\u0131d\u0131r.<\/p>\n","protected":false},"featured_media":0,"comment_status":"open","ping_status":"closed","template":"","meta":{"_acf_changed":false},"product_brand":[1531],"product_cat":[1565],"product_tag":[],"class_list":{"0":"post-26330","1":"product","2":"type-product","3":"status-publish","5":"product_brand-uni-t","6":"product_cat-yok-yok","8":"first","9":"instock","10":"taxable","11":"shipping-taxable","12":"purchasable","13":"product-type-simple","14":"add-to-wishlist-after_add_to_cart"},"acf":[],"_links":{"self":[{"href":"https:\/\/www.makitamarket.com.tr\/site\/wp-json\/wp\/v2\/product\/26330","targetHints":{"allow":["GET"]}}],"collection":[{"href":"https:\/\/www.makitamarket.com.tr\/site\/wp-json\/wp\/v2\/product"}],"about":[{"href":"https:\/\/www.makitamarket.com.tr\/site\/wp-json\/wp\/v2\/types\/product"}],"replies":[{"embeddable":true,"href":"https:\/\/www.makitamarket.com.tr\/site\/wp-json\/wp\/v2\/comments?post=26330"}],"wp:attachment":[{"href":"https:\/\/www.makitamarket.com.tr\/site\/wp-json\/wp\/v2\/media?parent=26330"}],"wp:term":[{"taxonomy":"product_brand","embeddable":true,"href":"https:\/\/www.makitamarket.com.tr\/site\/wp-json\/wp\/v2\/product_brand?post=26330"},{"taxonomy":"product_cat","embeddable":true,"href":"https:\/\/www.makitamarket.com.tr\/site\/wp-json\/wp\/v2\/product_cat?post=26330"},{"taxonomy":"product_tag","embeddable":true,"href":"https:\/\/www.makitamarket.com.tr\/site\/wp-json\/wp\/v2\/product_tag?post=26330"}],"curies":[{"name":"wp","href":"https:\/\/api.w.org\/{rel}","templated":true}]}}