{"id":26333,"date":"2026-04-06T18:37:55","date_gmt":"2026-04-06T15:37:55","guid":{"rendered":"https:\/\/www.makitamarket.com.tr\/site\/urun\/uni-t-lm570r-i-kirmizi-cizgi-lazer-hizalama\/"},"modified":"2026-04-14T00:01:34","modified_gmt":"2026-04-13T21:01:34","slug":"uni-t-lm570r-i-kirmizi-cizgi-lazer-hizalama","status":"publish","type":"product","link":"https:\/\/www.makitamarket.com.tr\/site\/urun\/uni-t-lm570r-i-kirmizi-cizgi-lazer-hizalama\/","title":{"rendered":"Uni-t LM570R-I K\u0131rm\u0131z\u0131 \u00c7izgi Lazer Hizalama"},"content":{"rendered":"<table>\n<tr>\n<td>Boyutlar<\/td>\n<td>59 x 28 x 137mm<\/td>\n<\/tr>\n<tr>\n<td>Renk<\/td>\n<td>K\u0131rm\u0131z\u0131<\/td>\n<\/tr>\n<tr>\n<td>G\u00fc\u00e7<\/td>\n<td>2V Pil x AA<\/td>\n<\/tr>\n<tr>\n<td>A\u00e7\u0131 De\u011feri<\/td>\n<td>Geni\u015fletilmi\u015f A\u00e7\u0131 110\u00b0<\/td>\n<\/tr>\n<tr>\n<td>Terazileme Zaman\u0131<\/td>\n<td>3 Saniye<\/td>\n<\/tr>\n<tr>\n<td>Hassasiyet<\/td>\n<td>\u00b13mm\/10m<\/td>\n<\/tr>\n<tr>\n<td>Paket \u0130\u00e7eri\u011fi<\/td>\n<td>Ta\u015f\u0131ma \u00e7antas\u0131, USB Kablosu<\/td>\n<\/tr>\n<tr>\n<td>Montaj Derinli\u011fi (Minimum)<\/td>\n<td>1\/4\u201d<\/td>\n<\/tr>\n<tr>\n<td>\u00c7al\u0131\u015fma Menzili<\/td>\n<td>15-30 metre<\/td>\n<\/tr>\n<tr>\n<td>Lazer Dalga Boyu<\/td>\n<td>635nm<\/td>\n<\/tr>\n<tr>\n<td>Terazileme Aral\u0131\u011f\u0131<\/td>\n<td>3\u00b0(\u00b11\u00b0)<\/td>\n<\/tr>\n<tr>\n<td>Lazer \u00e7\u0131k\u0131\u015f\u0131<\/td>\n<td>Yatay ve Dikey (2 \u00e7izgi)<\/td>\n<\/tr>\n<tr>\n<td>Net A\u011f\u0131rl\u0131k<\/td>\n<td>170g<\/td>\n<\/tr>\n<tr>\n<td>\u00c7al\u0131\u015fma S\u00fcresi<\/td>\n<td>12 saat ve alt\u0131 (T\u00fcm lazerler a\u00e7\u0131k)<\/td>\n<\/tr>\n<\/table>\n","protected":false},"excerpt":{"rendered":"<p>Boyutlar 59 x 28 x 137mm Renk K\u0131rm\u0131z\u0131 G\u00fc\u00e7 2V Pil x AA A\u00e7\u0131 De\u011feri Geni\u015fletilmi\u015f A\u00e7\u0131 110\u00b0 Terazileme Zaman\u0131 3 Saniye Hassasiyet \u00b13mm\/10m Paket \u0130\u00e7eri\u011fi Ta\u015f\u0131ma \u00e7antas\u0131, USB Kablosu<\/p>\n","protected":false},"featured_media":0,"comment_status":"open","ping_status":"closed","template":"","meta":{"_acf_changed":false},"product_brand":[1531],"product_cat":[1565],"product_tag":[],"class_list":{"0":"post-26333","1":"product","2":"type-product","3":"status-publish","5":"product_brand-uni-t","6":"product_cat-yok-yok","8":"first","9":"instock","10":"taxable","11":"shipping-taxable","12":"purchasable","13":"product-type-simple","14":"add-to-wishlist-after_add_to_cart"},"acf":[],"_links":{"self":[{"href":"https:\/\/www.makitamarket.com.tr\/site\/wp-json\/wp\/v2\/product\/26333","targetHints":{"allow":["GET"]}}],"collection":[{"href":"https:\/\/www.makitamarket.com.tr\/site\/wp-json\/wp\/v2\/product"}],"about":[{"href":"https:\/\/www.makitamarket.com.tr\/site\/wp-json\/wp\/v2\/types\/product"}],"replies":[{"embeddable":true,"href":"https:\/\/www.makitamarket.com.tr\/site\/wp-json\/wp\/v2\/comments?post=26333"}],"wp:attachment":[{"href":"https:\/\/www.makitamarket.com.tr\/site\/wp-json\/wp\/v2\/media?parent=26333"}],"wp:term":[{"taxonomy":"product_brand","embeddable":true,"href":"https:\/\/www.makitamarket.com.tr\/site\/wp-json\/wp\/v2\/product_brand?post=26333"},{"taxonomy":"product_cat","embeddable":true,"href":"https:\/\/www.makitamarket.com.tr\/site\/wp-json\/wp\/v2\/product_cat?post=26333"},{"taxonomy":"product_tag","embeddable":true,"href":"https:\/\/www.makitamarket.com.tr\/site\/wp-json\/wp\/v2\/product_tag?post=26333"}],"curies":[{"name":"wp","href":"https:\/\/api.w.org\/{rel}","templated":true}]}}