{"id":26335,"date":"2026-04-06T18:37:56","date_gmt":"2026-04-06T15:37:56","guid":{"rendered":"https:\/\/www.makitamarket.com.tr\/site\/urun\/uni-t-lm576ld-yesil-cizgi-lazer-hizalama\/"},"modified":"2026-04-14T00:01:35","modified_gmt":"2026-04-13T21:01:35","slug":"uni-t-lm576ld-yesil-cizgi-lazer-hizalama","status":"publish","type":"product","link":"https:\/\/www.makitamarket.com.tr\/site\/urun\/uni-t-lm576ld-yesil-cizgi-lazer-hizalama\/","title":{"rendered":"Uni-t LM576LD Ye\u015fil \u00c7izgi Lazer Hizalama"},"content":{"rendered":"<table>\n<tr>\n<td>\u00c7al\u0131\u015fma S\u00fcresi<\/td>\n<td>4 saat<\/td>\n<\/tr>\n<tr>\n<td>\u00c7al\u0131\u015fma Menzili<\/td>\n<td>30 metre<\/td>\n<\/tr>\n<tr>\n<td>Terazileme Zaman\u0131<\/td>\n<td>3 Saniye\u2019den az<\/td>\n<\/tr>\n<tr>\n<td>Terazileme Aral\u0131\u011f\u0131<\/td>\n<td>\u00b13\u00b0<\/td>\n<\/tr>\n<tr>\n<td>Boyutlar<\/td>\n<td>138 x 89 x 147mm<\/td>\n<\/tr>\n<tr>\n<td>Paket \u0130\u00e7eri\u011fi<\/td>\n<td>Ta\u015f\u0131ma \u00e7antas\u0131, Braket USB Kablosu (Type-C)<\/td>\n<\/tr>\n<tr>\n<td>\u00c7al\u0131\u015fma Tipi<\/td>\n<td>D\u0131\u015f Mek\u00e2n \u00c7al\u0131\u015fma Modu \u221a<\/td>\n<\/tr>\n<tr>\n<td>Renk<\/td>\n<td>Osram Ye\u015fil LD<\/td>\n<\/tr>\n<tr>\n<td>Net A\u011f\u0131rl\u0131k<\/td>\n<td>653g<\/td>\n<\/tr>\n<tr>\n<td>Lazer \u00e7\u0131k\u0131\u015f\u0131<\/td>\n<td>16 \u00c7izgi (3D)<\/td>\n<\/tr>\n<tr>\n<td>Uzaktan Kumanda<\/td>\n<td>\u221a<\/td>\n<\/tr>\n<tr>\n<td>Lazer Dalga Boyu<\/td>\n<td>520 nm<\/td>\n<\/tr>\n<tr>\n<td>Hassasiyet<\/td>\n<td>\u00b13mm\/10metrede<\/td>\n<\/tr>\n<tr>\n<td>G\u00fc\u00e7<\/td>\n<td>3.7V Li-ion Pil 5200mAh<\/td>\n<\/tr>\n<tr>\n<td>Montaj Derinli\u011fi (Minimum)<\/td>\n<td>1\/4\u201d<\/td>\n<\/tr>\n<\/table>\n","protected":false},"excerpt":{"rendered":"<p>\u00c7al\u0131\u015fma S\u00fcresi 4 saat \u00c7al\u0131\u015fma Menzili 30 metre Terazileme Zaman\u0131 3 Saniye\u2019den az Terazileme Aral\u0131\u011f\u0131 \u00b13\u00b0 Boyutlar 138 x 89 x 147mm Paket \u0130\u00e7eri\u011fi Ta\u015f\u0131ma \u00e7antas\u0131, Braket USB Kablosu (Type-C)<\/p>\n","protected":false},"featured_media":0,"comment_status":"open","ping_status":"closed","template":"","meta":{"_acf_changed":false},"product_brand":[1531],"product_cat":[1565],"product_tag":[],"class_list":{"0":"post-26335","1":"product","2":"type-product","3":"status-publish","5":"product_brand-uni-t","6":"product_cat-yok-yok","8":"first","9":"outofstock","10":"taxable","11":"shipping-taxable","12":"purchasable","13":"product-type-simple","14":"add-to-wishlist-after_add_to_cart"},"acf":[],"_links":{"self":[{"href":"https:\/\/www.makitamarket.com.tr\/site\/wp-json\/wp\/v2\/product\/26335","targetHints":{"allow":["GET"]}}],"collection":[{"href":"https:\/\/www.makitamarket.com.tr\/site\/wp-json\/wp\/v2\/product"}],"about":[{"href":"https:\/\/www.makitamarket.com.tr\/site\/wp-json\/wp\/v2\/types\/product"}],"replies":[{"embeddable":true,"href":"https:\/\/www.makitamarket.com.tr\/site\/wp-json\/wp\/v2\/comments?post=26335"}],"wp:attachment":[{"href":"https:\/\/www.makitamarket.com.tr\/site\/wp-json\/wp\/v2\/media?parent=26335"}],"wp:term":[{"taxonomy":"product_brand","embeddable":true,"href":"https:\/\/www.makitamarket.com.tr\/site\/wp-json\/wp\/v2\/product_brand?post=26335"},{"taxonomy":"product_cat","embeddable":true,"href":"https:\/\/www.makitamarket.com.tr\/site\/wp-json\/wp\/v2\/product_cat?post=26335"},{"taxonomy":"product_tag","embeddable":true,"href":"https:\/\/www.makitamarket.com.tr\/site\/wp-json\/wp\/v2\/product_tag?post=26335"}],"curies":[{"name":"wp","href":"https:\/\/api.w.org\/{rel}","templated":true}]}}