{"id":26336,"date":"2026-04-06T18:37:57","date_gmt":"2026-04-06T15:37:57","guid":{"rendered":"https:\/\/www.makitamarket.com.tr\/site\/urun\/uni-t-lm585ld-yesil-cizgi-lazer-hizalama\/"},"modified":"2026-04-06T18:37:57","modified_gmt":"2026-04-06T15:37:57","slug":"uni-t-lm585ld-yesil-cizgi-lazer-hizalama","status":"publish","type":"product","link":"https:\/\/www.makitamarket.com.tr\/site\/urun\/uni-t-lm585ld-yesil-cizgi-lazer-hizalama\/","title":{"rendered":"Uni-t LM585LD Ye\u015fil \u00c7izgi Lazer Hizalama"},"content":{"rendered":"<table>\n<tr>\n<td>Boyutlar<\/td>\n<td>138 x 89 x 136mm<\/td>\n<\/tr>\n<tr>\n<td>Uzaktan Kumanda<\/td>\n<td>\u221a<\/td>\n<\/tr>\n<tr>\n<td>Paket \u0130\u00e7eri\u011fi<\/td>\n<td>Ta\u015f\u0131ma \u00e7antas\u0131, Braket USB Kablosu (Type-C)<\/td>\n<\/tr>\n<tr>\n<td>Net A\u011f\u0131rl\u0131k<\/td>\n<td>591g<\/td>\n<\/tr>\n<tr>\n<td>Lazer Dalga Boyu<\/td>\n<td>520 nm<\/td>\n<\/tr>\n<tr>\n<td>Montaj Derinli\u011fi (Minimum)<\/td>\n<td>1\/4\u201d<\/td>\n<\/tr>\n<tr>\n<td>\u00c7al\u0131\u015fma Tipi<\/td>\n<td>\u221a<\/td>\n<\/tr>\n<tr>\n<td>\u00c7al\u0131\u015fma Menzili<\/td>\n<td>30 metre<\/td>\n<\/tr>\n<tr>\n<td>Hassasiyet<\/td>\n<td>\u00b13mm\/10metrede<\/td>\n<\/tr>\n<tr>\n<td>G\u00fc\u00e7<\/td>\n<td>3.7V Li-ion Pil 5200mAh<\/td>\n<\/tr>\n<tr>\n<td>Renk<\/td>\n<td>Osram Ye\u015fil LD<\/td>\n<\/tr>\n<tr>\n<td>Terazileme Zaman\u0131<\/td>\n<td>3 Saniye\u2019den az<\/td>\n<\/tr>\n<tr>\n<td>Terazileme Aral\u0131\u011f\u0131<\/td>\n<td>\u00b13\u00b0<\/td>\n<\/tr>\n<tr>\n<td>Lazer \u00e7\u0131k\u0131\u015f\u0131<\/td>\n<td>8 \u00c7izgi<\/td>\n<\/tr>\n<tr>\n<td>\u00c7al\u0131\u015fma S\u00fcresi<\/td>\n<td>4 saat<\/td>\n<\/tr>\n<\/table>\n","protected":false},"excerpt":{"rendered":"<p>Boyutlar 138 x 89 x 136mm Uzaktan Kumanda \u221a Paket \u0130\u00e7eri\u011fi Ta\u015f\u0131ma \u00e7antas\u0131, Braket USB Kablosu (Type-C) Net A\u011f\u0131rl\u0131k 591g Lazer Dalga Boyu 520 nm Montaj Derinli\u011fi (Minimum) 1\/4\u201d \u00c7al\u0131\u015fma<\/p>\n","protected":false},"featured_media":0,"comment_status":"open","ping_status":"closed","template":"","meta":{"_acf_changed":false},"product_brand":[],"product_cat":[1565],"product_tag":[],"class_list":{"0":"post-26336","1":"product","2":"type-product","3":"status-publish","5":"product_cat-yok-yok","7":"first","8":"instock","9":"taxable","10":"shipping-taxable","11":"purchasable","12":"product-type-simple","13":"add-to-wishlist-after_add_to_cart"},"acf":[],"_links":{"self":[{"href":"https:\/\/www.makitamarket.com.tr\/site\/wp-json\/wp\/v2\/product\/26336","targetHints":{"allow":["GET"]}}],"collection":[{"href":"https:\/\/www.makitamarket.com.tr\/site\/wp-json\/wp\/v2\/product"}],"about":[{"href":"https:\/\/www.makitamarket.com.tr\/site\/wp-json\/wp\/v2\/types\/product"}],"replies":[{"embeddable":true,"href":"https:\/\/www.makitamarket.com.tr\/site\/wp-json\/wp\/v2\/comments?post=26336"}],"wp:attachment":[{"href":"https:\/\/www.makitamarket.com.tr\/site\/wp-json\/wp\/v2\/media?parent=26336"}],"wp:term":[{"taxonomy":"product_brand","embeddable":true,"href":"https:\/\/www.makitamarket.com.tr\/site\/wp-json\/wp\/v2\/product_brand?post=26336"},{"taxonomy":"product_cat","embeddable":true,"href":"https:\/\/www.makitamarket.com.tr\/site\/wp-json\/wp\/v2\/product_cat?post=26336"},{"taxonomy":"product_tag","embeddable":true,"href":"https:\/\/www.makitamarket.com.tr\/site\/wp-json\/wp\/v2\/product_tag?post=26336"}],"curies":[{"name":"wp","href":"https:\/\/api.w.org\/{rel}","templated":true}]}}