{"id":26337,"date":"2026-04-06T18:37:58","date_gmt":"2026-04-06T15:37:58","guid":{"rendered":"https:\/\/www.makitamarket.com.tr\/site\/urun\/uni-t-a61-gida-sicaklik-olcer-dijital-termometre\/"},"modified":"2026-04-06T18:37:58","modified_gmt":"2026-04-06T15:37:58","slug":"uni-t-a61-gida-sicaklik-olcer-dijital-termometre","status":"publish","type":"product","link":"https:\/\/www.makitamarket.com.tr\/site\/urun\/uni-t-a61-gida-sicaklik-olcer-dijital-termometre\/","title":{"rendered":"Uni-t A61 G\u0131da S\u0131cakl\u0131k \u00d6l\u00e7er, Dijital Termometre"},"content":{"rendered":"<table>\n<tr>\n<td>A\u011f\u0131rl\u0131k<\/td>\n<td>50.8g<\/td>\n<\/tr>\n<tr>\n<td>Boyutlar<\/td>\n<td>190&#215;29.5&#215;15.5mm<\/td>\n<\/tr>\n<tr>\n<td>\u00d6l\u00e7\u00fcm Aral\u0131\u011f\u0131<\/td>\n<td>-40\u02daC~250\u02daC<\/td>\n<\/tr>\n<tr>\n<td>Depolama S\u0131cakl\u0131\u011f\u0131<\/td>\n<td>-20\u02daC ~ 60\u02daC<\/td>\n<\/tr>\n<tr>\n<td>Yan\u0131t s\u00fcresi<\/td>\n<td>20s<\/td>\n<\/tr>\n<tr>\n<td>Ekran \u00d6l\u00e7\u00fcs\u00fc<\/td>\n<td>26.6 x 10.6mm<\/td>\n<\/tr>\n<tr>\n<td>\u00c7al\u0131\u015fma S\u00fcresi<\/td>\n<td>12h<\/td>\n<\/tr>\n<tr>\n<td>\u00c7al\u0131\u015fma Nemi<\/td>\n<td><RH80% (yo\u011fu\u015fmas\u0131z)<\/td>\n<\/tr>\n<tr>\n<td>G\u00fc\u00e7<\/td>\n<td>3V pil x 1<\/td>\n<\/tr>\n<tr>\n<td>Derinlik ayar\u0131<\/td>\n<td>12mm<\/td>\n<\/tr>\n<tr>\n<td>Sens\u00f6r<\/td>\n<td>NTC<\/td>\n<\/tr>\n<tr>\n<td>Hassasiyet<\/td>\n<td>\u00b11\u00b0C (-20\u00b0C\u2264T<100\u00b0C); \u00b12\u00b0C (T\u226420\u00b0C; T\u2265100\u00b0C)<\/td>\n<\/tr>\n<\/table>\n","protected":false},"excerpt":{"rendered":"<p>A\u011f\u0131rl\u0131k 50.8g Boyutlar 190&#215;29.5&#215;15.5mm \u00d6l\u00e7\u00fcm Aral\u0131\u011f\u0131 -40\u02daC~250\u02daC Depolama S\u0131cakl\u0131\u011f\u0131 -20\u02daC ~ 60\u02daC Yan\u0131t s\u00fcresi 20s Ekran \u00d6l\u00e7\u00fcs\u00fc 26.6 x 10.6mm \u00c7al\u0131\u015fma S\u00fcresi 12h \u00c7al\u0131\u015fma Nemi<\/p>\n","protected":false},"featured_media":0,"comment_status":"open","ping_status":"closed","template":"","meta":{"_acf_changed":false},"product_brand":[],"product_cat":[1565],"product_tag":[],"class_list":{"0":"post-26337","1":"product","2":"type-product","3":"status-publish","5":"product_cat-yok-yok","7":"first","8":"instock","9":"taxable","10":"shipping-taxable","11":"purchasable","12":"product-type-simple","13":"add-to-wishlist-after_add_to_cart"},"acf":[],"_links":{"self":[{"href":"https:\/\/www.makitamarket.com.tr\/site\/wp-json\/wp\/v2\/product\/26337","targetHints":{"allow":["GET"]}}],"collection":[{"href":"https:\/\/www.makitamarket.com.tr\/site\/wp-json\/wp\/v2\/product"}],"about":[{"href":"https:\/\/www.makitamarket.com.tr\/site\/wp-json\/wp\/v2\/types\/product"}],"replies":[{"embeddable":true,"href":"https:\/\/www.makitamarket.com.tr\/site\/wp-json\/wp\/v2\/comments?post=26337"}],"wp:attachment":[{"href":"https:\/\/www.makitamarket.com.tr\/site\/wp-json\/wp\/v2\/media?parent=26337"}],"wp:term":[{"taxonomy":"product_brand","embeddable":true,"href":"https:\/\/www.makitamarket.com.tr\/site\/wp-json\/wp\/v2\/product_brand?post=26337"},{"taxonomy":"product_cat","embeddable":true,"href":"https:\/\/www.makitamarket.com.tr\/site\/wp-json\/wp\/v2\/product_cat?post=26337"},{"taxonomy":"product_tag","embeddable":true,"href":"https:\/\/www.makitamarket.com.tr\/site\/wp-json\/wp\/v2\/product_tag?post=26337"}],"curies":[{"name":"wp","href":"https:\/\/api.w.org\/{rel}","templated":true}]}}