{"id":26339,"date":"2026-04-06T18:39:12","date_gmt":"2026-04-06T15:39:12","guid":{"rendered":"https:\/\/www.makitamarket.com.tr\/site\/urun\/uni-t-ut692g-fiber-optik-test-cihazi\/"},"modified":"2026-04-06T18:39:12","modified_gmt":"2026-04-06T15:39:12","slug":"uni-t-ut692g-fiber-optik-test-cihazi","status":"publish","type":"product","link":"https:\/\/www.makitamarket.com.tr\/site\/urun\/uni-t-ut692g-fiber-optik-test-cihazi\/","title":{"rendered":"Uni-t UT692G Fiber Optik Test Cihaz\u0131"},"content":{"rendered":"<table>\n<tr>\n<td>G\u00fc\u00e7 Kayna\u011f\u0131<\/td>\n<td>1.5V AA alkalin pil (3 adet)<\/td>\n<\/tr>\n<tr>\n<td>Net A\u011f\u0131rl\u0131k<\/td>\n<td>286g<\/td>\n<\/tr>\n<tr>\n<td>\u00c7al\u0131\u015fma S\u0131cakl\u0131\u011f\u0131<\/td>\n<td>0\u02daC~40\u02daC<\/td>\n<\/tr>\n<tr>\n<td>Otomatik Kapanma<\/td>\n<td>10 dk<\/td>\n<\/tr>\n<tr>\n<td>El Feneri \u00d6zelli\u011fi<\/td>\n<td>Mevcut<\/td>\n<\/tr>\n<tr>\n<td>Ba\u011flant\u0131lar<\/td>\n<td>Evrensel konekt\u00f6r FC (standart) SC ve ST (adapt\u00f6r ile altrenatif)<\/td>\n<\/tr>\n<tr>\n<td>Lazer Dalga Boyu<\/td>\n<td>800-1700 nm<\/td>\n<\/tr>\n<tr>\n<td>Standart Aksesuarlar<\/td>\n<td>1.5V Piller<\/td>\n<\/tr>\n<tr>\n<td>D\u00fc\u015f\u00fck Pil Uyar\u0131s\u0131<\/td>\n<td>Mevcut<\/td>\n<\/tr>\n<tr>\n<td>Boyutlar<\/td>\n<td>189 x 87 x 45 mm<\/td>\n<\/tr>\n<tr>\n<td>\u00d6l\u00e7\u00fcm Aral\u0131\u011f\u0131<\/td>\n<td>-50~+26 dBm<\/td>\n<\/tr>\n<tr>\n<td>Dedekt\u00f6rle menzil<\/td>\n<td>InGaAs<\/td>\n<\/tr>\n<tr>\n<td>G\u00fc\u00e7<\/td>\n<td>1,5V x 3 pil<\/td>\n<\/tr>\n<tr>\n<td>Ekran \u00c7\u00f6z\u00fcn\u00fcrl\u00fc\u011f\u00fc<\/td>\n<td>Do\u011frusal:% 0,1, Logaritmik: 0.01dBm<\/td>\n<\/tr>\n<tr>\n<td>\u00c7al\u0131\u015fma S\u00fcresi<\/td>\n<td>60 saat<\/td>\n<\/tr>\n<tr>\n<td>Koruma S\u0131n\u0131f\u0131<\/td>\n<td>IP65<\/td>\n<\/tr>\n<tr>\n<td>Lazer Dalga Boyu<\/td>\n<td>850, 980, 1300, 1310, 1490, 1550, 1625, 1650 nm<\/td>\n<\/tr>\n<tr>\n<td>Hassasiyet<\/td>\n<td>\u00b15%<\/td>\n<\/tr>\n<\/table>\n","protected":false},"excerpt":{"rendered":"<p>G\u00fc\u00e7 Kayna\u011f\u0131 1.5V AA alkalin pil (3 adet) Net A\u011f\u0131rl\u0131k 286g \u00c7al\u0131\u015fma S\u0131cakl\u0131\u011f\u0131 0\u02daC~40\u02daC Otomatik Kapanma 10 dk El Feneri \u00d6zelli\u011fi Mevcut Ba\u011flant\u0131lar Evrensel konekt\u00f6r FC (standart) SC ve ST<\/p>\n","protected":false},"featured_media":0,"comment_status":"open","ping_status":"closed","template":"","meta":{"_acf_changed":false},"product_brand":[],"product_cat":[1565],"product_tag":[],"class_list":{"0":"post-26339","1":"product","2":"type-product","3":"status-publish","5":"product_cat-yok-yok","7":"first","8":"instock","9":"taxable","10":"shipping-taxable","11":"purchasable","12":"product-type-simple","13":"add-to-wishlist-after_add_to_cart"},"acf":[],"_links":{"self":[{"href":"https:\/\/www.makitamarket.com.tr\/site\/wp-json\/wp\/v2\/product\/26339","targetHints":{"allow":["GET"]}}],"collection":[{"href":"https:\/\/www.makitamarket.com.tr\/site\/wp-json\/wp\/v2\/product"}],"about":[{"href":"https:\/\/www.makitamarket.com.tr\/site\/wp-json\/wp\/v2\/types\/product"}],"replies":[{"embeddable":true,"href":"https:\/\/www.makitamarket.com.tr\/site\/wp-json\/wp\/v2\/comments?post=26339"}],"wp:attachment":[{"href":"https:\/\/www.makitamarket.com.tr\/site\/wp-json\/wp\/v2\/media?parent=26339"}],"wp:term":[{"taxonomy":"product_brand","embeddable":true,"href":"https:\/\/www.makitamarket.com.tr\/site\/wp-json\/wp\/v2\/product_brand?post=26339"},{"taxonomy":"product_cat","embeddable":true,"href":"https:\/\/www.makitamarket.com.tr\/site\/wp-json\/wp\/v2\/product_cat?post=26339"},{"taxonomy":"product_tag","embeddable":true,"href":"https:\/\/www.makitamarket.com.tr\/site\/wp-json\/wp\/v2\/product_tag?post=26339"}],"curies":[{"name":"wp","href":"https:\/\/api.w.org\/{rel}","templated":true}]}}