{"id":26340,"date":"2026-04-06T18:39:13","date_gmt":"2026-04-06T15:39:13","guid":{"rendered":"https:\/\/www.makitamarket.com.tr\/site\/urun\/uni-t-ut89x-dijital-true-rms-multimetre\/"},"modified":"2026-04-06T18:39:13","modified_gmt":"2026-04-06T15:39:13","slug":"uni-t-ut89x-dijital-true-rms-multimetre","status":"publish","type":"product","link":"https:\/\/www.makitamarket.com.tr\/site\/urun\/uni-t-ut89x-dijital-true-rms-multimetre\/","title":{"rendered":"Uni-t UT89X Dijital True RMS Multimetre"},"content":{"rendered":"<table>\n<tr>\n<td>Temass\u0131z voltaj testi<\/td>\n<td>\u221a<\/td>\n<\/tr>\n<tr>\n<td>G\u00f6rev D\u00f6ng\u00fcs\u00fc<\/td>\n<td>0.1%~99.9% \u00b1(2%+5)<\/td>\n<\/tr>\n<tr>\n<td>Ekran I\u015f\u0131\u011f\u0131<\/td>\n<td>\u221a<\/td>\n<\/tr>\n<tr>\n<td>AC Voltaj<\/td>\n<td>6V\/60V\/600V\/1000V \u00b1(0.8%+5)<\/td>\n<\/tr>\n<tr>\n<td>S\u0131cakl\u0131k<\/td>\n<td>-40\u00b0C~1000\u00b0C (k-tipi s\u0131cakl\u0131k probu pakete dahil) \u00b1(2%+4)<\/td>\n<\/tr>\n<tr>\n<td>El Feneri \u00d6zelli\u011fi<\/td>\n<td>\u221a<\/td>\n<\/tr>\n<tr>\n<td>G\u00fc\u00e7<\/td>\n<td>1.5V (R03) x 4 Pil<\/td>\n<\/tr>\n<tr>\n<td>Kapasitans<\/td>\n<td>100mF \u00b1(2.5%+20)<\/td>\n<\/tr>\n<tr>\n<td>AC Ak\u0131m<\/td>\n<td>60mA\/600mA\/20A \u00b1(1%+12)<\/td>\n<\/tr>\n<tr>\n<td>Diyot<\/td>\n<td>\u221a<\/td>\n<\/tr>\n<tr>\n<td>A\u011f\u0131rl\u0131k<\/td>\n<td>345g<\/td>\n<\/tr>\n<tr>\n<td>LCD ekran boyutlar\u0131<\/td>\n<td>61x36mm TN Ekran<\/td>\n<\/tr>\n<tr>\n<td>Frekans<\/td>\n<td>9.999Hz\/9.999MHz \u00b1(0.1%+4)<\/td>\n<\/tr>\n<tr>\n<td>Otomatik Kapanma<\/td>\n<td>\u221a<\/td>\n<\/tr>\n<tr>\n<td>Transist\u00f6r<\/td>\n<td>\u221a<\/td>\n<\/tr>\n<tr>\n<td>Boyutlar<\/td>\n<td>189 x 89 x 53mm<\/td>\n<\/tr>\n<tr>\n<td>Veri tutma<\/td>\n<td>\u221a<\/td>\n<\/tr>\n<tr>\n<td>G\u00f6r\u00fcnt\u00fcleme Say\u0131s\u0131<\/td>\n<td>6000<\/td>\n<\/tr>\n<tr>\n<td>Rezistans<\/td>\n<td>600\u03a9\/6k\u03a9\/60k\u03a9\/600k\u03a9\/ 6M\u03a9\/60M\u03a9 \u00b1(0.8%+3)<\/td>\n<\/tr>\n<tr>\n<td>D\u00fc\u015f\u00fck Pil Uyar\u0131s\u0131<\/td>\n<td>\u221a<\/td>\n<\/tr>\n<tr>\n<td>Canl\u0131 Kablo<\/td>\n<td>\u221a<\/td>\n<\/tr>\n<tr>\n<td>True RMS<\/td>\n<td>\u221a<\/td>\n<\/tr>\n<tr>\n<td>DC Ak\u0131m<\/td>\n<td>60\u03bcA\/60mA\/600mA\/ 6mA\/60mA\/20A \u00b1(0.8%+8)<\/td>\n<\/tr>\n<tr>\n<td>Dc Voltaj<\/td>\n<td>600mV\/6V\/60V\/600V\/1000V \u00b1(0.5%+2)<\/td>\n<\/tr>\n<tr>\n<td>Sesli \u0130kaz \u00d6zelli\u011fi<\/td>\n<td>\u221aV\/A\/Cap\/Diot Live\/hFE\/NCV<\/td>\n<\/tr>\n<\/table>\n","protected":false},"excerpt":{"rendered":"<p>Temass\u0131z voltaj testi \u221a G\u00f6rev D\u00f6ng\u00fcs\u00fc 0.1%~99.9% \u00b1(2%+5) Ekran I\u015f\u0131\u011f\u0131 \u221a AC Voltaj 6V\/60V\/600V\/1000V \u00b1(0.8%+5) S\u0131cakl\u0131k -40\u00b0C~1000\u00b0C (k-tipi s\u0131cakl\u0131k probu pakete dahil) \u00b1(2%+4) El Feneri \u00d6zelli\u011fi \u221a G\u00fc\u00e7 1.5V (R03)<\/p>\n","protected":false},"featured_media":0,"comment_status":"open","ping_status":"closed","template":"","meta":{"_acf_changed":false},"product_brand":[],"product_cat":[1565],"product_tag":[],"class_list":{"0":"post-26340","1":"product","2":"type-product","3":"status-publish","5":"product_cat-yok-yok","7":"first","8":"outofstock","9":"taxable","10":"shipping-taxable","11":"purchasable","12":"product-type-simple","13":"add-to-wishlist-after_add_to_cart"},"acf":[],"_links":{"self":[{"href":"https:\/\/www.makitamarket.com.tr\/site\/wp-json\/wp\/v2\/product\/26340","targetHints":{"allow":["GET"]}}],"collection":[{"href":"https:\/\/www.makitamarket.com.tr\/site\/wp-json\/wp\/v2\/product"}],"about":[{"href":"https:\/\/www.makitamarket.com.tr\/site\/wp-json\/wp\/v2\/types\/product"}],"replies":[{"embeddable":true,"href":"https:\/\/www.makitamarket.com.tr\/site\/wp-json\/wp\/v2\/comments?post=26340"}],"wp:attachment":[{"href":"https:\/\/www.makitamarket.com.tr\/site\/wp-json\/wp\/v2\/media?parent=26340"}],"wp:term":[{"taxonomy":"product_brand","embeddable":true,"href":"https:\/\/www.makitamarket.com.tr\/site\/wp-json\/wp\/v2\/product_brand?post=26340"},{"taxonomy":"product_cat","embeddable":true,"href":"https:\/\/www.makitamarket.com.tr\/site\/wp-json\/wp\/v2\/product_cat?post=26340"},{"taxonomy":"product_tag","embeddable":true,"href":"https:\/\/www.makitamarket.com.tr\/site\/wp-json\/wp\/v2\/product_tag?post=26340"}],"curies":[{"name":"wp","href":"https:\/\/api.w.org\/{rel}","templated":true}]}}