{"id":26342,"date":"2026-04-06T18:39:15","date_gmt":"2026-04-06T15:39:15","guid":{"rendered":"https:\/\/www.makitamarket.com.tr\/site\/urun\/uni-t-ut665-boroskop-kamera\/"},"modified":"2026-04-06T18:39:15","modified_gmt":"2026-04-06T15:39:15","slug":"uni-t-ut665-boroskop-kamera","status":"publish","type":"product","link":"https:\/\/www.makitamarket.com.tr\/site\/urun\/uni-t-ut665-boroskop-kamera\/","title":{"rendered":"Uni-t UT665 Boroskop Kamera"},"content":{"rendered":"<p>Otomobil motorunun, boru hatlar\u0131n\u0131n, i\u00e7 bina duvarlar\u0131n\u0131n, drenaj borular\u0131n\u0131n ve ula\u015f\u0131lmas\u0131 zor di\u011fer yerlerin ayr\u0131nt\u0131lar\u0131n\u0131 g\u00f6r\u00fcnt\u00fclemek i\u00e7in kullan\u0131\u015fl\u0131d\u0131r.<\/p>\n<table>\n<tr>\n<td>G\u00f6r\u00fcnt\u00fcleme alan\u0131<\/td>\n<td>G\u00f6r\u00fcnt\u00fc Parlakl\u0131\u011f\u0131 6 seviye ayarlanabilir<\/td>\n<\/tr>\n<tr>\n<td>Renk<\/td>\n<td>K\u0131rm\u0131z\u0131 ve Gri<\/td>\n<\/tr>\n<tr>\n<td>\u00d6l\u00e7\u00fcler<\/td>\n<td>640 x 480<\/td>\n<\/tr>\n<tr>\n<td>G\u00f6sterge<\/td>\n<td>Pil G\u00fcc\u00fc G\u00f6stergesi \u221a<\/td>\n<\/tr>\n<tr>\n<td>Ebatlar<\/td>\n<td>196x74x38 mm<\/td>\n<\/tr>\n<tr>\n<td>Sinyal \u0130letimi<\/td>\n<td>Analog<\/td>\n<\/tr>\n<tr>\n<td>Ayd\u0131nlatma<\/td>\n<td>4 seviye ayarlanabilir<\/td>\n<\/tr>\n<tr>\n<td>G\u00fc\u00e7<\/td>\n<td>1,5V pil (R6) x 4<\/td>\n<\/tr>\n<tr>\n<td>Derinlik<\/td>\n<td>Alan Derinli\u011fi >20mm<\/td>\n<\/tr>\n<tr>\n<td>G\u00f6r\u00fcnt\u00fcleme alan\u0131<\/td>\n<td>\u00c7evrilebilir G\u00f6r\u00fcnt\u00fc \u221a<\/td>\n<\/tr>\n<tr>\n<td>Koruma S\u0131n\u0131f\u0131<\/td>\n<td>IP67 (yaln\u0131zca prob)<\/td>\n<\/tr>\n<tr>\n<td>G\u00f6r\u00fc\u015f Alan\u0131<\/td>\n<td>600<\/td>\n<\/tr>\n<tr>\n<td>Standart Aksesuarlar<\/td>\n<td>Kamera probu, piller<\/td>\n<\/tr>\n<tr>\n<td>Net A\u011f\u0131rl\u0131k<\/td>\n<td>500g<\/td>\n<\/tr>\n<tr>\n<td>Prob uzunlu\u011fu<\/td>\n<td>1m (maks. 3m)<\/td>\n<\/tr>\n<tr>\n<td>I\u015f\u0131k<\/td>\n<td>4 Led I\u015f\u0131k<\/td>\n<\/tr>\n<tr>\n<td>Lens \u00e7ap\u0131<\/td>\n<td>9mm (Maks.10mm)<\/td>\n<\/tr>\n<tr>\n<td>LCD ekran boyutlar\u0131<\/td>\n<td>2.4 inch TFT<\/td>\n<\/tr>\n<tr>\n<td>G\u00f6r\u00fcnt\u00fcleme alan\u0131<\/td>\n<td>2.36 in\u00e7<\/td>\n<\/tr>\n<\/table>\n","protected":false},"excerpt":{"rendered":"<p>Otomobil motorunun, boru hatlar\u0131n\u0131n, i\u00e7 bina duvarlar\u0131n\u0131n, drenaj borular\u0131n\u0131n ve ula\u015f\u0131lmas\u0131 zor di\u011fer yerlerin ayr\u0131nt\u0131lar\u0131n\u0131 g\u00f6r\u00fcnt\u00fclemek i\u00e7in kullan\u0131\u015fl\u0131d\u0131r.<\/p>\n","protected":false},"featured_media":0,"comment_status":"open","ping_status":"closed","template":"","meta":{"_acf_changed":false},"product_brand":[],"product_cat":[1565],"product_tag":[],"class_list":{"0":"post-26342","1":"product","2":"type-product","3":"status-publish","5":"product_cat-yok-yok","7":"first","8":"instock","9":"taxable","10":"shipping-taxable","11":"purchasable","12":"product-type-simple","13":"add-to-wishlist-after_add_to_cart"},"acf":[],"_links":{"self":[{"href":"https:\/\/www.makitamarket.com.tr\/site\/wp-json\/wp\/v2\/product\/26342","targetHints":{"allow":["GET"]}}],"collection":[{"href":"https:\/\/www.makitamarket.com.tr\/site\/wp-json\/wp\/v2\/product"}],"about":[{"href":"https:\/\/www.makitamarket.com.tr\/site\/wp-json\/wp\/v2\/types\/product"}],"replies":[{"embeddable":true,"href":"https:\/\/www.makitamarket.com.tr\/site\/wp-json\/wp\/v2\/comments?post=26342"}],"wp:attachment":[{"href":"https:\/\/www.makitamarket.com.tr\/site\/wp-json\/wp\/v2\/media?parent=26342"}],"wp:term":[{"taxonomy":"product_brand","embeddable":true,"href":"https:\/\/www.makitamarket.com.tr\/site\/wp-json\/wp\/v2\/product_brand?post=26342"},{"taxonomy":"product_cat","embeddable":true,"href":"https:\/\/www.makitamarket.com.tr\/site\/wp-json\/wp\/v2\/product_cat?post=26342"},{"taxonomy":"product_tag","embeddable":true,"href":"https:\/\/www.makitamarket.com.tr\/site\/wp-json\/wp\/v2\/product_tag?post=26342"}],"curies":[{"name":"wp","href":"https:\/\/api.w.org\/{rel}","templated":true}]}}