{"id":26343,"date":"2026-04-06T18:39:16","date_gmt":"2026-04-06T15:39:16","guid":{"rendered":"https:\/\/www.makitamarket.com.tr\/site\/urun\/uni-t-ut673a-dijital-aku-pil-test-cihazi\/"},"modified":"2026-04-14T00:03:06","modified_gmt":"2026-04-13T21:03:06","slug":"uni-t-ut673a-dijital-aku-pil-test-cihazi","status":"publish","type":"product","link":"https:\/\/www.makitamarket.com.tr\/site\/urun\/uni-t-ut673a-dijital-aku-pil-test-cihazi\/","title":{"rendered":"Uni-t UT673A Dijital Ak\u00fc-Pil Test Cihaz\u0131"},"content":{"rendered":"<p>30Ah ila 200Ah aras\u0131ndaki ak\u00fc kapasiteleri i\u00e7in uygun olan otomobil ak\u00fclerinin pil sa\u011fl\u0131\u011f\u0131n\u0131 analiz etmek i\u00e7in kullan\u0131labilir. Bu CE sertifikal\u0131 test cihazlar\u0131, pilin neden oldu\u011fu yayg\u0131n ar\u0131zalar\u0131 h\u0131zl\u0131 ve do\u011fru bir \u015fekilde tespit edebilir.<\/p>\n<table>\n<tr>\n<td>Ba\u011flant\u0131 Tipi<\/td>\n<td>Ters ba\u011flant\u0131 korumas\u0131 \u221a<\/td>\n<\/tr>\n<tr>\n<td>Net A\u011f\u0131rl\u0131k<\/td>\n<td>264 g<\/td>\n<\/tr>\n<tr>\n<td>Ak\u00fc\/\u015earj Cihaz\u0131<\/td>\n<td>12V\/24V \u015farj sistemi testi \u221a (7 ~ 30V DC) <\/td>\n<\/tr>\n<tr>\n<td>Pil \u00d6mr\u00fc<\/td>\n<td>S\u0131radan kur\u015fun asit ak\u00fc, AGM d\u00fcz plaka ak\u00fc, AGM spiral ak\u00fc, GEL ak\u00fc, EFB ak\u00fc<\/td>\n<\/tr>\n<tr>\n<td>Y\u00fcksek voltaj korumas\u0131<\/td>\n<td>\u221a<\/td>\n<\/tr>\n<tr>\n<td>Pil<\/td>\n<td>12V pil testi \u221a (7 ~ 16V DC)<\/td>\n<\/tr>\n<tr>\n<td>Boyutlar<\/td>\n<td>76x22x142mm<\/td>\n<\/tr>\n<tr>\n<td>Kapasite<\/td>\n<td>Pil kapasitesi 3 ~ 250Ah<\/td>\n<\/tr>\n<tr>\n<td>Pil \u00d6mr\u00fc<\/td>\n<td>\u00f6mr\u00fc ekran\u0131 \u221a<\/td>\n<\/tr>\n<tr>\n<td>Krank Tipi<\/td>\n<td>12V\/24V krank sistemi testi \u221a (7 ~ 30V DC)<\/td>\n<\/tr>\n<\/table>\n","protected":false},"excerpt":{"rendered":"<p>30Ah ila 200Ah aras\u0131ndaki ak\u00fc kapasiteleri i\u00e7in uygun olan otomobil ak\u00fclerinin pil sa\u011fl\u0131\u011f\u0131n\u0131 analiz etmek i\u00e7in kullan\u0131labilir. Bu CE sertifikal\u0131 test cihazlar\u0131, pilin neden oldu\u011fu yayg\u0131n ar\u0131zalar\u0131 h\u0131zl\u0131 ve do\u011fru bir \u015fekilde tespit edebilir.<\/p>\n","protected":false},"featured_media":0,"comment_status":"open","ping_status":"closed","template":"","meta":{"_acf_changed":false},"product_brand":[1531],"product_cat":[1565],"product_tag":[],"class_list":{"0":"post-26343","1":"product","2":"type-product","3":"status-publish","5":"product_brand-uni-t","6":"product_cat-yok-yok","8":"first","9":"instock","10":"taxable","11":"shipping-taxable","12":"purchasable","13":"product-type-simple","14":"add-to-wishlist-after_add_to_cart"},"acf":[],"_links":{"self":[{"href":"https:\/\/www.makitamarket.com.tr\/site\/wp-json\/wp\/v2\/product\/26343","targetHints":{"allow":["GET"]}}],"collection":[{"href":"https:\/\/www.makitamarket.com.tr\/site\/wp-json\/wp\/v2\/product"}],"about":[{"href":"https:\/\/www.makitamarket.com.tr\/site\/wp-json\/wp\/v2\/types\/product"}],"replies":[{"embeddable":true,"href":"https:\/\/www.makitamarket.com.tr\/site\/wp-json\/wp\/v2\/comments?post=26343"}],"wp:attachment":[{"href":"https:\/\/www.makitamarket.com.tr\/site\/wp-json\/wp\/v2\/media?parent=26343"}],"wp:term":[{"taxonomy":"product_brand","embeddable":true,"href":"https:\/\/www.makitamarket.com.tr\/site\/wp-json\/wp\/v2\/product_brand?post=26343"},{"taxonomy":"product_cat","embeddable":true,"href":"https:\/\/www.makitamarket.com.tr\/site\/wp-json\/wp\/v2\/product_cat?post=26343"},{"taxonomy":"product_tag","embeddable":true,"href":"https:\/\/www.makitamarket.com.tr\/site\/wp-json\/wp\/v2\/product_tag?post=26343"}],"curies":[{"name":"wp","href":"https:\/\/api.w.org\/{rel}","templated":true}]}}