{"id":26347,"date":"2026-04-06T18:39:18","date_gmt":"2026-04-06T15:39:18","guid":{"rendered":"https:\/\/www.makitamarket.com.tr\/site\/urun\/uni-t-ut366a-dijital-manometre\/"},"modified":"2026-04-06T18:39:18","modified_gmt":"2026-04-06T15:39:18","slug":"uni-t-ut366a-dijital-manometre","status":"publish","type":"product","link":"https:\/\/www.makitamarket.com.tr\/site\/urun\/uni-t-ut366a-dijital-manometre\/","title":{"rendered":"Uni-t UT366A Dijital Manometre"},"content":{"rendered":"<table>\n<tr>\n<td>\u00d6l\u00e7\u00fcm Aral\u0131\u011f\u0131<\/td>\n<td>0.00 ~ \u00b115.00 kPa 0.0 ~ \u00b1150.0 mbar 0.000 ~ \u00b10.150 bar 0.000 ~ \u00b12.175 psi 0.0 ~ \u00b1112.5 mmHg 0.00 ~ \u00b160.29 inH2O 0.000 ~ \u00b14.429 inHg 0.00 ~ \u00b134.80 ozin\u00b2 0.000 ~ \u00b10.152 kgcm\u00b2 0.000 ~ \u00b15.026 ftH2O 0.0 ~ \u00b11531 mmH2O 0.0 ~ \u00b1150.0 hPa 0.0~ 19999.9 m\/s 0~ 199999 fpm 0.01 kPa 0.1 mbar 0.001 bar 0.001 psi 0.1 mmHg 0.01 inH2O 0.001 inHg 0.01 ozin\u00b2 0.001 kgcm\u00b2 0.001 ftH2O 1 mmH2O 0.1 hPa 0.1 m\/s 1 fpm<\/td>\n<\/tr>\n<tr>\n<td>\u00c7al\u0131\u015fma S\u0131cakl\u0131\u011f\u0131<\/td>\n<td>0~50\u02daC \u2264%85RH<\/td>\n<\/tr>\n<tr>\n<td>Led G\u00f6stergesi<\/td>\n<td>Pozitif Bas\u0131n\u00e7: Ye\u015fil \u0131\u015f\u0131k Negatif Bas\u0131n\u00e7: K\u0131rm\u0131z\u0131 \u0131\u015f\u0131k<\/td>\n<\/tr>\n<tr>\n<td>I\u015f\u0131k<\/td>\n<td>Beyaz<\/td>\n<\/tr>\n<tr>\n<td>D\u00f6n\u00fc\u015ft\u00fcr\u00fcc\u00fc<\/td>\n<td>kPa, mbar, bar, psi, mmHg, inH2O, inHg, ozin2, kgcm2, ftH2O, mmH2O, hPa, m\/s(fpm)<\/td>\n<\/tr>\n<tr>\n<td>G\u00fc\u00e7<\/td>\n<td>1.5V (AAA) pil x 3<\/td>\n<\/tr>\n<tr>\n<td>D\u00fc\u015fme Testi<\/td>\n<td>1m<\/td>\n<\/tr>\n<tr>\n<td>Boyutlar<\/td>\n<td>53x30x137,8mm<\/td>\n<\/tr>\n<tr>\n<td>Depolama S\u0131cakl\u0131\u011f\u0131<\/td>\n<td>10~60\u02daC \u2264%75RH<\/td>\n<\/tr>\n<tr>\n<td>D\u00fc\u015f\u00fck Pil Uyar\u0131s\u0131<\/td>\n<td>\u221a<\/td>\n<\/tr>\n<tr>\n<td>Otomatik Kapanma<\/td>\n<td>5 dakika<\/td>\n<\/tr>\n<tr>\n<td>\u00d6l\u00e7\u00fcm Hassasiyeti<\/td>\n<td>\u00b10.5% FS @ 25\u02daC<\/td>\n<\/tr>\n<\/table>\n","protected":false},"excerpt":{"rendered":"<p>\u00d6l\u00e7\u00fcm Aral\u0131\u011f\u0131 0.00 ~ \u00b115.00 kPa 0.0 ~ \u00b1150.0 mbar 0.000 ~ \u00b10.150 bar 0.000 ~ \u00b12.175 psi 0.0 ~ \u00b1112.5 mmHg 0.00 ~ \u00b160.29 inH2O 0.000 ~ \u00b14.429 inHg<\/p>\n","protected":false},"featured_media":0,"comment_status":"open","ping_status":"closed","template":"","meta":{"_acf_changed":false},"product_brand":[],"product_cat":[1565],"product_tag":[],"class_list":{"0":"post-26347","1":"product","2":"type-product","3":"status-publish","5":"product_cat-yok-yok","7":"first","8":"outofstock","9":"taxable","10":"shipping-taxable","11":"purchasable","12":"product-type-simple","13":"add-to-wishlist-after_add_to_cart"},"acf":[],"_links":{"self":[{"href":"https:\/\/www.makitamarket.com.tr\/site\/wp-json\/wp\/v2\/product\/26347","targetHints":{"allow":["GET"]}}],"collection":[{"href":"https:\/\/www.makitamarket.com.tr\/site\/wp-json\/wp\/v2\/product"}],"about":[{"href":"https:\/\/www.makitamarket.com.tr\/site\/wp-json\/wp\/v2\/types\/product"}],"replies":[{"embeddable":true,"href":"https:\/\/www.makitamarket.com.tr\/site\/wp-json\/wp\/v2\/comments?post=26347"}],"wp:attachment":[{"href":"https:\/\/www.makitamarket.com.tr\/site\/wp-json\/wp\/v2\/media?parent=26347"}],"wp:term":[{"taxonomy":"product_brand","embeddable":true,"href":"https:\/\/www.makitamarket.com.tr\/site\/wp-json\/wp\/v2\/product_brand?post=26347"},{"taxonomy":"product_cat","embeddable":true,"href":"https:\/\/www.makitamarket.com.tr\/site\/wp-json\/wp\/v2\/product_cat?post=26347"},{"taxonomy":"product_tag","embeddable":true,"href":"https:\/\/www.makitamarket.com.tr\/site\/wp-json\/wp\/v2\/product_tag?post=26347"}],"curies":[{"name":"wp","href":"https:\/\/api.w.org\/{rel}","templated":true}]}}