{"id":26348,"date":"2026-04-06T18:39:18","date_gmt":"2026-04-06T15:39:18","guid":{"rendered":"https:\/\/www.makitamarket.com.tr\/site\/urun\/uni-t-ut372d-temasli-temassiz-takometre\/"},"modified":"2026-04-06T18:39:18","modified_gmt":"2026-04-06T15:39:18","slug":"uni-t-ut372d-temasli-temassiz-takometre","status":"publish","type":"product","link":"https:\/\/www.makitamarket.com.tr\/site\/urun\/uni-t-ut372d-temasli-temassiz-takometre\/","title":{"rendered":"Uni-t UT372D Temasl\u0131\/Temass\u0131z Takometre"},"content":{"rendered":"<table>\n<tr>\n<td>Pil \u00d6mr\u00fc<\/td>\n<td>AAA 1.5V x3<\/td>\n<\/tr>\n<tr>\n<td>Kontak Set<\/td>\n<td>Y\u00fczey h\u0131z\u0131: 0.1m tekerlek 0.1-1,999m \/ dak 0.4-6.550ft \/ dak 4-78.700 in\u00e7 \/ dak 6 in\u00e7 tekerlek 0.15-1,524m \/ dak 0.5-5.000ft \/ dak 6-60.000 in\u00e7 \/ dak Uzunluk: 0-99999 (m \/ ft \/ in)<\/td>\n<\/tr>\n<tr>\n<td>\u00dcr\u00fcn A\u011f\u0131rl\u0131\u011f\u0131<\/td>\n<td>Yakla\u015f\u0131k 181g (pilsiz)<\/td>\n<\/tr>\n<tr>\n<td>Veri Depolama<\/td>\n<td>10 grup<\/td>\n<\/tr>\n<tr>\n<td>Temass\u0131z \u00f6l\u00e7\u00fcm<\/td>\n<td>D\u00f6nme h\u0131z\u0131: 1-99,999RPM Frekans: 1-1,666HZ Say\u0131m: 1-99,999REV Hedef mesafe: 50 ~ 500mm<\/td>\n<\/tr>\n<tr>\n<td>\u00d6l\u00e7\u00fcm Mesafesi<\/td>\n<td>Temas RPM \/ Temass\u0131z RPM \/ sayma \/ frekans \/ Y\u00fczey h\u0131z\u0131 \/ uzunlu\u011fu<\/td>\n<\/tr>\n<tr>\n<td>Do\u011fruluk<\/td>\n<td>\u00b10 haneli %02\u00b11<\/td>\n<\/tr>\n<tr>\n<td>\u00d6l\u00e7\u00fcm<\/td>\n<td>Maks\/Min\/Son okuma\/Ortalama<\/td>\n<\/tr>\n<tr>\n<td>\u00d6l\u00e7\u00fcm Birimleri<\/td>\n<td>m\/dak, ft\/min, in\/min,m,ft,in<\/td>\n<\/tr>\n<tr>\n<td>\u00dcr\u00fcn Boyutu<\/td>\n<td>176 x 63 x 38mm<\/td>\n<\/tr>\n<\/table>\n","protected":false},"excerpt":{"rendered":"<p>Pil \u00d6mr\u00fc AAA 1.5V x3 Kontak Set Y\u00fczey h\u0131z\u0131: 0.1m tekerlek 0.1-1,999m \/ dak 0.4-6.550ft \/ dak 4-78.700 in\u00e7 \/ dak 6 in\u00e7 tekerlek 0.15-1,524m \/ dak 0.5-5.000ft \/ dak<\/p>\n","protected":false},"featured_media":0,"comment_status":"open","ping_status":"closed","template":"","meta":{"_acf_changed":false},"product_brand":[],"product_cat":[1565],"product_tag":[],"class_list":{"0":"post-26348","1":"product","2":"type-product","3":"status-publish","5":"product_cat-yok-yok","7":"first","8":"outofstock","9":"taxable","10":"shipping-taxable","11":"purchasable","12":"product-type-simple","13":"add-to-wishlist-after_add_to_cart"},"acf":[],"_links":{"self":[{"href":"https:\/\/www.makitamarket.com.tr\/site\/wp-json\/wp\/v2\/product\/26348","targetHints":{"allow":["GET"]}}],"collection":[{"href":"https:\/\/www.makitamarket.com.tr\/site\/wp-json\/wp\/v2\/product"}],"about":[{"href":"https:\/\/www.makitamarket.com.tr\/site\/wp-json\/wp\/v2\/types\/product"}],"replies":[{"embeddable":true,"href":"https:\/\/www.makitamarket.com.tr\/site\/wp-json\/wp\/v2\/comments?post=26348"}],"wp:attachment":[{"href":"https:\/\/www.makitamarket.com.tr\/site\/wp-json\/wp\/v2\/media?parent=26348"}],"wp:term":[{"taxonomy":"product_brand","embeddable":true,"href":"https:\/\/www.makitamarket.com.tr\/site\/wp-json\/wp\/v2\/product_brand?post=26348"},{"taxonomy":"product_cat","embeddable":true,"href":"https:\/\/www.makitamarket.com.tr\/site\/wp-json\/wp\/v2\/product_cat?post=26348"},{"taxonomy":"product_tag","embeddable":true,"href":"https:\/\/www.makitamarket.com.tr\/site\/wp-json\/wp\/v2\/product_tag?post=26348"}],"curies":[{"name":"wp","href":"https:\/\/api.w.org\/{rel}","templated":true}]}}