{"id":26349,"date":"2026-04-06T18:39:19","date_gmt":"2026-04-06T15:39:19","guid":{"rendered":"https:\/\/www.makitamarket.com.tr\/site\/urun\/uni-t-ut387e-duvar-tarama-cihazi\/"},"modified":"2026-04-06T18:39:19","modified_gmt":"2026-04-06T15:39:19","slug":"uni-t-ut387e-duvar-tarama-cihazi","status":"publish","type":"product","link":"https:\/\/www.makitamarket.com.tr\/site\/urun\/uni-t-ut387e-duvar-tarama-cihazi\/","title":{"rendered":"Uni-t UT387E Duvar Tarama Cihaz\u0131"},"content":{"rendered":"<table>\n<tr>\n<td>Standart Aksesuarlar<\/td>\n<td>USB arabirim kablosu, Manuel, Hediye kutusu, Bez \u00e7anta<\/td>\n<\/tr>\n<tr>\n<td>Canl\u0131 Kablo<\/td>\n<td>40mm<\/td>\n<\/tr>\n<tr>\n<td>Demirli Metaller<\/td>\n<td>100mm<\/td>\n<\/tr>\n<tr>\n<td>G\u00fcvenlik sertifikas\u0131<\/td>\n<td>CE\/UKCA<\/td>\n<\/tr>\n<tr>\n<td>Boyutlar<\/td>\n<td>153x68x31mm<\/td>\n<\/tr>\n<tr>\n<td>A\u011f\u0131rl\u0131k<\/td>\n<td>151,4g<\/td>\n<\/tr>\n<tr>\n<td>Ah\u015fap<\/td>\n<td>38mm<\/td>\n<\/tr>\n<tr>\n<td>Demir D\u0131\u015f\u0131 Metaller<\/td>\n<td>80mm<\/td>\n<\/tr>\n<\/table>\n","protected":false},"excerpt":{"rendered":"<p>Standart Aksesuarlar USB arabirim kablosu, Manuel, Hediye kutusu, Bez \u00e7anta Canl\u0131 Kablo 40mm Demirli Metaller 100mm G\u00fcvenlik sertifikas\u0131 CE\/UKCA Boyutlar 153x68x31mm A\u011f\u0131rl\u0131k 151,4g Ah\u015fap 38mm Demir D\u0131\u015f\u0131 Metaller 80mm<\/p>\n","protected":false},"featured_media":0,"comment_status":"open","ping_status":"closed","template":"","meta":{"_acf_changed":false},"product_brand":[],"product_cat":[1565],"product_tag":[],"class_list":{"0":"post-26349","1":"product","2":"type-product","3":"status-publish","5":"product_cat-yok-yok","7":"first","8":"instock","9":"taxable","10":"shipping-taxable","11":"purchasable","12":"product-type-simple","13":"add-to-wishlist-after_add_to_cart"},"acf":[],"_links":{"self":[{"href":"https:\/\/www.makitamarket.com.tr\/site\/wp-json\/wp\/v2\/product\/26349","targetHints":{"allow":["GET"]}}],"collection":[{"href":"https:\/\/www.makitamarket.com.tr\/site\/wp-json\/wp\/v2\/product"}],"about":[{"href":"https:\/\/www.makitamarket.com.tr\/site\/wp-json\/wp\/v2\/types\/product"}],"replies":[{"embeddable":true,"href":"https:\/\/www.makitamarket.com.tr\/site\/wp-json\/wp\/v2\/comments?post=26349"}],"wp:attachment":[{"href":"https:\/\/www.makitamarket.com.tr\/site\/wp-json\/wp\/v2\/media?parent=26349"}],"wp:term":[{"taxonomy":"product_brand","embeddable":true,"href":"https:\/\/www.makitamarket.com.tr\/site\/wp-json\/wp\/v2\/product_brand?post=26349"},{"taxonomy":"product_cat","embeddable":true,"href":"https:\/\/www.makitamarket.com.tr\/site\/wp-json\/wp\/v2\/product_cat?post=26349"},{"taxonomy":"product_tag","embeddable":true,"href":"https:\/\/www.makitamarket.com.tr\/site\/wp-json\/wp\/v2\/product_tag?post=26349"}],"curies":[{"name":"wp","href":"https:\/\/api.w.org\/{rel}","templated":true}]}}