{"id":26350,"date":"2026-04-06T18:39:19","date_gmt":"2026-04-06T15:39:19","guid":{"rendered":"https:\/\/www.makitamarket.com.tr\/site\/urun\/uni-t-ut505b-el-tipi-izolasyon-megeri\/"},"modified":"2026-04-06T18:39:19","modified_gmt":"2026-04-06T15:39:19","slug":"uni-t-ut505b-el-tipi-izolasyon-megeri","status":"publish","type":"product","link":"https:\/\/www.makitamarket.com.tr\/site\/urun\/uni-t-ut505b-el-tipi-izolasyon-megeri\/","title":{"rendered":"Uni-t UT505B El Tipi \u0130zolasyon Me\u011feri"},"content":{"rendered":"<table>\n<tr>\n<td>Dc Voltaj<\/td>\n<td>0V ~ 600V<\/td>\n<\/tr>\n<tr>\n<td>AC Ka\u00e7ak Ak\u0131m (Hassasiyet)<\/td>\n<td>10 ~ 2000\u03bcA<\/td>\n<\/tr>\n<tr>\n<td>\u00dcr\u00fcn A\u011f\u0131rl\u0131\u011f\u0131<\/td>\n<td>507g \/ 17.9oz<\/td>\n<\/tr>\n<tr>\n<td>AC Voltaj<\/td>\n<td>0V ~ 600V<\/td>\n<\/tr>\n<tr>\n<td>Yal\u0131t\u0131m Seviyesi<\/td>\n<td>50V: 0.00M\u03a9-0.99G\u03a9 \/ 1.00G\u03a9 ~ 10.0G\u03a9 100V: 0.00M\u03a9-0.99G\u03a9 \/ 1.00G\u03a9 ~ 20.0G\u03a9 250V: 0.00M\u03a9-0.99G\u03a9 \/ 1.00G\u03a9 ~ 50G\u03a9 500V: 0.00M\u03a9-0.99G\u03a9 \/ 1.00G\u03a9 ~ 100G\u03a9 1000V: 0.00M\u03a9-0.99G\u03a9 \/ 1.00G\u03a9 ~ 200G\u03a9<\/td>\n<\/tr>\n<tr>\n<td>Kapasitans<\/td>\n<td>100qF ~ 500\u03bcF<\/td>\n<\/tr>\n<tr>\n<td>Gerilim<\/td>\n<td>-50V \/ 100V \/ 250V \/ 500V \/ 1000V<\/td>\n<\/tr>\n<tr>\n<td>Frekans<\/td>\n<td>45 ~ 1kHz<\/td>\n<\/tr>\n<tr>\n<td>G\u00fc\u00e7 Kayna\u011f\u0131<\/td>\n<td>6 x 1.5V AA Pil (hari\u00e7)<\/td>\n<\/tr>\n<tr>\n<td>Voltaj<\/td>\n<td>0 ~ 600V (AC) 0 ~ 600V (DC)<\/td>\n<\/tr>\n<tr>\n<td>\u00dcr\u00fcn Boyutu<\/td>\n<td>22 x 10 x 4.5cm \/ 8.6 x 3.9 x 1.8 in<\/td>\n<\/tr>\n<tr>\n<td>Diren\u00e7 (\u2126)<\/td>\n<td>0.001k\u03a9 ~ 10M\u03a9<\/td>\n<\/tr>\n<\/table>\n","protected":false},"excerpt":{"rendered":"<p>Dc Voltaj 0V ~ 600V AC Ka\u00e7ak Ak\u0131m (Hassasiyet) 10 ~ 2000\u03bcA \u00dcr\u00fcn A\u011f\u0131rl\u0131\u011f\u0131 507g \/ 17.9oz AC Voltaj 0V ~ 600V Yal\u0131t\u0131m Seviyesi 50V: 0.00M\u03a9-0.99G\u03a9 \/ 1.00G\u03a9 ~ 10.0G\u03a9<\/p>\n","protected":false},"featured_media":0,"comment_status":"open","ping_status":"closed","template":"","meta":{"_acf_changed":false},"product_brand":[],"product_cat":[1565],"product_tag":[],"class_list":{"0":"post-26350","1":"product","2":"type-product","3":"status-publish","5":"product_cat-yok-yok","7":"first","8":"instock","9":"taxable","10":"shipping-taxable","11":"purchasable","12":"product-type-simple","13":"add-to-wishlist-after_add_to_cart"},"acf":[],"_links":{"self":[{"href":"https:\/\/www.makitamarket.com.tr\/site\/wp-json\/wp\/v2\/product\/26350","targetHints":{"allow":["GET"]}}],"collection":[{"href":"https:\/\/www.makitamarket.com.tr\/site\/wp-json\/wp\/v2\/product"}],"about":[{"href":"https:\/\/www.makitamarket.com.tr\/site\/wp-json\/wp\/v2\/types\/product"}],"replies":[{"embeddable":true,"href":"https:\/\/www.makitamarket.com.tr\/site\/wp-json\/wp\/v2\/comments?post=26350"}],"wp:attachment":[{"href":"https:\/\/www.makitamarket.com.tr\/site\/wp-json\/wp\/v2\/media?parent=26350"}],"wp:term":[{"taxonomy":"product_brand","embeddable":true,"href":"https:\/\/www.makitamarket.com.tr\/site\/wp-json\/wp\/v2\/product_brand?post=26350"},{"taxonomy":"product_cat","embeddable":true,"href":"https:\/\/www.makitamarket.com.tr\/site\/wp-json\/wp\/v2\/product_cat?post=26350"},{"taxonomy":"product_tag","embeddable":true,"href":"https:\/\/www.makitamarket.com.tr\/site\/wp-json\/wp\/v2\/product_tag?post=26350"}],"curies":[{"name":"wp","href":"https:\/\/api.w.org\/{rel}","templated":true}]}}