{"id":26352,"date":"2026-04-06T18:39:57","date_gmt":"2026-04-06T15:39:57","guid":{"rendered":"https:\/\/www.makitamarket.com.tr\/site\/urun\/uni-t-ut256-catal-tip-ampermetre\/"},"modified":"2026-04-06T18:39:57","modified_gmt":"2026-04-06T15:39:57","slug":"uni-t-ut256-catal-tip-ampermetre","status":"publish","type":"product","link":"https:\/\/www.makitamarket.com.tr\/site\/urun\/uni-t-ut256-catal-tip-ampermetre\/","title":{"rendered":"Uni-t UT256 \u00c7atal Tip Ampermetre"},"content":{"rendered":"<table>\n<tr>\n<td>DC Ak\u0131m<\/td>\n<td>60A \u00b1(2%+5)<\/td>\n<\/tr>\n<tr>\n<td>Ba\u011f\u0131l mod<\/td>\n<td>\u221a<\/td>\n<\/tr>\n<tr>\n<td>Alarm<\/td>\n<td>Sesli ve g\u00f6rsel alarm<\/td>\n<\/tr>\n<tr>\n<td>G\u00fcvenlik derecesi<\/td>\n<td>CAT III 600V<\/td>\n<\/tr>\n<tr>\n<td>Otomatik Kapanma<\/td>\n<td>\u221a (Yakla\u015f\u0131k 30 dk.)<\/td>\n<\/tr>\n<tr>\n<td>Veri tutma<\/td>\n<td>\u221a<\/td>\n<\/tr>\n<tr>\n<td>Net A\u011f\u0131rl\u0131k<\/td>\n<td>120g (Piller dahil)<\/td>\n<\/tr>\n<tr>\n<td>D\u00fc\u015fme Testi<\/td>\n<td>1 mt<\/td>\n<\/tr>\n<tr>\n<td>G\u00fc\u00e7<\/td>\n<td>AAA 1,5V x2 pil<\/td>\n<\/tr>\n<tr>\n<td>AC Ak\u0131m<\/td>\n<td>60A \u00b1(2%+5)<\/td>\n<\/tr>\n<tr>\n<td>Boyutlar<\/td>\n<td>171 x 42 x 28mm<\/td>\n<\/tr>\n<tr>\n<td>I\u015f\u0131k<\/td>\n<td>Arka \u0131\u015f\u0131k<\/td>\n<\/tr>\n<tr>\n<td>D\u00fc\u015f\u00fck Pil Uyar\u0131s\u0131<\/td>\n<td>\u221a<\/td>\n<\/tr>\n<\/table>\n","protected":false},"excerpt":{"rendered":"<p>DC Ak\u0131m 60A \u00b1(2%+5) Ba\u011f\u0131l mod \u221a Alarm Sesli ve g\u00f6rsel alarm G\u00fcvenlik derecesi CAT III 600V Otomatik Kapanma \u221a (Yakla\u015f\u0131k 30 dk.) Veri tutma \u221a Net A\u011f\u0131rl\u0131k 120g (Piller<\/p>\n","protected":false},"featured_media":0,"comment_status":"open","ping_status":"closed","template":"","meta":{"_acf_changed":false},"product_brand":[],"product_cat":[1565],"product_tag":[],"class_list":{"0":"post-26352","1":"product","2":"type-product","3":"status-publish","5":"product_cat-yok-yok","7":"first","8":"instock","9":"taxable","10":"shipping-taxable","11":"purchasable","12":"product-type-simple","13":"add-to-wishlist-after_add_to_cart"},"acf":[],"_links":{"self":[{"href":"https:\/\/www.makitamarket.com.tr\/site\/wp-json\/wp\/v2\/product\/26352","targetHints":{"allow":["GET"]}}],"collection":[{"href":"https:\/\/www.makitamarket.com.tr\/site\/wp-json\/wp\/v2\/product"}],"about":[{"href":"https:\/\/www.makitamarket.com.tr\/site\/wp-json\/wp\/v2\/types\/product"}],"replies":[{"embeddable":true,"href":"https:\/\/www.makitamarket.com.tr\/site\/wp-json\/wp\/v2\/comments?post=26352"}],"wp:attachment":[{"href":"https:\/\/www.makitamarket.com.tr\/site\/wp-json\/wp\/v2\/media?parent=26352"}],"wp:term":[{"taxonomy":"product_brand","embeddable":true,"href":"https:\/\/www.makitamarket.com.tr\/site\/wp-json\/wp\/v2\/product_brand?post=26352"},{"taxonomy":"product_cat","embeddable":true,"href":"https:\/\/www.makitamarket.com.tr\/site\/wp-json\/wp\/v2\/product_cat?post=26352"},{"taxonomy":"product_tag","embeddable":true,"href":"https:\/\/www.makitamarket.com.tr\/site\/wp-json\/wp\/v2\/product_tag?post=26352"}],"curies":[{"name":"wp","href":"https:\/\/api.w.org\/{rel}","templated":true}]}}