{"id":26353,"date":"2026-04-06T18:39:57","date_gmt":"2026-04-06T15:39:57","guid":{"rendered":"https:\/\/www.makitamarket.com.tr\/site\/urun\/uni-t-sheut25cl-kablo-bulucu\/"},"modified":"2026-04-06T18:39:57","modified_gmt":"2026-04-06T15:39:57","slug":"uni-t-sheut25cl-kablo-bulucu","status":"publish","type":"product","link":"https:\/\/www.makitamarket.com.tr\/site\/urun\/uni-t-sheut25cl-kablo-bulucu\/","title":{"rendered":"Uni-t SHEUT25CL Kablo Bulucu"},"content":{"rendered":"<table>\n<tr>\n<td>Gerilim<\/td>\n<td>CAT III 480V<\/td>\n<\/tr>\n<tr>\n<td>Frekans<\/td>\n<td>33KHz<\/td>\n<\/tr>\n<tr>\n<td>Sipari\u015f Kodu<\/td>\n<td>0,1,2,3,4,5,6,7<\/td>\n<\/tr>\n<tr>\n<td>Sinyal \u0130letimi<\/td>\n<td>\u00fc\u00e7 seviye: 1, 2, 3<\/td>\n<\/tr>\n<tr>\n<td>Dc Gerilim \u00d6l\u00e7\u00fcm\u00fc i\u00e7in Giri\u015f Empedans\u0131<\/td>\n<td>Yakla\u015f\u0131k 0~0,4 metre<\/td>\n<\/tr>\n<tr>\n<td>I\u015f\u0131k<\/td>\n<td>\u221a<\/td>\n<\/tr>\n<tr>\n<td>G\u00fcvenlik sertifikas\u0131<\/td>\n<td>CE, RoHS<\/td>\n<\/tr>\n<tr>\n<td>Hassasiyet<\/td>\n<td>\u221a<\/td>\n<\/tr>\n<tr>\n<td>Sinyal \u00c7\u0131k\u0131\u015f\u0131<\/td>\n<td>33KHZ<\/td>\n<\/tr>\n<tr>\n<td>Sinyal \u0130letimi<\/td>\n<td>\u00fc\u00e7 seviye: 1, 2, 3<\/td>\n<\/tr>\n<tr>\n<td>G\u00fcvenlik derecesi<\/td>\n<td>IP54<\/td>\n<\/tr>\n<tr>\n<td>G\u00fcvenlik derecesi<\/td>\n<td>2<\/td>\n<\/tr>\n<tr>\n<td>Tek kablo (L2) Voltaj belirleme<\/td>\n<td>AC\/DC 8~480V; AC: 50\/60Hz\/ %2,5 \u00b13 derece<\/td>\n<\/tr>\n<tr>\n<td>Derinlik<\/td>\n<td>Yakla\u015f\u0131k 0~2,5 m (tek kutuplu mod; tek devre: 2,5 m), Yakla\u015f\u0131k 0~0,5m (bipolar mod)<\/td>\n<\/tr>\n<tr>\n<td>Sesli ve LED G\u00f6stergesi<\/td>\n<td>\u221a<\/td>\n<\/tr>\n<tr>\n<td>Voltaj Aral\u0131\u011f\u0131<\/td>\n<td>80V ~ 1000V, 50Hz\/60Hz<\/td>\n<\/tr>\n<tr>\n<td>Ekran<\/td>\n<td>Segment kodlu LCD (TN; Yar\u0131saydam)<\/td>\n<\/tr>\n<tr>\n<td>Test<\/td>\n<td>Tek kutuplu \/ Bipolar Test \u221a(enerjili tel testi, maksimum voltaj 480V)<\/td>\n<\/tr>\n<\/table>\n","protected":false},"excerpt":{"rendered":"<p>Gerilim CAT III 480V Frekans 33KHz Sipari\u015f Kodu 0,1,2,3,4,5,6,7 Sinyal \u0130letimi \u00fc\u00e7 seviye: 1, 2, 3 Dc Gerilim \u00d6l\u00e7\u00fcm\u00fc i\u00e7in Giri\u015f Empedans\u0131 Yakla\u015f\u0131k 0~0,4 metre I\u015f\u0131k \u221a G\u00fcvenlik sertifikas\u0131 CE,<\/p>\n","protected":false},"featured_media":0,"comment_status":"open","ping_status":"closed","template":"","meta":{"_acf_changed":false},"product_brand":[],"product_cat":[1565],"product_tag":[],"class_list":{"0":"post-26353","1":"product","2":"type-product","3":"status-publish","5":"product_cat-yok-yok","7":"first","8":"outofstock","9":"taxable","10":"shipping-taxable","11":"purchasable","12":"product-type-simple","13":"add-to-wishlist-after_add_to_cart"},"acf":[],"_links":{"self":[{"href":"https:\/\/www.makitamarket.com.tr\/site\/wp-json\/wp\/v2\/product\/26353","targetHints":{"allow":["GET"]}}],"collection":[{"href":"https:\/\/www.makitamarket.com.tr\/site\/wp-json\/wp\/v2\/product"}],"about":[{"href":"https:\/\/www.makitamarket.com.tr\/site\/wp-json\/wp\/v2\/types\/product"}],"replies":[{"embeddable":true,"href":"https:\/\/www.makitamarket.com.tr\/site\/wp-json\/wp\/v2\/comments?post=26353"}],"wp:attachment":[{"href":"https:\/\/www.makitamarket.com.tr\/site\/wp-json\/wp\/v2\/media?parent=26353"}],"wp:term":[{"taxonomy":"product_brand","embeddable":true,"href":"https:\/\/www.makitamarket.com.tr\/site\/wp-json\/wp\/v2\/product_brand?post=26353"},{"taxonomy":"product_cat","embeddable":true,"href":"https:\/\/www.makitamarket.com.tr\/site\/wp-json\/wp\/v2\/product_cat?post=26353"},{"taxonomy":"product_tag","embeddable":true,"href":"https:\/\/www.makitamarket.com.tr\/site\/wp-json\/wp\/v2\/product_tag?post=26353"}],"curies":[{"name":"wp","href":"https:\/\/api.w.org\/{rel}","templated":true}]}}