{"id":26355,"date":"2026-04-06T18:39:59","date_gmt":"2026-04-06T15:39:59","guid":{"rendered":"https:\/\/www.makitamarket.com.tr\/site\/urun\/uni-t-ut343d-boya-kalinlik-olcer\/"},"modified":"2026-04-06T18:39:59","modified_gmt":"2026-04-06T15:39:59","slug":"uni-t-ut343d-boya-kalinlik-olcer","status":"publish","type":"product","link":"https:\/\/www.makitamarket.com.tr\/site\/urun\/uni-t-ut343d-boya-kalinlik-olcer\/","title":{"rendered":"Uni-t UT343D Boya Kal\u0131nl\u0131k \u00d6l\u00e7er"},"content":{"rendered":"<table>\n<tr>\n<td>\u00c7\u00f6z\u00fcn\u00fcrl\u00fck<\/td>\n<td>0.1um (0 ~ 99.9um); 1um (100 ~ 1250um)<\/td>\n<\/tr>\n<tr>\n<td>Boyutlar<\/td>\n<td>153,5 x 64,5 x 41 mm<\/td>\n<\/tr>\n<tr>\n<td>\u00d6l\u00e7\u00fcm Kapasitesi<\/td>\n<td>Maks \/ Min \/ Ortalama<\/td>\n<\/tr>\n<tr>\n<td>G\u00fc\u00e7<\/td>\n<td>3V pil x 2<\/td>\n<\/tr>\n<tr>\n<td>Alarm<\/td>\n<td>\u221a<\/td>\n<\/tr>\n<tr>\n<td>Do\u011fruluk<\/td>\n<td>\u00b1 (% 3 H + 1) um<\/td>\n<\/tr>\n<tr>\n<td>Ekran<\/td>\n<td>Oto. D\u00f6nebilen Ekran \u221a<\/td>\n<\/tr>\n<tr>\n<td>Ekran tipi<\/td>\n<td>2,0 in\u00e7 TFT LCD (320 x 240 piksel)<\/td>\n<\/tr>\n<tr>\n<td>\u00d6l\u00e7\u00fcm Aral\u0131\u011f\u0131<\/td>\n<td>0 ~ 1250um<\/td>\n<\/tr>\n<tr>\n<td>D\u00f6n\u00fc\u015ft\u00fcr\u00fcc\u00fc<\/td>\n<td>\u221a<\/td>\n<\/tr>\n<tr>\n<td>Sesli ve LED G\u00f6stergesi<\/td>\n<td>\u221a<\/td>\n<\/tr>\n<tr>\n<td>Ekran<\/td>\n<td>48 x 36 mm<\/td>\n<\/tr>\n<tr>\n<td>Veri Depolama<\/td>\n<td>500 grup<\/td>\n<\/tr>\n<tr>\n<td>LCD ekran \u0131\u015f\u0131\u011f\u0131<\/td>\n<td>\u221a<\/td>\n<\/tr>\n<tr>\n<td>G\u00fc\u00e7<\/td>\n<td>\u221a<\/td>\n<\/tr>\n<tr>\n<td>USB giri\u015fi<\/td>\n<td>\u221a<\/td>\n<\/tr>\n<tr>\n<td>Otomatik Kapanma<\/td>\n<td>\u221a<\/td>\n<\/tr>\n<tr>\n<td>Net A\u011f\u0131rl\u0131k<\/td>\n<td>175 g<\/td>\n<\/tr>\n<tr>\n<td>D\u00fc\u015f\u00fck batarya g\u00f6stergesi<\/td>\n<td>\u221a<\/td>\n<\/tr>\n<tr>\n<td>Test Modu<\/td>\n<td>\u221a<\/td>\n<\/tr>\n<tr>\n<td>\u00d6l\u00e7\u00fcm Birimleri<\/td>\n<td>Tek \/ S\u00fcrekli<\/td>\n<\/tr>\n<tr>\n<td>Metal alg\u0131lama<\/td>\n<td>Demir \/ Demir d\u0131\u015f\u0131 metal<\/td>\n<\/tr>\n<tr>\n<td>Yaz\u0131l\u0131m<\/td>\n<td>PC Analiz Yaz\u0131l\u0131m\u0131 \u221a<\/td>\n<\/tr>\n<\/table>\n","protected":false},"excerpt":{"rendered":"<p>\u00c7\u00f6z\u00fcn\u00fcrl\u00fck 0.1um (0 ~ 99.9um); 1um (100 ~ 1250um) Boyutlar 153,5 x 64,5 x 41 mm \u00d6l\u00e7\u00fcm Kapasitesi Maks \/ Min \/ Ortalama G\u00fc\u00e7 3V pil x 2 Alarm \u221a<\/p>\n","protected":false},"featured_media":0,"comment_status":"open","ping_status":"closed","template":"","meta":{"_acf_changed":false},"product_brand":[],"product_cat":[1565],"product_tag":[],"class_list":{"0":"post-26355","1":"product","2":"type-product","3":"status-publish","5":"product_cat-yok-yok","7":"first","8":"outofstock","9":"taxable","10":"shipping-taxable","11":"purchasable","12":"product-type-simple","13":"add-to-wishlist-after_add_to_cart"},"acf":[],"_links":{"self":[{"href":"https:\/\/www.makitamarket.com.tr\/site\/wp-json\/wp\/v2\/product\/26355","targetHints":{"allow":["GET"]}}],"collection":[{"href":"https:\/\/www.makitamarket.com.tr\/site\/wp-json\/wp\/v2\/product"}],"about":[{"href":"https:\/\/www.makitamarket.com.tr\/site\/wp-json\/wp\/v2\/types\/product"}],"replies":[{"embeddable":true,"href":"https:\/\/www.makitamarket.com.tr\/site\/wp-json\/wp\/v2\/comments?post=26355"}],"wp:attachment":[{"href":"https:\/\/www.makitamarket.com.tr\/site\/wp-json\/wp\/v2\/media?parent=26355"}],"wp:term":[{"taxonomy":"product_brand","embeddable":true,"href":"https:\/\/www.makitamarket.com.tr\/site\/wp-json\/wp\/v2\/product_brand?post=26355"},{"taxonomy":"product_cat","embeddable":true,"href":"https:\/\/www.makitamarket.com.tr\/site\/wp-json\/wp\/v2\/product_cat?post=26355"},{"taxonomy":"product_tag","embeddable":true,"href":"https:\/\/www.makitamarket.com.tr\/site\/wp-json\/wp\/v2\/product_tag?post=26355"}],"curies":[{"name":"wp","href":"https:\/\/api.w.org\/{rel}","templated":true}]}}