{"id":26357,"date":"2026-04-06T18:40:00","date_gmt":"2026-04-06T15:40:00","guid":{"rendered":"https:\/\/www.makitamarket.com.tr\/site\/urun\/uni-t-ut336a-sogutucu-gaz-kacak-dedektoru\/"},"modified":"2026-04-06T18:40:00","modified_gmt":"2026-04-06T15:40:00","slug":"uni-t-ut336a-sogutucu-gaz-kacak-dedektoru","status":"publish","type":"product","link":"https:\/\/www.makitamarket.com.tr\/site\/urun\/uni-t-ut336a-sogutucu-gaz-kacak-dedektoru\/","title":{"rendered":"Uni-t UT336A So\u011futucu Gaz Ka\u00e7ak Dedekt\u00f6r\u00fc"},"content":{"rendered":"<table>\n<tr>\n<td>I\u015f\u0131k<\/td>\n<td>6 Seviye<\/td>\n<\/tr>\n<tr>\n<td>Hassasiyet<\/td>\n<td>3g\/a<\/td>\n<\/tr>\n<tr>\n<td>Modeli<\/td>\n<td>UT336A<\/td>\n<\/tr>\n<tr>\n<td>Sens\u00f6r<\/td>\n<td>Negatif Korona Sens\u00f6r\u00fc<\/td>\n<\/tr>\n<tr>\n<td>Batarya<\/td>\n<td>\u221a<\/td>\n<\/tr>\n<tr>\n<td>Is\u0131nma  S\u00fcresi<\/td>\n<td>3sn<\/td>\n<\/tr>\n<tr>\n<td>Ses D\u00fczeyi<\/td>\n<td>Sesini kapatmak<\/td>\n<\/tr>\n<tr>\n<td>Otomatik Kapanma<\/td>\n<td>\u221a<\/td>\n<\/tr>\n<tr>\n<td>\u00c7al\u0131\u015fma S\u0131cakl\u0131\u011f\u0131<\/td>\n<td>0\u00b0C-50\u00b0C,\u02c2%95 RH(yo\u011fu\u015fmas\u0131z)<\/td>\n<\/tr>\n<tr>\n<td>\u00c7al\u0131\u015fma Hassasiyeti<\/td>\n<td>6 Seviye<\/td>\n<\/tr>\n<tr>\n<td>Pil \u00d6mr\u00fc<\/td>\n<td>20 saat<\/td>\n<\/tr>\n<tr>\n<td>\u00dcr\u00fcn Boyutu<\/td>\n<td>190x65x43mm(Prob \u00e7ubu\u011fu dahil de\u011fildir)<\/td>\n<\/tr>\n<tr>\n<td>\u00dcr\u00fcn Net A\u011f\u0131rl\u0131\u011f\u0131<\/td>\n<td>312g (Pil dahil de\u011fildir)<\/td>\n<\/tr>\n<tr>\n<td>Prob uzunlu\u011fu<\/td>\n<td>Normal alg\u0131lama durumunda yakla\u015f\u0131k 50 saat<\/td>\n<\/tr>\n<tr>\n<td>G\u00fc\u00e7 Kayna\u011f\u0131<\/td>\n<td>RH(yo\u011fu\u015fmas\u0131z) G\u00fc\u00e7 kayna\u011f\u0131 AA Alkalin Pil *4<\/td>\n<\/tr>\n<\/table>\n","protected":false},"excerpt":{"rendered":"<p>I\u015f\u0131k 6 Seviye Hassasiyet 3g\/a Modeli UT336A Sens\u00f6r Negatif Korona Sens\u00f6r\u00fc Batarya \u221a Is\u0131nma S\u00fcresi 3sn Ses D\u00fczeyi Sesini kapatmak Otomatik Kapanma \u221a \u00c7al\u0131\u015fma S\u0131cakl\u0131\u011f\u0131 0\u00b0C-50\u00b0C,\u02c2%95 RH(yo\u011fu\u015fmas\u0131z) \u00c7al\u0131\u015fma Hassasiyeti 6<\/p>\n","protected":false},"featured_media":0,"comment_status":"open","ping_status":"closed","template":"","meta":{"_acf_changed":false},"product_brand":[],"product_cat":[1565],"product_tag":[],"class_list":{"0":"post-26357","1":"product","2":"type-product","3":"status-publish","5":"product_cat-yok-yok","7":"first","8":"instock","9":"taxable","10":"shipping-taxable","11":"purchasable","12":"product-type-simple","13":"add-to-wishlist-after_add_to_cart"},"acf":[],"_links":{"self":[{"href":"https:\/\/www.makitamarket.com.tr\/site\/wp-json\/wp\/v2\/product\/26357","targetHints":{"allow":["GET"]}}],"collection":[{"href":"https:\/\/www.makitamarket.com.tr\/site\/wp-json\/wp\/v2\/product"}],"about":[{"href":"https:\/\/www.makitamarket.com.tr\/site\/wp-json\/wp\/v2\/types\/product"}],"replies":[{"embeddable":true,"href":"https:\/\/www.makitamarket.com.tr\/site\/wp-json\/wp\/v2\/comments?post=26357"}],"wp:attachment":[{"href":"https:\/\/www.makitamarket.com.tr\/site\/wp-json\/wp\/v2\/media?parent=26357"}],"wp:term":[{"taxonomy":"product_brand","embeddable":true,"href":"https:\/\/www.makitamarket.com.tr\/site\/wp-json\/wp\/v2\/product_brand?post=26357"},{"taxonomy":"product_cat","embeddable":true,"href":"https:\/\/www.makitamarket.com.tr\/site\/wp-json\/wp\/v2\/product_cat?post=26357"},{"taxonomy":"product_tag","embeddable":true,"href":"https:\/\/www.makitamarket.com.tr\/site\/wp-json\/wp\/v2\/product_tag?post=26357"}],"curies":[{"name":"wp","href":"https:\/\/api.w.org\/{rel}","templated":true}]}}