{"id":26370,"date":"2026-04-13T23:47:45","date_gmt":"2026-04-13T20:47:45","guid":{"rendered":"https:\/\/www.makitamarket.com.tr\/site\/urun\/exena-gauss-dielektrik-sb-e-p-wru-fo-src-is-ayakkabisi\/"},"modified":"2026-04-13T23:47:45","modified_gmt":"2026-04-13T20:47:45","slug":"exena-gauss-dielektrik-sb-e-p-wru-fo-src-is-ayakkabisi","status":"publish","type":"product","link":"https:\/\/www.makitamarket.com.tr\/site\/urun\/exena-gauss-dielektrik-sb-e-p-wru-fo-src-is-ayakkabisi\/","title":{"rendered":"Exena GAUSS DIELEKTRIK SB E P WRU FO SRC \u0130\u015e AYAKKABISI"},"content":{"rendered":"<ul>\n<li>Cilt deri, su itici \u00f6zelli\u011fi<\/li>\n<li><strong>Astar:<\/strong> Nefes alabilen, a\u015f\u0131nmaya dayan\u0131kl\u0131 astar<\/li>\n<li><strong>Burun Koruyucu:<\/strong> Non metallic (metalik olmayan) kompozit burun 200 j dayan\u0131kl\u0131k<\/li>\n<li><strong>Ara Taban:<\/strong> \u00c7elik<\/li>\n<li><strong>\u00c7\u0131kar\u0131labilir Taban:<\/strong> \u00c7\u0131kar\u0131labilir, yast\u0131kl\u0131, antistatik<\/li>\n<li><strong>Taban \u0130\u00e7eri\u011fi:<\/strong> PU-PU \u00c7ift dansite kaymaz SRC KATEGOR\u0130 3<\/li>\n<\/ul>\n<table><\/table>\n","protected":false},"excerpt":{"rendered":"<ul>\n<li>Cilt deri, su itici \u00f6zelli\u011fi<\/li>\n<li><strong>Astar:<\/strong> Nefes alabilen, a\u015f\u0131nmaya dayan\u0131kl\u0131 astar<\/li>\n<li><strong>Burun Koruyucu:<\/strong> Non metallic (metalik olmayan) kompozit burun 200 j dayan\u0131kl\u0131k<\/li>\n<li><strong>Ara Taban:<\/strong> \u00c7elik<\/li>\n<li><strong>\u00c7\u0131kar\u0131labilir Taban:<\/strong> \u00c7\u0131kar\u0131labilir, yast\u0131kl\u0131, antistatik<\/li>\n<li><strong>Taban \u0130\u00e7eri\u011fi:<\/strong> PU-PU \u00c7ift dansite kaymaz SRC KATEGOR\u0130 3<\/li>\n<\/ul>\n","protected":false},"featured_media":0,"comment_status":"open","ping_status":"closed","template":"","meta":{"_acf_changed":false},"product_brand":[],"product_cat":[1565],"product_tag":[],"class_list":{"0":"post-26370","1":"product","2":"type-product","3":"status-publish","5":"product_cat-yok-yok","7":"first","8":"outofstock","9":"taxable","10":"shipping-taxable","11":"purchasable","12":"product-type-simple","13":"add-to-wishlist-after_add_to_cart"},"acf":[],"_links":{"self":[{"href":"https:\/\/www.makitamarket.com.tr\/site\/wp-json\/wp\/v2\/product\/26370","targetHints":{"allow":["GET"]}}],"collection":[{"href":"https:\/\/www.makitamarket.com.tr\/site\/wp-json\/wp\/v2\/product"}],"about":[{"href":"https:\/\/www.makitamarket.com.tr\/site\/wp-json\/wp\/v2\/types\/product"}],"replies":[{"embeddable":true,"href":"https:\/\/www.makitamarket.com.tr\/site\/wp-json\/wp\/v2\/comments?post=26370"}],"wp:attachment":[{"href":"https:\/\/www.makitamarket.com.tr\/site\/wp-json\/wp\/v2\/media?parent=26370"}],"wp:term":[{"taxonomy":"product_brand","embeddable":true,"href":"https:\/\/www.makitamarket.com.tr\/site\/wp-json\/wp\/v2\/product_brand?post=26370"},{"taxonomy":"product_cat","embeddable":true,"href":"https:\/\/www.makitamarket.com.tr\/site\/wp-json\/wp\/v2\/product_cat?post=26370"},{"taxonomy":"product_tag","embeddable":true,"href":"https:\/\/www.makitamarket.com.tr\/site\/wp-json\/wp\/v2\/product_tag?post=26370"}],"curies":[{"name":"wp","href":"https:\/\/api.w.org\/{rel}","templated":true}]}}