{"id":26375,"date":"2026-04-14T00:00:45","date_gmt":"2026-04-13T21:00:45","guid":{"rendered":"https:\/\/www.makitamarket.com.tr\/site\/urun\/uni-t-ut17bpro-dijital-true-rms-multimetre\/"},"modified":"2026-04-14T00:00:45","modified_gmt":"2026-04-13T21:00:45","slug":"uni-t-ut17bpro-dijital-true-rms-multimetre","status":"publish","type":"product","link":"https:\/\/www.makitamarket.com.tr\/site\/urun\/uni-t-ut17bpro-dijital-true-rms-multimetre\/","title":{"rendered":"Uni-t UT17BPRO Dijital True RMS Multimetre"},"content":{"rendered":"<p>VFC, Otomatik Aral\u0131k, G\u00f6receli Mod, El Feneri, True RMS, S\u00fcreklilik Testi, Diot Testi, Max\/Min, Veri Tutma, D\u00fc\u015f\u00fck Pil G\u00f6stergesi, Otomatik Arka I\u015f\u0131k, Otomatik Kapanma<\/p>\n<table>\n<tr>\n<td>LCD ekran boyutlar\u0131<\/td>\n<td>66 x 51mm<\/td>\n<\/tr>\n<tr>\n<td>Kapasitans<\/td>\n<td>6000\u03bcF \u00b1(2%+5)<\/td>\n<\/tr>\n<tr>\n<td>AC Ak\u0131m<\/td>\n<td>10A \u00b1(1%+3)<\/td>\n<\/tr>\n<tr>\n<td>AC Frekans (Hz)<\/td>\n<td>40~500Hz<\/td>\n<\/tr>\n<tr>\n<td>Rezistans<\/td>\n<td>60M\u03a9 \u00b1(0.5%+2)<\/td>\n<\/tr>\n<tr>\n<td>G\u00f6r\u00fcnt\u00fcleme Say\u0131s\u0131<\/td>\n<td>6000<\/td>\n<\/tr>\n<tr>\n<td>Frekans<\/td>\n<td>10Hz~100kHz \u00b1(0.1%+3)<\/td>\n<\/tr>\n<tr>\n<td>G\u00fc\u00e7<\/td>\n<td>1.5V pil<\/td>\n<\/tr>\n<tr>\n<td>Boyutlar<\/td>\n<td>195 x 95 x 58mm<\/td>\n<\/tr>\n<tr>\n<td>S\u0131cakl\u0131k<\/td>\n<td>-55\u00b0C~ 500\u00b0C -67\u00b0F~ 932\u00b0F \u00b1(2%+1)<\/td>\n<\/tr>\n<tr>\n<td>Dc Voltaj<\/td>\n<td>1000V \u00b1(0.5%+3)<\/td>\n<\/tr>\n<tr>\n<td>G\u00f6rev D\u00f6ng\u00fcs\u00fc<\/td>\n<td>1~99% \u00b1(1%+4)<\/td>\n<\/tr>\n<tr>\n<td>AC Voltaj<\/td>\n<td>1000V \u00b1(1%+3)<\/td>\n<\/tr>\n<tr>\n<td>A\u011f\u0131rl\u0131k<\/td>\n<td>484g<\/td>\n<\/tr>\n<tr>\n<td>DC Ak\u0131m<\/td>\n<td>10A \u00b1(0.8%+3)<\/td>\n<\/tr>\n<\/table>\n","protected":false},"excerpt":{"rendered":"<p>VFC, Otomatik Aral\u0131k, G\u00f6receli Mod, El Feneri, True RMS, S\u00fcreklilik Testi, Diot Testi, Max\/Min, Veri Tutma, D\u00fc\u015f\u00fck Pil G\u00f6stergesi, Otomatik Arka I\u015f\u0131k, Otomatik Kapanma<\/p>\n","protected":false},"featured_media":0,"comment_status":"open","ping_status":"closed","template":"","meta":{"_acf_changed":false},"product_brand":[],"product_cat":[1565],"product_tag":[],"class_list":{"0":"post-26375","1":"product","2":"type-product","3":"status-publish","5":"product_cat-yok-yok","7":"first","8":"instock","9":"taxable","10":"shipping-taxable","11":"purchasable","12":"product-type-simple","13":"add-to-wishlist-after_add_to_cart"},"acf":[],"_links":{"self":[{"href":"https:\/\/www.makitamarket.com.tr\/site\/wp-json\/wp\/v2\/product\/26375","targetHints":{"allow":["GET"]}}],"collection":[{"href":"https:\/\/www.makitamarket.com.tr\/site\/wp-json\/wp\/v2\/product"}],"about":[{"href":"https:\/\/www.makitamarket.com.tr\/site\/wp-json\/wp\/v2\/types\/product"}],"replies":[{"embeddable":true,"href":"https:\/\/www.makitamarket.com.tr\/site\/wp-json\/wp\/v2\/comments?post=26375"}],"wp:attachment":[{"href":"https:\/\/www.makitamarket.com.tr\/site\/wp-json\/wp\/v2\/media?parent=26375"}],"wp:term":[{"taxonomy":"product_brand","embeddable":true,"href":"https:\/\/www.makitamarket.com.tr\/site\/wp-json\/wp\/v2\/product_brand?post=26375"},{"taxonomy":"product_cat","embeddable":true,"href":"https:\/\/www.makitamarket.com.tr\/site\/wp-json\/wp\/v2\/product_cat?post=26375"},{"taxonomy":"product_tag","embeddable":true,"href":"https:\/\/www.makitamarket.com.tr\/site\/wp-json\/wp\/v2\/product_tag?post=26375"}],"curies":[{"name":"wp","href":"https:\/\/api.w.org\/{rel}","templated":true}]}}