{"id":26376,"date":"2026-04-14T00:00:46","date_gmt":"2026-04-13T21:00:46","guid":{"rendered":"https:\/\/www.makitamarket.com.tr\/site\/urun\/uni-t-ut191t-profesyonel-true-rms-multimetre\/"},"modified":"2026-04-14T00:00:46","modified_gmt":"2026-04-13T21:00:46","slug":"uni-t-ut191t-profesyonel-true-rms-multimetre","status":"publish","type":"product","link":"https:\/\/www.makitamarket.com.tr\/site\/urun\/uni-t-ut191t-profesyonel-true-rms-multimetre\/","title":{"rendered":"Uni-t UT191T Profesyonel True Rms Multimetre"},"content":{"rendered":"<p>Test kablosu, pil, ta\u015f\u0131ma \u00e7antas\u0131, temas noktas\u0131 s\u0131cakl\u0131k probu<\/p>\n<table>\n<tr>\n<td>\u00dcr\u00fcn Net A\u011f\u0131rl\u0131\u011f\u0131<\/td>\n<td>428 g<\/td>\n<\/tr>\n<tr>\n<td>S\u0131cakl\u0131k<\/td>\n<td>-40 \u00b0C ~ 400 \u00b0C (0.1 \u00b0C \u00e7\u00f6z\u00fcn\u00fcrl\u00fck) \u00b1 (% 1 + 20)<\/td>\n<\/tr>\n<tr>\n<td>ACV \u00c7\u00f6z\u00fcn\u00fcrl\u00fc\u011f\u00fc<\/td>\n<td>\u00b1 (% 2 \uff0b 5)<\/td>\n<\/tr>\n<tr>\n<td>AC Ak\u0131m<\/td>\n<td>20A \u00b1 (% 1 + 3)<\/td>\n<\/tr>\n<tr>\n<td>LCD ekran boyutlar\u0131<\/td>\n<td>58 mm x 42 mm<\/td>\n<\/tr>\n<tr>\n<td>El Feneri \u00d6zelli\u011fi<\/td>\n<td>\/ \u221a<\/td>\n<\/tr>\n<tr>\n<td>\u00dcr\u00fcn Boyutu<\/td>\n<td>&#8220;180 mm x 87 mm x 59 mm &#8220;<\/td>\n<\/tr>\n<tr>\n<td>G\u00f6rev D\u00f6ng\u00fcs\u00fc<\/td>\n<td>% 0.1 ~% 99.9 \u00b1 (% 2 \uff0b 5)<\/td>\n<\/tr>\n<tr>\n<td>LoZ ACV<\/td>\n<td>600V \u00b1 (% 2 \uff0b 5)<\/td>\n<\/tr>\n<tr>\n<td>DC Ak\u0131m<\/td>\n<td>20A \u00b1 (% 0.8 + 3)<\/td>\n<\/tr>\n<tr>\n<td>Kapasite SW<\/td>\n<td>60mF \u00b1 (% 3 + 5)<\/td>\n<\/tr>\n<tr>\n<td>Dc Voltaj<\/td>\n<td>600V \u00b1 (% 0,5 \uff0b 3)<\/td>\n<\/tr>\n<tr>\n<td>Ekran<\/td>\n<td>6000<\/td>\n<\/tr>\n<tr>\n<td>D\u00fc\u015fme Testi<\/td>\n<td>\u221a<\/td>\n<\/tr>\n<tr>\n<td>Analog Bar<\/td>\n<td>31 b\u00f6l\u00fcm<\/td>\n<\/tr>\n<tr>\n<td>AC Voltaj Frekans Yan\u0131t\u0131<\/td>\n<td>45 Hz ~ 400 Hz<\/td>\n<\/tr>\n<tr>\n<td>ACV<\/td>\n<td>\u00b1 (% 2 + 100)<\/td>\n<\/tr>\n<tr>\n<td>S\u0131cakl\u0131k<\/td>\n<td>-40 \u00b0F ~ 752 \u00b0F (0.2 \u00b0F \u00e7\u00f6z\u00fcn\u00fcrl\u00fck) \u00b1 (% 1 + 40)-40 \u00b0F ~ 752 \u00b0F (0.2 \u00b0F \u00e7\u00f6z\u00fcn\u00fcrl\u00fck) \u00b1 (% 1 + 40)<\/td>\n<\/tr>\n<tr>\n<td>Frekans<\/td>\n<td>10 Hz ~ 1 MHz \u00b1 (% 0.1 + 4)<\/td>\n<\/tr>\n<tr>\n<td>\u00d6rnekleme Oran\u0131<\/td>\n<td>3 kez \/ saniye<\/td>\n<\/tr>\n<tr>\n<td>\u00dcr\u00fcn Rengi<\/td>\n<td>K\u0131rm\u0131z\u0131 ve gri<\/td>\n<\/tr>\n<tr>\n<td>G\u00fc\u00e7<\/td>\n<td>9V pil<\/td>\n<\/tr>\n<tr>\n<td>Diren\u00e7 (\u2126)<\/td>\n<td>60 mOhm \u00b1 (% 0,8 + 2)<\/td>\n<\/tr>\n<tr>\n<td>Max. Ak\u0131m T\u00fcketim<\/td>\n<td>\u00b1 (% 3 + 100)<\/td>\n<\/tr>\n<tr>\n<td>AC Voltaj<\/td>\n<td>600V \u00b1 (% 0.7 \uff0b 3)<\/td>\n<\/tr>\n<tr>\n<td>AC Ak\u0131m Frekans Yan\u0131t\u0131<\/td>\n<td>45 Hz ~ 400 Hz<\/td>\n<\/tr>\n<\/table>\n","protected":false},"excerpt":{"rendered":"<p>Test kablosu, pil, ta\u015f\u0131ma \u00e7antas\u0131, temas noktas\u0131 s\u0131cakl\u0131k probu<\/p>\n","protected":false},"featured_media":0,"comment_status":"open","ping_status":"closed","template":"","meta":{"_acf_changed":false},"product_brand":[],"product_cat":[1565],"product_tag":[],"class_list":{"0":"post-26376","1":"product","2":"type-product","3":"status-publish","5":"product_cat-yok-yok","7":"first","8":"instock","9":"taxable","10":"shipping-taxable","11":"purchasable","12":"product-type-simple","13":"add-to-wishlist-after_add_to_cart"},"acf":[],"_links":{"self":[{"href":"https:\/\/www.makitamarket.com.tr\/site\/wp-json\/wp\/v2\/product\/26376","targetHints":{"allow":["GET"]}}],"collection":[{"href":"https:\/\/www.makitamarket.com.tr\/site\/wp-json\/wp\/v2\/product"}],"about":[{"href":"https:\/\/www.makitamarket.com.tr\/site\/wp-json\/wp\/v2\/types\/product"}],"replies":[{"embeddable":true,"href":"https:\/\/www.makitamarket.com.tr\/site\/wp-json\/wp\/v2\/comments?post=26376"}],"wp:attachment":[{"href":"https:\/\/www.makitamarket.com.tr\/site\/wp-json\/wp\/v2\/media?parent=26376"}],"wp:term":[{"taxonomy":"product_brand","embeddable":true,"href":"https:\/\/www.makitamarket.com.tr\/site\/wp-json\/wp\/v2\/product_brand?post=26376"},{"taxonomy":"product_cat","embeddable":true,"href":"https:\/\/www.makitamarket.com.tr\/site\/wp-json\/wp\/v2\/product_cat?post=26376"},{"taxonomy":"product_tag","embeddable":true,"href":"https:\/\/www.makitamarket.com.tr\/site\/wp-json\/wp\/v2\/product_tag?post=26376"}],"curies":[{"name":"wp","href":"https:\/\/api.w.org\/{rel}","templated":true}]}}