{"id":26378,"date":"2026-04-14T00:01:36","date_gmt":"2026-04-13T21:01:36","guid":{"rendered":"https:\/\/www.makitamarket.com.tr\/site\/urun\/uni-t-lm320e-yuksek-hassasiyetli-aci-olcerlazerli\/"},"modified":"2026-04-21T05:27:08","modified_gmt":"2026-04-21T02:27:08","slug":"uni-t-lm320e-yuksek-hassasiyetli-aci-olcerlazerli","status":"publish","type":"product","link":"https:\/\/www.makitamarket.com.tr\/site\/urun\/uni-t-lm320e-yuksek-hassasiyetli-aci-olcerlazerli\/","title":{"rendered":"Uni-t LM320E Y\u00fcksek Hassasiyetli A\u00e7\u0131 \u00d6l\u00e7er(Lazerli)"},"content":{"rendered":"<table>\n<tr>\n<td>G\u00fcvenlik sertifikas\u0131<\/td>\n<td>CE, RoHS<\/td>\n<\/tr>\n<tr>\n<td>G\u00f6sterge birim se\u00e7imi<\/td>\n<td>mm\/m, in\/ft, %, \u00b0<\/td>\n<\/tr>\n<tr>\n<td>Ekran<\/td>\n<td>EBTN, dijital t\u00fcp mod\u00fcl\u00fc \u2013 HD ekran<\/td>\n<\/tr>\n<tr>\n<td>Manyetik Taban (U x G)<\/td>\n<td>Evet (2 tarafl\u0131, modele g\u00f6re de\u011fi\u015febilir)<\/td>\n<\/tr>\n<tr>\n<td>G\u00f6sterge<\/td>\n<td>\u0130ki tarafl\u0131 lazer<\/td>\n<\/tr>\n<tr>\n<td>\u00c7al\u0131\u015fma S\u00fcresi<\/td>\n<td>Yakla\u015f\u0131k 2 saat s\u00fcrekli kullan\u0131m<\/td>\n<\/tr>\n<tr>\n<td>G\u00f6vde Materyali<\/td>\n<td>Al\u00fcminyum ala\u015f\u0131m<\/td>\n<\/tr>\n<tr>\n<td>Ek \u00d6zellikler<\/td>\n<td>Al\u00fcminyum ala\u015f\u0131ml\u0131 g\u00f6vde, 2 tarafl\u0131 m\u0131knat\u0131sl\u0131 taban<\/td>\n<\/tr>\n<tr>\n<td>\u00c7\u00f6z\u00fcn\u00fcrl\u00fck<\/td>\n<td>0,01\u00b0<\/td>\n<\/tr>\n<tr>\n<td>Renk<\/td>\n<td>Siyah &#038; K\u0131rm\u0131z\u0131<\/td>\n<\/tr>\n<tr>\n<td>A\u011f\u0131rl\u0131k<\/td>\n<td>~106 g<\/td>\n<\/tr>\n<tr>\n<td>Hassasiyet<\/td>\n<td>\u00b10,2\u00b0<\/td>\n<\/tr>\n<tr>\n<td>Pil<\/td>\n<td>3,7 V 300 mAh lityum (\u015farjl\u0131)<\/td>\n<\/tr>\n<tr>\n<td>D\u00fc\u015f\u00fck Pil Uyar\u0131s\u0131<\/td>\n<td>Evet<\/td>\n<\/tr>\n<tr>\n<td>Veri tutma<\/td>\n<td>Evet<\/td>\n<\/tr>\n<tr>\n<td>Otomatik Kapanma<\/td>\n<td>Evet<\/td>\n<\/tr>\n<tr>\n<td>Boyutlar<\/td>\n<td>60 \u00d7 60 \u00d7 30 mm<\/td>\n<\/tr>\n<tr>\n<td>Hassasiyet<\/td>\n<td>Lazer \u00b13 mm \/ 5 m<\/td>\n<\/tr>\n<tr>\n<td>\u015earj Kablosu<\/td>\n<td>USB Type-C<\/td>\n<\/tr>\n<tr>\n<td>\u00d6l\u00e7\u00fcm Aral\u0131\u011f\u0131<\/td>\n<td>4 \u00d7 90\u00b0<\/td>\n<\/tr>\n<tr>\n<td>\u00d6l\u00e7\u00fcm Mesafesi<\/td>\n<td>Ba\u011f\u0131l ve mutlak de\u011fer<\/td>\n<\/tr>\n<\/table>\n","protected":false},"excerpt":{"rendered":"<p>G\u00fcvenlik sertifikas\u0131 CE, RoHS G\u00f6sterge birim se\u00e7imi mm\/m, in\/ft, %, \u00b0 Ekran EBTN, dijital t\u00fcp mod\u00fcl\u00fc \u2013 HD ekran Manyetik Taban (U x G) Evet (2 tarafl\u0131, modele g\u00f6re de\u011fi\u015febilir)<\/p>\n","protected":false},"featured_media":0,"comment_status":"open","ping_status":"closed","template":"","meta":{"_acf_changed":false},"product_brand":[1531],"product_cat":[1565],"product_tag":[],"class_list":{"0":"post-26378","1":"product","2":"type-product","3":"status-publish","5":"product_brand-uni-t","6":"product_cat-yok-yok","8":"first","9":"instock","10":"taxable","11":"shipping-taxable","12":"purchasable","13":"product-type-simple","14":"add-to-wishlist-after_add_to_cart"},"acf":[],"_links":{"self":[{"href":"https:\/\/www.makitamarket.com.tr\/site\/wp-json\/wp\/v2\/product\/26378","targetHints":{"allow":["GET"]}}],"collection":[{"href":"https:\/\/www.makitamarket.com.tr\/site\/wp-json\/wp\/v2\/product"}],"about":[{"href":"https:\/\/www.makitamarket.com.tr\/site\/wp-json\/wp\/v2\/types\/product"}],"replies":[{"embeddable":true,"href":"https:\/\/www.makitamarket.com.tr\/site\/wp-json\/wp\/v2\/comments?post=26378"}],"wp:attachment":[{"href":"https:\/\/www.makitamarket.com.tr\/site\/wp-json\/wp\/v2\/media?parent=26378"}],"wp:term":[{"taxonomy":"product_brand","embeddable":true,"href":"https:\/\/www.makitamarket.com.tr\/site\/wp-json\/wp\/v2\/product_brand?post=26378"},{"taxonomy":"product_cat","embeddable":true,"href":"https:\/\/www.makitamarket.com.tr\/site\/wp-json\/wp\/v2\/product_cat?post=26378"},{"taxonomy":"product_tag","embeddable":true,"href":"https:\/\/www.makitamarket.com.tr\/site\/wp-json\/wp\/v2\/product_tag?post=26378"}],"curies":[{"name":"wp","href":"https:\/\/api.w.org\/{rel}","templated":true}]}}