{"id":26379,"date":"2026-04-14T00:01:39","date_gmt":"2026-04-13T21:01:39","guid":{"rendered":"https:\/\/www.makitamarket.com.tr\/site\/urun\/uni-t-ut12e-temassiz-voltaj-test-kalemi\/"},"modified":"2026-04-14T00:01:39","modified_gmt":"2026-04-13T21:01:39","slug":"uni-t-ut12e-temassiz-voltaj-test-kalemi","status":"publish","type":"product","link":"https:\/\/www.makitamarket.com.tr\/site\/urun\/uni-t-ut12e-temassiz-voltaj-test-kalemi\/","title":{"rendered":"Uni-t UT12E Temass\u0131z Voltaj Test Kalemi"},"content":{"rendered":"<table>\n<tr>\n<td>\u00dcr\u00fcn Net A\u011f\u0131rl\u0131\u011f\u0131<\/td>\n<td>72g<\/td>\n<\/tr>\n<tr>\n<td>Titre\u015fim Say\u0131s\u0131<\/td>\n<td>\u221a<\/td>\n<\/tr>\n<tr>\n<td>Led G\u00f6stergesi<\/td>\n<td>\u221a<\/td>\n<\/tr>\n<tr>\n<td>Ses<\/td>\n<td>\u221a<\/td>\n<\/tr>\n<tr>\n<td>Sesli ve LED G\u00f6stergesi<\/td>\n<td>\u221a<\/td>\n<\/tr>\n<tr>\n<td>D\u00fc\u015f\u00fck Voltaj G\u00f6stergesi<\/td>\n<td>\u221a<\/td>\n<\/tr>\n<tr>\n<td>\u00dcr\u00fcn Rengi<\/td>\n<td>k\u0131rm\u0131z\u0131 ve gri<\/td>\n<\/tr>\n<tr>\n<td>Otomatik Kapanma<\/td>\n<td>\u221a<\/td>\n<\/tr>\n<tr>\n<td>G\u00fc\u00e7<\/td>\n<td>1,5V pil (R03) x 2<\/td>\n<\/tr>\n<tr>\n<td>Standart Aksesuarlar<\/td>\n<td>Piller<\/td>\n<\/tr>\n<tr>\n<td>\u00dcr\u00fcn Boyutu<\/td>\n<td>160,5 mm x 21,5 mm x 25 mm<\/td>\n<\/tr>\n<tr>\n<td>D\u00fc\u015fme Testi<\/td>\n<td>2m<\/td>\n<\/tr>\n<tr>\n<td>Frekans<\/td>\n<td>50\/60Hz<\/td>\n<\/tr>\n<tr>\n<td>AC Voltaj\u0131 (D\u00fc\u015f\u00fck)<\/td>\n<td>24V~1000V<\/td>\n<\/tr>\n<tr>\n<td>AC Voltaj\u0131 (Y\u00fcksek)<\/td>\n<td>90V~1000V<\/td>\n<\/tr>\n<tr>\n<td>El Feneri \u00d6zelli\u011fi<\/td>\n<td>\u221a<\/td>\n<\/tr>\n<\/table>\n","protected":false},"excerpt":{"rendered":"<p>\u00dcr\u00fcn Net A\u011f\u0131rl\u0131\u011f\u0131 72g Titre\u015fim Say\u0131s\u0131 \u221a Led G\u00f6stergesi \u221a Ses \u221a Sesli ve LED G\u00f6stergesi \u221a D\u00fc\u015f\u00fck Voltaj G\u00f6stergesi \u221a \u00dcr\u00fcn Rengi k\u0131rm\u0131z\u0131 ve gri Otomatik Kapanma \u221a G\u00fc\u00e7<\/p>\n","protected":false},"featured_media":0,"comment_status":"open","ping_status":"closed","template":"","meta":{"_acf_changed":false},"product_brand":[],"product_cat":[1565],"product_tag":[],"class_list":{"0":"post-26379","1":"product","2":"type-product","3":"status-publish","5":"product_cat-yok-yok","7":"first","8":"instock","9":"taxable","10":"shipping-taxable","11":"purchasable","12":"product-type-simple","13":"add-to-wishlist-after_add_to_cart"},"acf":[],"_links":{"self":[{"href":"https:\/\/www.makitamarket.com.tr\/site\/wp-json\/wp\/v2\/product\/26379","targetHints":{"allow":["GET"]}}],"collection":[{"href":"https:\/\/www.makitamarket.com.tr\/site\/wp-json\/wp\/v2\/product"}],"about":[{"href":"https:\/\/www.makitamarket.com.tr\/site\/wp-json\/wp\/v2\/types\/product"}],"replies":[{"embeddable":true,"href":"https:\/\/www.makitamarket.com.tr\/site\/wp-json\/wp\/v2\/comments?post=26379"}],"wp:attachment":[{"href":"https:\/\/www.makitamarket.com.tr\/site\/wp-json\/wp\/v2\/media?parent=26379"}],"wp:term":[{"taxonomy":"product_brand","embeddable":true,"href":"https:\/\/www.makitamarket.com.tr\/site\/wp-json\/wp\/v2\/product_brand?post=26379"},{"taxonomy":"product_cat","embeddable":true,"href":"https:\/\/www.makitamarket.com.tr\/site\/wp-json\/wp\/v2\/product_cat?post=26379"},{"taxonomy":"product_tag","embeddable":true,"href":"https:\/\/www.makitamarket.com.tr\/site\/wp-json\/wp\/v2\/product_tag?post=26379"}],"curies":[{"name":"wp","href":"https:\/\/api.w.org\/{rel}","templated":true}]}}