{"id":26380,"date":"2026-04-14T00:01:43","date_gmt":"2026-04-13T21:01:43","guid":{"rendered":"https:\/\/www.makitamarket.com.tr\/site\/urun\/uni-t-ut261a-dijital-faz-sirasi-olcer\/"},"modified":"2026-04-14T00:01:43","modified_gmt":"2026-04-13T21:01:43","slug":"uni-t-ut261a-dijital-faz-sirasi-olcer","status":"publish","type":"product","link":"https:\/\/www.makitamarket.com.tr\/site\/urun\/uni-t-ut261a-dijital-faz-sirasi-olcer\/","title":{"rendered":"Uni-t UT261A Dijital Faz S\u0131ras\u0131 \u00d6l\u00e7er"},"content":{"rendered":"<table>\n<tr>\n<td>\u00dcr\u00fcn Rengi<\/td>\n<td>K\u0131rm\u0131z\u0131 ve gri<\/td>\n<\/tr>\n<tr>\n<td>Ambalaj \u0130\u00e7eri\u011fi<\/td>\n<td>Hediye kutusu, \u0130ngilizce manuel, ta\u015f\u0131ma \u00e7antas\u0131<\/td>\n<\/tr>\n<tr>\n<td>\u00c7al\u0131\u015fma Ak\u0131m\u0131<\/td>\n<td><1mA<\/td>\n<\/tr>\n<tr>\n<td>AC Voltaj (V)<\/td>\n<td>40V ~ 690V<\/td>\n<\/tr>\n<tr>\n<td>\u00dcr\u00fcn Net A\u011f\u0131rl\u0131\u011f\u0131<\/td>\n<td>160g<\/td>\n<\/tr>\n<tr>\n<td>Frekans<\/td>\n<td>15Hz ~ 400Hz<\/td>\n<\/tr>\n<tr>\n<td>\u00dcr\u00fcn Boyutu<\/td>\n<td>123 mm x 71 mm x 29 mm<\/td>\n<\/tr>\n<tr>\n<td>Faz Say\u0131s\u0131<\/td>\n<td>LCD<\/td>\n<\/tr>\n<tr>\n<td>Standart Aksesuarlar<\/td>\n<td>Ak\u00fc, timsah klipsli test ucu x 3<\/td>\n<\/tr>\n<tr>\n<td>G\u00f6sterge<\/td>\n<td>Eksik faz g\u00f6stergesi <\/td>\n<\/tr>\n<tr>\n<td>G\u00fc\u00e7<\/td>\n<td>Pil gerekmez<\/td>\n<\/tr>\n<\/table>\n","protected":false},"excerpt":{"rendered":"<p>\u00dcr\u00fcn Rengi K\u0131rm\u0131z\u0131 ve gri Ambalaj \u0130\u00e7eri\u011fi Hediye kutusu, \u0130ngilizce manuel, ta\u015f\u0131ma \u00e7antas\u0131 \u00c7al\u0131\u015fma Ak\u0131m\u0131<\/p>\n","protected":false},"featured_media":0,"comment_status":"open","ping_status":"closed","template":"","meta":{"_acf_changed":false},"product_brand":[],"product_cat":[1565],"product_tag":[],"class_list":{"0":"post-26380","1":"product","2":"type-product","3":"status-publish","5":"product_cat-yok-yok","7":"first","8":"instock","9":"taxable","10":"shipping-taxable","11":"purchasable","12":"product-type-simple","13":"add-to-wishlist-after_add_to_cart"},"acf":[],"_links":{"self":[{"href":"https:\/\/www.makitamarket.com.tr\/site\/wp-json\/wp\/v2\/product\/26380","targetHints":{"allow":["GET"]}}],"collection":[{"href":"https:\/\/www.makitamarket.com.tr\/site\/wp-json\/wp\/v2\/product"}],"about":[{"href":"https:\/\/www.makitamarket.com.tr\/site\/wp-json\/wp\/v2\/types\/product"}],"replies":[{"embeddable":true,"href":"https:\/\/www.makitamarket.com.tr\/site\/wp-json\/wp\/v2\/comments?post=26380"}],"wp:attachment":[{"href":"https:\/\/www.makitamarket.com.tr\/site\/wp-json\/wp\/v2\/media?parent=26380"}],"wp:term":[{"taxonomy":"product_brand","embeddable":true,"href":"https:\/\/www.makitamarket.com.tr\/site\/wp-json\/wp\/v2\/product_brand?post=26380"},{"taxonomy":"product_cat","embeddable":true,"href":"https:\/\/www.makitamarket.com.tr\/site\/wp-json\/wp\/v2\/product_cat?post=26380"},{"taxonomy":"product_tag","embeddable":true,"href":"https:\/\/www.makitamarket.com.tr\/site\/wp-json\/wp\/v2\/product_tag?post=26380"}],"curies":[{"name":"wp","href":"https:\/\/api.w.org\/{rel}","templated":true}]}}