{"id":26381,"date":"2026-04-14T00:01:44","date_gmt":"2026-04-13T21:01:44","guid":{"rendered":"https:\/\/www.makitamarket.com.tr\/site\/urun\/uni-t-ut262e-temassiz-faz-dedektoru\/"},"modified":"2026-04-14T00:01:44","modified_gmt":"2026-04-13T21:01:44","slug":"uni-t-ut262e-temassiz-faz-dedektoru","status":"publish","type":"product","link":"https:\/\/www.makitamarket.com.tr\/site\/urun\/uni-t-ut262e-temassiz-faz-dedektoru\/","title":{"rendered":"Uni-t UT262E Temass\u0131z Faz Dedekt\u00f6r\u00fc"},"content":{"rendered":"<table>\n<tr>\n<td>A\u011f\u0131rl\u0131k<\/td>\n<td>191,5 g (piller hari\u00e7)<\/td>\n<\/tr>\n<tr>\n<td>Boyutlar<\/td>\n<td>88x30x66mm<\/td>\n<\/tr>\n<tr>\n<td>\u00c7al\u0131\u015fma Frekans\u0131<\/td>\n<td>50Hz \/ 60Hz (\u00b1% 10)<\/td>\n<\/tr>\n<tr>\n<td>Otomatik Kapanma<\/td>\n<td>~5dk<\/td>\n<\/tr>\n<tr>\n<td>\u00c7al\u0131\u015fma S\u0131cakl\u0131\u011f\u0131<\/td>\n<td>32~122\u00b0F (0~50\u00b0C)<\/td>\n<\/tr>\n<tr>\n<td>G\u00fc\u00e7 Kayna\u011f\u0131<\/td>\n<td>1.5V AA * 2 alkalin piller<\/td>\n<\/tr>\n<tr>\n<td>Gerilim Mukavemeti<\/td>\n<td>\u00dc\u00e7 fazl\u0131 voltaj, 70-1000V AC (45Hz ~ 66Hz)<\/td>\n<\/tr>\n<tr>\n<td>Test y\u00fck\u00fc<\/td>\n<td>Temass\u0131z s\u0131k\u0131\u015ft\u0131rma<\/td>\n<\/tr>\n<tr>\n<td>S\u00fcrekli \u00c7al\u0131\u015fma S\u00fcresi  ( Saat )<\/td>\n<td>20 saatten fazla<\/td>\n<\/tr>\n<tr>\n<td>D\u00fc\u015f\u00fck Pil Uyar\u0131s\u0131<\/td>\n<td>\u221a<\/td>\n<\/tr>\n<\/table>\n","protected":false},"excerpt":{"rendered":"<p>A\u011f\u0131rl\u0131k 191,5 g (piller hari\u00e7) Boyutlar 88x30x66mm \u00c7al\u0131\u015fma Frekans\u0131 50Hz \/ 60Hz (\u00b1% 10) Otomatik Kapanma ~5dk \u00c7al\u0131\u015fma S\u0131cakl\u0131\u011f\u0131 32~122\u00b0F (0~50\u00b0C) G\u00fc\u00e7 Kayna\u011f\u0131 1.5V AA * 2 alkalin piller Gerilim<\/p>\n","protected":false},"featured_media":0,"comment_status":"open","ping_status":"closed","template":"","meta":{"_acf_changed":false},"product_brand":[],"product_cat":[1565],"product_tag":[],"class_list":{"0":"post-26381","1":"product","2":"type-product","3":"status-publish","5":"product_cat-yok-yok","7":"first","8":"instock","9":"taxable","10":"shipping-taxable","11":"purchasable","12":"product-type-simple","13":"add-to-wishlist-after_add_to_cart"},"acf":[],"_links":{"self":[{"href":"https:\/\/www.makitamarket.com.tr\/site\/wp-json\/wp\/v2\/product\/26381","targetHints":{"allow":["GET"]}}],"collection":[{"href":"https:\/\/www.makitamarket.com.tr\/site\/wp-json\/wp\/v2\/product"}],"about":[{"href":"https:\/\/www.makitamarket.com.tr\/site\/wp-json\/wp\/v2\/types\/product"}],"replies":[{"embeddable":true,"href":"https:\/\/www.makitamarket.com.tr\/site\/wp-json\/wp\/v2\/comments?post=26381"}],"wp:attachment":[{"href":"https:\/\/www.makitamarket.com.tr\/site\/wp-json\/wp\/v2\/media?parent=26381"}],"wp:term":[{"taxonomy":"product_brand","embeddable":true,"href":"https:\/\/www.makitamarket.com.tr\/site\/wp-json\/wp\/v2\/product_brand?post=26381"},{"taxonomy":"product_cat","embeddable":true,"href":"https:\/\/www.makitamarket.com.tr\/site\/wp-json\/wp\/v2\/product_cat?post=26381"},{"taxonomy":"product_tag","embeddable":true,"href":"https:\/\/www.makitamarket.com.tr\/site\/wp-json\/wp\/v2\/product_tag?post=26381"}],"curies":[{"name":"wp","href":"https:\/\/api.w.org\/{rel}","templated":true}]}}