{"id":26382,"date":"2026-04-14T00:01:46","date_gmt":"2026-04-13T21:01:46","guid":{"rendered":"https:\/\/www.makitamarket.com.tr\/site\/urun\/uni-t-ut301c-temassiz-infrared-termometre\/"},"modified":"2026-04-14T00:01:46","modified_gmt":"2026-04-13T21:01:46","slug":"uni-t-ut301c-temassiz-infrared-termometre","status":"publish","type":"product","link":"https:\/\/www.makitamarket.com.tr\/site\/urun\/uni-t-ut301c-temassiz-infrared-termometre\/","title":{"rendered":"Uni-t UT301C+ Temass\u0131z Infrared Termometre"},"content":{"rendered":"<p>Otomatik kapanma<\/p>\n<p>D\u00fc\u015f\u00fck pil g\u00f6stergesi<\/p>\n<p>LCD ekran Renkli EBTN<\/p>\n<p>Y\u00fcksek \/ d\u00fc\u015f\u00fck s\u0131cakl\u0131k LED alarm\u0131<\/p>\n<p>Y\u00fcksek \/ d\u00fc\u015f\u00fck s\u0131cakl\u0131k sesli alarm\u0131<\/p>\n<p>Veri tutma<\/p>\n<p>\u00b0C \/ \u00b0F se\u00e7imi<\/p>\n<p>MAX \/ MIN \/ AVG \/ FARK modu<\/p>\n<p>Kilit \u00f6l\u00e7\u00fcm\u00fc<\/p>\n<p>Veri depolama 99<\/p>\n<p>Programlanm\u0131\u015f \u00f6l\u00e7\u00fcm<\/p>\n<p>Arka \u0131\u015f\u0131k<\/p>\n<table>\n<tr>\n<td>\u00c7al\u0131\u015fma S\u0131cakl\u0131\u011f\u0131<\/td>\n<td>0\u00b0C ~ 50\u00b0C<\/td>\n<\/tr>\n<tr>\n<td>Standart Aksesuarlar<\/td>\n<td>Pil, ta\u015f\u0131ma \u00e7antas\u0131<\/td>\n<\/tr>\n<tr>\n<td>Depolama S\u0131cakl\u0131\u011f\u0131<\/td>\n<td>-20\u00b0C ~ 60\u00b0C<\/td>\n<\/tr>\n<tr>\n<td>Lazer G\u00fcc\u00fc<\/td>\n<td><1mW<\/td>\n<\/tr>\n<tr>\n<td>G\u00fc\u00e7<\/td>\n<td>9V pil<\/td>\n<\/tr>\n<tr>\n<td>Boyutlar<\/td>\n<td>160 mm x 74 mm x 48 mm<\/td>\n<\/tr>\n<tr>\n<td>Tripod Ba\u011flant\u0131s\u0131<\/td>\n<td>Tripod montaj deli\u011fi<\/td>\n<\/tr>\n<tr>\n<td>Do\u011fruluk<\/td>\n<td> > 0\u00b0C: \u00b1 1.5\u00b0C veya \u00b1% 1.5; \u22640\u00b0C: \u00b1 (1,5 + 0,1\u00b0C \/\u00b0C) > 32\u00b0F: \u00b1 3.0\u00b0F veya \u00b1% 1.5; \u226432\u00b0F: \u00b1 (3,0 + 0,1\u00b0F \/\u00b0F)<\/td>\n<\/tr>\n<tr>\n<td>Spektral yan\u0131t<\/td>\n<td>8um ~ 14um<\/td>\n<\/tr>\n<tr>\n<td>D\u00fc\u015fme Testi<\/td>\n<td>1 dk<\/td>\n<\/tr>\n<tr>\n<td>Emissivite<\/td>\n<td>0.1 ~ 1.0 (ayarlanabilir, 5 set \u00f6nceden ayarlanm\u0131\u015f de\u011fer depolar)<\/td>\n<\/tr>\n<tr>\n<td>Net A\u011f\u0131rl\u0131k<\/td>\n<td>204 g<\/td>\n<\/tr>\n<tr>\n<td>\u00c7al\u0131\u015fma Nemi<\/td>\n<td> <% 90 ba\u011f\u0131l nem (yo\u011fu\u015fmas\u0131z)<\/td>\n<\/tr>\n<tr>\n<td>G\u00f6r\u00fcnt\u00fcleme alan\u0131<\/td>\n<td>30 mm x 30 mm<\/td>\n<\/tr>\n<tr>\n<td>S\u0131cakl\u0131k Aral\u0131\u011f\u0131<\/td>\n<td>-32\u00b0C ~ +600\u00b0C \/ -25.6\u00b0F ~ 1112\u00b0F<\/td>\n<\/tr>\n<tr>\n<td>\u00dcr\u00fcn Rengi<\/td>\n<td>K\u0131rm\u0131z\u0131 ve gri<\/td>\n<\/tr>\n<tr>\n<td>Tepki S\u00fcresi<\/td>\n<td>\u2264250ms (okuman\u0131n% 95&#8217;i)<\/td>\n<\/tr>\n<tr>\n<td>D:S Oran\u0131<\/td>\n<td>12: 1 (% 95)<\/td>\n<\/tr>\n<tr>\n<td>Tekrarlanabilirlik<\/td>\n<td>0.7\u00b0C veya % 0.7 (1.5\u00b0F veya % 0.7)<\/td>\n<\/tr>\n<\/table>\n","protected":false},"excerpt":{"rendered":"<p>Otomatik kapanma<\/p>\n<p>D\u00fc\u015f\u00fck pil g\u00f6stergesi<\/p>\n<p>LCD ekran Renkli EBTN<\/p>\n<p>Y\u00fcksek \/ d\u00fc\u015f\u00fck s\u0131cakl\u0131k LED alarm\u0131<\/p>\n<p>Y\u00fcksek \/ d\u00fc\u015f\u00fck s\u0131cakl\u0131k sesli alarm\u0131<\/p>\n<p>Veri tutma<\/p>\n<p>\u00b0C \/ \u00b0F se\u00e7imi<\/p>\n<p>MAX \/ MIN \/ AVG \/ FARK modu<\/p>\n<p>Kilit \u00f6l\u00e7\u00fcm\u00fc<\/p>\n<p>Veri depolama 99<\/p>\n<p>Programlanm\u0131\u015f \u00f6l\u00e7\u00fcm<\/p>\n<p>Arka \u0131\u015f\u0131k<\/p>\n","protected":false},"featured_media":0,"comment_status":"open","ping_status":"closed","template":"","meta":{"_acf_changed":false},"product_brand":[],"product_cat":[1565],"product_tag":[],"class_list":{"0":"post-26382","1":"product","2":"type-product","3":"status-publish","5":"product_cat-yok-yok","7":"first","8":"instock","9":"taxable","10":"shipping-taxable","11":"purchasable","12":"product-type-simple","13":"add-to-wishlist-after_add_to_cart"},"acf":[],"_links":{"self":[{"href":"https:\/\/www.makitamarket.com.tr\/site\/wp-json\/wp\/v2\/product\/26382","targetHints":{"allow":["GET"]}}],"collection":[{"href":"https:\/\/www.makitamarket.com.tr\/site\/wp-json\/wp\/v2\/product"}],"about":[{"href":"https:\/\/www.makitamarket.com.tr\/site\/wp-json\/wp\/v2\/types\/product"}],"replies":[{"embeddable":true,"href":"https:\/\/www.makitamarket.com.tr\/site\/wp-json\/wp\/v2\/comments?post=26382"}],"wp:attachment":[{"href":"https:\/\/www.makitamarket.com.tr\/site\/wp-json\/wp\/v2\/media?parent=26382"}],"wp:term":[{"taxonomy":"product_brand","embeddable":true,"href":"https:\/\/www.makitamarket.com.tr\/site\/wp-json\/wp\/v2\/product_brand?post=26382"},{"taxonomy":"product_cat","embeddable":true,"href":"https:\/\/www.makitamarket.com.tr\/site\/wp-json\/wp\/v2\/product_cat?post=26382"},{"taxonomy":"product_tag","embeddable":true,"href":"https:\/\/www.makitamarket.com.tr\/site\/wp-json\/wp\/v2\/product_tag?post=26382"}],"curies":[{"name":"wp","href":"https:\/\/api.w.org\/{rel}","templated":true}]}}