{"id":26383,"date":"2026-04-14T00:01:48","date_gmt":"2026-04-13T21:01:48","guid":{"rendered":"https:\/\/www.makitamarket.com.tr\/site\/urun\/uni-t-ut387d-duvar-tarama-cihazi\/"},"modified":"2026-04-14T00:01:48","modified_gmt":"2026-04-13T21:01:48","slug":"uni-t-ut387d-duvar-tarama-cihazi","status":"publish","type":"product","link":"https:\/\/www.makitamarket.com.tr\/site\/urun\/uni-t-ut387d-duvar-tarama-cihazi\/","title":{"rendered":"Uni-t UT387D Duvar Tarama Cihaz\u0131"},"content":{"rendered":"<p>Zil g\u00f6stergesi, Otomatik kapanma, Hata kalibrasyon alarm\u0131, LED alarm\u0131, D\u00fc\u015f\u00fck pil g\u00f6stergesi<\/p>\n<table>\n<tr>\n<td>Boyutlar<\/td>\n<td>135x60x25mm<\/td>\n<\/tr>\n<tr>\n<td>G\u00fc\u00e7<\/td>\n<td>3,7V 300 mAh Li-iyon<\/td>\n<\/tr>\n<tr>\n<td>Boru \u00d6l\u00e7\u00fcs\u00fc<\/td>\n<td>Pirin\u00e7 Boru 80mm<\/td>\n<\/tr>\n<tr>\n<td>Lazer Alg\u0131lama Penceresi<\/td>\n<td>Ah\u015fap kiri\u015f, Metal nesne, Elektrik teli<\/td>\n<\/tr>\n<tr>\n<td>Uygulama<\/td>\n<td>Tespit Prensibi : Elektromanyetik indiksiyon<\/td>\n<\/tr>\n<tr>\n<td>Boru \u00d6l\u00e7\u00fcs\u00fc<\/td>\n<td>Demir Boru 100mm<\/td>\n<\/tr>\n<tr>\n<td>G\u00fcvenlik sertifikas\u0131<\/td>\n<td>CE\/RoHS\/FCC<\/td>\n<\/tr>\n<tr>\n<td>Uyar\u0131<\/td>\n<td>Ses<\/td>\n<\/tr>\n<tr>\n<td>Net A\u011f\u0131rl\u0131k<\/td>\n<td>112g<\/td>\n<\/tr>\n<tr>\n<td>AC Ak\u0131m<\/td>\n<td>50mm<\/td>\n<\/tr>\n<tr>\n<td>Al\u00e7\u0131pan Kesim<\/td>\n<td>28,5mm \u00b115mm<\/td>\n<\/tr>\n<\/table>\n","protected":false},"excerpt":{"rendered":"<p>Zil g\u00f6stergesi, Otomatik kapanma, Hata kalibrasyon alarm\u0131, LED alarm\u0131, D\u00fc\u015f\u00fck pil g\u00f6stergesi<\/p>\n","protected":false},"featured_media":0,"comment_status":"open","ping_status":"closed","template":"","meta":{"_acf_changed":false},"product_brand":[],"product_cat":[1565],"product_tag":[],"class_list":{"0":"post-26383","1":"product","2":"type-product","3":"status-publish","5":"product_cat-yok-yok","7":"first","8":"instock","9":"taxable","10":"shipping-taxable","11":"purchasable","12":"product-type-simple","13":"add-to-wishlist-after_add_to_cart"},"acf":[],"_links":{"self":[{"href":"https:\/\/www.makitamarket.com.tr\/site\/wp-json\/wp\/v2\/product\/26383","targetHints":{"allow":["GET"]}}],"collection":[{"href":"https:\/\/www.makitamarket.com.tr\/site\/wp-json\/wp\/v2\/product"}],"about":[{"href":"https:\/\/www.makitamarket.com.tr\/site\/wp-json\/wp\/v2\/types\/product"}],"replies":[{"embeddable":true,"href":"https:\/\/www.makitamarket.com.tr\/site\/wp-json\/wp\/v2\/comments?post=26383"}],"wp:attachment":[{"href":"https:\/\/www.makitamarket.com.tr\/site\/wp-json\/wp\/v2\/media?parent=26383"}],"wp:term":[{"taxonomy":"product_brand","embeddable":true,"href":"https:\/\/www.makitamarket.com.tr\/site\/wp-json\/wp\/v2\/product_brand?post=26383"},{"taxonomy":"product_cat","embeddable":true,"href":"https:\/\/www.makitamarket.com.tr\/site\/wp-json\/wp\/v2\/product_cat?post=26383"},{"taxonomy":"product_tag","embeddable":true,"href":"https:\/\/www.makitamarket.com.tr\/site\/wp-json\/wp\/v2\/product_tag?post=26383"}],"curies":[{"name":"wp","href":"https:\/\/api.w.org\/{rel}","templated":true}]}}