{"id":26384,"date":"2026-04-14T00:01:51","date_gmt":"2026-04-13T21:01:51","guid":{"rendered":"https:\/\/www.makitamarket.com.tr\/site\/urun\/uni-t-ut330th-usb-sicaklik-ve-nem-veri-kayit-cihazi\/"},"modified":"2026-04-14T00:01:51","modified_gmt":"2026-04-13T21:01:51","slug":"uni-t-ut330th-usb-sicaklik-ve-nem-veri-kayit-cihazi","status":"publish","type":"product","link":"https:\/\/www.makitamarket.com.tr\/site\/urun\/uni-t-ut330th-usb-sicaklik-ve-nem-veri-kayit-cihazi\/","title":{"rendered":"Uni-t UT330TH USB S\u0131cakl\u0131k ve Nem Veri Kay\u0131t Cihaz\u0131"},"content":{"rendered":"<p>Uzun s\u00fcreli izleme ve kay\u0131t i\u00e7in y\u00fcksek hassasiyetli s\u0131cakl\u0131k ve nem sens\u00f6rleri kullan\u0131r. \u0130la\u00e7lar ve \u00e7abuk bozulan g\u0131dalar gibi s\u0131cakl\u0131\u011fa ve neme duyarl\u0131 \u00fcr\u00fcnlerin nakliye ve depolama s\u0131ras\u0131nda izlenmesi i\u00e7in ideal ara\u00e7lard\u0131r.<\/p>\n<table>\n<tr>\n<td>G\u00fcvenlik sertifikas\u0131<\/td>\n<td>CE, UKCA, RoHS<\/td>\n<\/tr>\n<tr>\n<td>Menzil<\/td>\n<td>UT330TH <\/td>\n<\/tr>\n<tr>\n<td>Sesli ve LED G\u00f6stergesi<\/td>\n<td>\u221a<\/td>\n<\/tr>\n<tr>\n<td>Veri Depolama<\/td>\n<td>64000<\/td>\n<\/tr>\n<tr>\n<td>Aral\u0131k<\/td>\n<td>Ayarlanabilir kay\u0131t aral\u0131\u011f\u0131<\/td>\n<\/tr>\n<tr>\n<td>\u00c7\u00f6z\u00fcn\u00fcrl\u00fck<\/td>\n<td> -0,1 \u2103\/0,1 \u2109 <\/td>\n<\/tr>\n<tr>\n<td>D\u00fc\u015f\u00fck Pil Uyar\u0131s\u0131<\/td>\n<td>\u221a<\/td>\n<\/tr>\n<tr>\n<td>S\u0131cakl\u0131k<\/td>\n<td>-30\u00b0C~70\u00b0C<\/td>\n<\/tr>\n<tr>\n<td>Alarm Fonksiyonu<\/td>\n<td>\u221a<\/td>\n<\/tr>\n<tr>\n<td>Nem<\/td>\n<td>%0 BN~%100 BN \u00b1%2,5 Ba\u011f\u0131l Nem<\/td>\n<\/tr>\n<tr>\n<td>Ba\u011f\u0131l Nem<\/td>\n<td>\u221a<\/td>\n<\/tr>\n<tr>\n<td>USB giri\u015fi<\/td>\n<td>\u221a<\/td>\n<\/tr>\n<tr>\n<td>Do\u011fruluk<\/td>\n<td>-20\u00b0C~40\u00b0C \u00b10.4\u2103\u00a0 \u00a0 <-20\u2103 veya >40\u2103 \u00b10.4\u2103<\/td>\n<\/tr>\n<tr>\n<td>S\u0131cakl\u0131k<\/td>\n<td>ofset ayarlar\u0131<\/td>\n<\/tr>\n<tr>\n<td>Otomatik Kapanma<\/td>\n<td>\u221a<\/td>\n<\/tr>\n<tr>\n<td>Alarm seviyesi<\/td>\n<td>\u221a<\/td>\n<\/tr>\n<tr>\n<td>G\u00fcvenlik sertifikas\u0131<\/td>\n<td>CE, UKCA, RoHS<\/td>\n<\/tr>\n<\/table>\n","protected":false},"excerpt":{"rendered":"<p>Uzun s\u00fcreli izleme ve kay\u0131t i\u00e7in y\u00fcksek hassasiyetli s\u0131cakl\u0131k ve nem sens\u00f6rleri kullan\u0131r. \u0130la\u00e7lar ve \u00e7abuk bozulan g\u0131dalar gibi s\u0131cakl\u0131\u011fa ve neme duyarl\u0131 \u00fcr\u00fcnlerin nakliye ve depolama s\u0131ras\u0131nda izlenmesi i\u00e7in ideal ara\u00e7lard\u0131r.<\/p>\n","protected":false},"featured_media":0,"comment_status":"open","ping_status":"closed","template":"","meta":{"_acf_changed":false},"product_brand":[],"product_cat":[1565],"product_tag":[],"class_list":{"0":"post-26384","1":"product","2":"type-product","3":"status-publish","5":"product_cat-yok-yok","7":"first","8":"instock","9":"taxable","10":"shipping-taxable","11":"purchasable","12":"product-type-simple","13":"add-to-wishlist-after_add_to_cart"},"acf":[],"_links":{"self":[{"href":"https:\/\/www.makitamarket.com.tr\/site\/wp-json\/wp\/v2\/product\/26384","targetHints":{"allow":["GET"]}}],"collection":[{"href":"https:\/\/www.makitamarket.com.tr\/site\/wp-json\/wp\/v2\/product"}],"about":[{"href":"https:\/\/www.makitamarket.com.tr\/site\/wp-json\/wp\/v2\/types\/product"}],"replies":[{"embeddable":true,"href":"https:\/\/www.makitamarket.com.tr\/site\/wp-json\/wp\/v2\/comments?post=26384"}],"wp:attachment":[{"href":"https:\/\/www.makitamarket.com.tr\/site\/wp-json\/wp\/v2\/media?parent=26384"}],"wp:term":[{"taxonomy":"product_brand","embeddable":true,"href":"https:\/\/www.makitamarket.com.tr\/site\/wp-json\/wp\/v2\/product_brand?post=26384"},{"taxonomy":"product_cat","embeddable":true,"href":"https:\/\/www.makitamarket.com.tr\/site\/wp-json\/wp\/v2\/product_cat?post=26384"},{"taxonomy":"product_tag","embeddable":true,"href":"https:\/\/www.makitamarket.com.tr\/site\/wp-json\/wp\/v2\/product_tag?post=26384"}],"curies":[{"name":"wp","href":"https:\/\/api.w.org\/{rel}","templated":true}]}}