{"id":26385,"date":"2026-04-14T00:01:52","date_gmt":"2026-04-13T21:01:52","guid":{"rendered":"https:\/\/www.makitamarket.com.tr\/site\/urun\/uni-t-ut33d-dijital-multimetre\/"},"modified":"2026-04-21T05:27:23","modified_gmt":"2026-04-21T02:27:23","slug":"uni-t-ut33d-dijital-multimetre","status":"publish","type":"product","link":"https:\/\/www.makitamarket.com.tr\/site\/urun\/uni-t-ut33d-dijital-multimetre\/","title":{"rendered":"Uni-t UT33D+ Dijital Multimetre"},"content":{"rendered":"<table>\n<tr>\n<td>Otomatik Kapanma<\/td>\n<td>Otomatik arka \u0131\u015f\u0131k kapama<\/td>\n<\/tr>\n<tr>\n<td>Ekran<\/td>\n<td>2000<\/td>\n<\/tr>\n<tr>\n<td>AC Voltaj<\/td>\n<td>200V\/600V \u00b1(1.2%+3)<\/td>\n<\/tr>\n<tr>\n<td>Aral\u0131k<\/td>\n<td>Manuel<\/td>\n<\/tr>\n<tr>\n<td>DC Ak\u0131m<\/td>\n<td>2000\u03bcA\/20mA\/200mA\/10A \u00b1(1%+2)<\/td>\n<\/tr>\n<tr>\n<td>Ekran \u00d6l\u00e7\u00fcs\u00fc<\/td>\n<td>66mm x 51mm<\/td>\n<\/tr>\n<tr>\n<td>Standart Aksesuarlar<\/td>\n<td>Test u\u00e7lar\u0131, piller, k\u0131lavuz<\/td>\n<\/tr>\n<tr>\n<td>Prob tutucu<\/td>\n<td>\u221a<\/td>\n<\/tr>\n<tr>\n<td>\u00dcr\u00fcn Boyutu<\/td>\n<td>134 x 77 x 47mm<\/td>\n<\/tr>\n<tr>\n<td>A\u011f\u0131rl\u0131k<\/td>\n<td>206g (piller dahil)<\/td>\n<\/tr>\n<tr>\n<td>Diren\u00e7 (\u2126)<\/td>\n<td>200\u03a9\/2k\u03a9\/20k\u03a9 200k\u03a9\/20M\u03a9\/200M\u03a9 \u00b1(0.8%+2)<\/td>\n<\/tr>\n<tr>\n<td>D\u00fc\u015fme Testi<\/td>\n<td>\u221a<\/td>\n<\/tr>\n<tr>\n<td>Dc Voltaj<\/td>\n<td>200mV\/2V\/20V\/200V\/600V \u00b1(0.5%+2)<\/td>\n<\/tr>\n<tr>\n<td>S\u00fcreklilik uyar\u0131s\u0131<\/td>\n<td>\u221a<\/td>\n<\/tr>\n<tr>\n<td>G\u00fc\u00e7<\/td>\n<td>1,5 Pil (R03) x 2<\/td>\n<\/tr>\n<tr>\n<td>Diyot Testi<\/td>\n<td>\u221a<\/td>\n<\/tr>\n<\/table>\n","protected":false},"excerpt":{"rendered":"<p>Otomatik Kapanma Otomatik arka \u0131\u015f\u0131k kapama Ekran 2000 AC Voltaj 200V\/600V \u00b1(1.2%+3) Aral\u0131k Manuel DC Ak\u0131m 2000\u03bcA\/20mA\/200mA\/10A \u00b1(1%+2) Ekran \u00d6l\u00e7\u00fcs\u00fc 66mm x 51mm Standart Aksesuarlar Test u\u00e7lar\u0131, piller, k\u0131lavuz Prob<\/p>\n","protected":false},"featured_media":0,"comment_status":"open","ping_status":"closed","template":"","meta":{"_acf_changed":false},"product_brand":[1531],"product_cat":[1565],"product_tag":[],"class_list":{"0":"post-26385","1":"product","2":"type-product","3":"status-publish","5":"product_brand-uni-t","6":"product_cat-yok-yok","8":"first","9":"instock","10":"taxable","11":"shipping-taxable","12":"purchasable","13":"product-type-simple","14":"add-to-wishlist-after_add_to_cart"},"acf":[],"_links":{"self":[{"href":"https:\/\/www.makitamarket.com.tr\/site\/wp-json\/wp\/v2\/product\/26385","targetHints":{"allow":["GET"]}}],"collection":[{"href":"https:\/\/www.makitamarket.com.tr\/site\/wp-json\/wp\/v2\/product"}],"about":[{"href":"https:\/\/www.makitamarket.com.tr\/site\/wp-json\/wp\/v2\/types\/product"}],"replies":[{"embeddable":true,"href":"https:\/\/www.makitamarket.com.tr\/site\/wp-json\/wp\/v2\/comments?post=26385"}],"wp:attachment":[{"href":"https:\/\/www.makitamarket.com.tr\/site\/wp-json\/wp\/v2\/media?parent=26385"}],"wp:term":[{"taxonomy":"product_brand","embeddable":true,"href":"https:\/\/www.makitamarket.com.tr\/site\/wp-json\/wp\/v2\/product_brand?post=26385"},{"taxonomy":"product_cat","embeddable":true,"href":"https:\/\/www.makitamarket.com.tr\/site\/wp-json\/wp\/v2\/product_cat?post=26385"},{"taxonomy":"product_tag","embeddable":true,"href":"https:\/\/www.makitamarket.com.tr\/site\/wp-json\/wp\/v2\/product_tag?post=26385"}],"curies":[{"name":"wp","href":"https:\/\/api.w.org\/{rel}","templated":true}]}}