{"id":26386,"date":"2026-04-14T00:01:54","date_gmt":"2026-04-13T21:01:54","guid":{"rendered":"https:\/\/www.makitamarket.com.tr\/site\/urun\/uni-t-ut345c-lpg-tank-seviye-kontrol-cihazi\/"},"modified":"2026-04-14T00:01:54","modified_gmt":"2026-04-13T21:01:54","slug":"uni-t-ut345c-lpg-tank-seviye-kontrol-cihazi","status":"publish","type":"product","link":"https:\/\/www.makitamarket.com.tr\/site\/urun\/uni-t-ut345c-lpg-tank-seviye-kontrol-cihazi\/","title":{"rendered":"Uni-t UT345C LPG Tank Seviye Kontrol Cihaz\u0131"},"content":{"rendered":"<table>\n<tr>\n<td>\u00d6l\u00e7\u00fcm Birimleri<\/td>\n<td>Probu \u00f6l\u00e7mek i\u00e7in \u015fi\u015fenin farkl\u0131 konumlar\u0131nda dikey olarak 90 derece bast\u0131r\u0131n ve ard\u0131ndan LED rengini kontrol edin<\/td>\n<\/tr>\n<tr>\n<td>Ses<\/td>\n<td>\u221a<\/td>\n<\/tr>\n<tr>\n<td>Depolama S\u0131cakl\u0131\u011f\u0131<\/td>\n<td>-10 ~ 60 \u00b0C \u2264% 75 Ba\u011f\u0131l Nem<\/td>\n<\/tr>\n<tr>\n<td>Pil<\/td>\n<td>AAA (LR03) 1,5 Vx2<\/td>\n<\/tr>\n<tr>\n<td>LED<\/td>\n<td>\u2022 Ye\u015fil: Bu seviyede s\u0131v\u0131la\u015ft\u0131r\u0131lm\u0131\u015f gaz var \u2022 K\u0131rm\u0131z\u0131: Bu seviyede s\u0131v\u0131la\u015ft\u0131r\u0131lm\u0131\u015f gaz yok \u2022 Ye\u015fil\/k\u0131rm\u0131z\u0131 yan\u0131p s\u00f6n\u00fcyor: \u00d6l\u00e7\u00fcm<\/td>\n<\/tr>\n<tr>\n<td>D\u00fc\u015fme Testi<\/td>\n<td>0,5 dk.<\/td>\n<\/tr>\n<tr>\n<td>Uygulama Alan\u0131<\/td>\n<td>\u00c7elik ve al\u00fcminyum standart propan veya b\u00fctan LPG (s\u0131v\u0131la\u015ft\u0131r\u0131lm\u0131\u015f petrol gaz\u0131) depolama tanklar\u0131 8-14 in\u00e7 (yakla\u015f\u0131k 200-350mm)<\/td>\n<\/tr>\n<tr>\n<td>\u00c7al\u0131\u015fma S\u0131cakl\u0131\u011f\u0131<\/td>\n<td>-15 ~ 40 \u00b0C \u2264% 85 Ba\u011f\u0131l Nem<\/td>\n<\/tr>\n<tr>\n<td>\u00dcr\u00fcn Boyutu<\/td>\n<td>28x32x143mm<\/td>\n<\/tr>\n<\/table>\n","protected":false},"excerpt":{"rendered":"<p>\u00d6l\u00e7\u00fcm Birimleri Probu \u00f6l\u00e7mek i\u00e7in \u015fi\u015fenin farkl\u0131 konumlar\u0131nda dikey olarak 90 derece bast\u0131r\u0131n ve ard\u0131ndan LED rengini kontrol edin Ses \u221a Depolama S\u0131cakl\u0131\u011f\u0131 -10 ~ 60 \u00b0C \u2264% 75 Ba\u011f\u0131l<\/p>\n","protected":false},"featured_media":0,"comment_status":"open","ping_status":"closed","template":"","meta":{"_acf_changed":false},"product_brand":[],"product_cat":[1565],"product_tag":[],"class_list":{"0":"post-26386","1":"product","2":"type-product","3":"status-publish","5":"product_cat-yok-yok","7":"first","8":"instock","9":"taxable","10":"shipping-taxable","11":"purchasable","12":"product-type-simple","13":"add-to-wishlist-after_add_to_cart"},"acf":[],"_links":{"self":[{"href":"https:\/\/www.makitamarket.com.tr\/site\/wp-json\/wp\/v2\/product\/26386","targetHints":{"allow":["GET"]}}],"collection":[{"href":"https:\/\/www.makitamarket.com.tr\/site\/wp-json\/wp\/v2\/product"}],"about":[{"href":"https:\/\/www.makitamarket.com.tr\/site\/wp-json\/wp\/v2\/types\/product"}],"replies":[{"embeddable":true,"href":"https:\/\/www.makitamarket.com.tr\/site\/wp-json\/wp\/v2\/comments?post=26386"}],"wp:attachment":[{"href":"https:\/\/www.makitamarket.com.tr\/site\/wp-json\/wp\/v2\/media?parent=26386"}],"wp:term":[{"taxonomy":"product_brand","embeddable":true,"href":"https:\/\/www.makitamarket.com.tr\/site\/wp-json\/wp\/v2\/product_brand?post=26386"},{"taxonomy":"product_cat","embeddable":true,"href":"https:\/\/www.makitamarket.com.tr\/site\/wp-json\/wp\/v2\/product_cat?post=26386"},{"taxonomy":"product_tag","embeddable":true,"href":"https:\/\/www.makitamarket.com.tr\/site\/wp-json\/wp\/v2\/product_tag?post=26386"}],"curies":[{"name":"wp","href":"https:\/\/api.w.org\/{rel}","templated":true}]}}