{"id":26387,"date":"2026-04-14T00:03:00","date_gmt":"2026-04-13T21:03:00","guid":{"rendered":"https:\/\/www.makitamarket.com.tr\/site\/urun\/uni-t-ut347a-sertlik-test-cihazi\/"},"modified":"2026-04-14T00:03:00","modified_gmt":"2026-04-13T21:03:00","slug":"uni-t-ut347a-sertlik-test-cihazi","status":"publish","type":"product","link":"https:\/\/www.makitamarket.com.tr\/site\/urun\/uni-t-ut347a-sertlik-test-cihazi\/","title":{"rendered":"Uni-t UT347A Sertlik Test Cihaz\u0131"},"content":{"rendered":"<table>\n<tr>\n<td>Yaz\u0131l\u0131m<\/td>\n<td>PC analiz yaz\u0131l\u0131m\u0131<\/td>\n<\/tr>\n<tr>\n<td>Pil<\/td>\n<td>3.7V 2500mAh polimer \u015farj vedilebilir lityum pil.<\/td>\n<\/tr>\n<tr>\n<td>\u00d6l\u00e7\u00fcm<\/td>\n<td>Maks\/Min\/Ortalama<\/td>\n<\/tr>\n<tr>\n<td>Sertlik (shore D)<\/td>\n<td>HL, HB, HRC, HRB, YV, HS<\/td>\n<\/tr>\n<tr>\n<td>\u00d6l\u00e7\u00fcm menzili<\/td>\n<td>\u0130statistiksel, \u00e7ok birimli, \u00e7izgi grafi k, histogram<\/td>\n<\/tr>\n<tr>\n<td>G\u00fcvenlik sertifikas\u0131<\/td>\n<td>CE (\u0130\u015fleme a\u015famas\u0131nda), UKCA<\/td>\n<\/tr>\n<tr>\n<td>\u015earj s\u00fcresi<\/td>\n<td>2 ~ 4saat<\/td>\n<\/tr>\n<tr>\n<td>Darbe Dayan\u0131m\u0131<\/td>\n<td>\u03c3b (\u00e7ekme dayan\u0131m\u0131) Darbe y\u00f6n\u00fc 0\u00b0,45\u00b0,90\u00b0,135\u00b0,180\u00b0<\/td>\n<\/tr>\n<tr>\n<td>Veri Depolama<\/td>\n<td>900gruplar<\/td>\n<\/tr>\n<tr>\n<td>Otomatik Kapanma<\/td>\n<td>Ayarlanabilir: 1\/ 5 \/ 10 \/ 30 dakika veya iptal<\/td>\n<\/tr>\n<tr>\n<td>Sesli \u0130kaz<\/td>\n<td>\u221a<\/td>\n<\/tr>\n<tr>\n<td>Gerilim Mukavemeti<\/td>\n<td>HL, HB, HRC, HRB, YV, HS<\/td>\n<\/tr>\n<tr>\n<td>USB giri\u015fi<\/td>\n<td>\u221a<\/td>\n<\/tr>\n<tr>\n<td>G\u00fc\u00e7 Kayna\u011f\u0131<\/td>\n<td>G\u00fc\u00e7 adapt\u00f6r\u00fc gereksinimleri: DC5V 2A Type-c konekt\u00f6r\u00fc.<\/td>\n<\/tr>\n<tr>\n<td>Malzeme<\/td>\n<td>\u00c7elik ve d\u00f6kme \u00e7elik, ala\u015f\u0131ml\u0131 tak\u0131m \u00e7eli\u011fi, paslanmaz \u00e7elik, d\u00f6vme \u00e7elik, d\u00f6kme al\u00fcminyum ala\u015f\u0131m\u0131, bak\u0131r \u00e7inko ala\u015f\u0131m\u0131, bak\u0131r kalay ala\u015f\u0131m\u0131, gri d\u00f6kme demir, sfero d\u00f6kme demir, saf bak\u0131r; \u00d6l\u00e7\u00fcm i\u00e7in uygun malzemeyi se\u00e7in.<\/td>\n<\/tr>\n<tr>\n<td>Ekran<\/td>\n<td>2.8-in\u00e7 320 * 240 grafi k nokta vuru\u015flu renkli TFT ekran.<\/td>\n<\/tr>\n<tr>\n<td>D\u00fc\u015f\u00fck Pil Uyar\u0131s\u0131<\/td>\n<td>\u221a<\/td>\n<\/tr>\n<tr>\n<td>\u0130\u015flem<\/td>\n<td>Bluetooth APP i\u015flevi \u221a<\/td>\n<\/tr>\n<\/table>\n","protected":false},"excerpt":{"rendered":"<p>Yaz\u0131l\u0131m PC analiz yaz\u0131l\u0131m\u0131 Pil 3.7V 2500mAh polimer \u015farj vedilebilir lityum pil. \u00d6l\u00e7\u00fcm Maks\/Min\/Ortalama Sertlik (shore D) HL, HB, HRC, HRB, YV, HS \u00d6l\u00e7\u00fcm menzili \u0130statistiksel, \u00e7ok birimli, \u00e7izgi grafi<\/p>\n","protected":false},"featured_media":0,"comment_status":"open","ping_status":"closed","template":"","meta":{"_acf_changed":false},"product_brand":[],"product_cat":[1565],"product_tag":[],"class_list":{"0":"post-26387","1":"product","2":"type-product","3":"status-publish","5":"product_cat-yok-yok","7":"first","8":"outofstock","9":"taxable","10":"shipping-taxable","11":"purchasable","12":"product-type-simple","13":"add-to-wishlist-after_add_to_cart"},"acf":[],"_links":{"self":[{"href":"https:\/\/www.makitamarket.com.tr\/site\/wp-json\/wp\/v2\/product\/26387","targetHints":{"allow":["GET"]}}],"collection":[{"href":"https:\/\/www.makitamarket.com.tr\/site\/wp-json\/wp\/v2\/product"}],"about":[{"href":"https:\/\/www.makitamarket.com.tr\/site\/wp-json\/wp\/v2\/types\/product"}],"replies":[{"embeddable":true,"href":"https:\/\/www.makitamarket.com.tr\/site\/wp-json\/wp\/v2\/comments?post=26387"}],"wp:attachment":[{"href":"https:\/\/www.makitamarket.com.tr\/site\/wp-json\/wp\/v2\/media?parent=26387"}],"wp:term":[{"taxonomy":"product_brand","embeddable":true,"href":"https:\/\/www.makitamarket.com.tr\/site\/wp-json\/wp\/v2\/product_brand?post=26387"},{"taxonomy":"product_cat","embeddable":true,"href":"https:\/\/www.makitamarket.com.tr\/site\/wp-json\/wp\/v2\/product_cat?post=26387"},{"taxonomy":"product_tag","embeddable":true,"href":"https:\/\/www.makitamarket.com.tr\/site\/wp-json\/wp\/v2\/product_tag?post=26387"}],"curies":[{"name":"wp","href":"https:\/\/api.w.org\/{rel}","templated":true}]}}