{"id":26389,"date":"2026-04-14T00:03:01","date_gmt":"2026-04-13T21:03:01","guid":{"rendered":"https:\/\/www.makitamarket.com.tr\/site\/urun\/uni-t-ut890d-dijital-true-rms-multimetre\/"},"modified":"2026-04-14T00:03:01","modified_gmt":"2026-04-13T21:03:01","slug":"uni-t-ut890d-dijital-true-rms-multimetre","status":"publish","type":"product","link":"https:\/\/www.makitamarket.com.tr\/site\/urun\/uni-t-ut890d-dijital-true-rms-multimetre\/","title":{"rendered":"Uni-t UT890D+ Dijital True RMS Multimetre"},"content":{"rendered":"<table>\n<tr>\n<td>Veri tutma<\/td>\n<td>\u221a<\/td>\n<\/tr>\n<tr>\n<td>DC Ak\u0131m<\/td>\n<td>60.00\u03bcA\/6.000mA\/60.00mA \u00b1(0.8%+8) 600.0mA \u00b1(1.2%+5) 20.00A \u00b1(2.0%+5)<\/td>\n<\/tr>\n<tr>\n<td>Kapasitans<\/td>\n<td>9.999nF \u00b1(5.0%+35) 99.99nF~999.9\u03bcF \u00b1(2.5%+20) 9.999mF \u00b1(5.0%+10) 99.99mF \u00b1(10.0%+5)<\/td>\n<\/tr>\n<tr>\n<td>AC Voltaj<\/td>\n<td>6.000V\/60.00V\/600.0V \u00b1(0.8%+3) 750V \u00b1(1.0%+10)<\/td>\n<\/tr>\n<tr>\n<td>Diren\u00e7 (\u2126)<\/td>\n<td>600.00\u03a9 \u00b1(0.8%+5) 6.000k\u03a9\/60.00k\u03a9\/600.0k\u03a9\/6.000M\u03a9 60.00M\u03a9 \u00b1(1.0%+25)<\/td>\n<\/tr>\n<tr>\n<td>True RMS<\/td>\n<td>\u221a<\/td>\n<\/tr>\n<tr>\n<td>A\u011f\u0131rl\u0131k<\/td>\n<td>346g<\/td>\n<\/tr>\n<tr>\n<td>Diyot Testi &#038; hFE<\/td>\n<td>\u221a<\/td>\n<\/tr>\n<tr>\n<td>Dc Voltaj<\/td>\n<td>600.0mV \u00b1(0.5%+4) 6.000V\/60.00V\/600.0V \u00b1(0.5%+2) 1000V \u00b1(0.7%+10)<\/td>\n<\/tr>\n<tr>\n<td>AC Ak\u0131m<\/td>\n<td>6.000mA \/60.00mA \u00b1(1.0%+12) 600.0mA \u00b1(2.0%+3) 20.00A \u00b1(3.0%+5)<\/td>\n<\/tr>\n<tr>\n<td>Frekans<\/td>\n<td>9.999Hz~9.999MHz \u00b1(0.1%+5)<\/td>\n<\/tr>\n<tr>\n<td>S\u00fcreklilik Testi<\/td>\n<td>\u221a<\/td>\n<\/tr>\n<\/table>\n","protected":false},"excerpt":{"rendered":"<p>Veri tutma \u221a DC Ak\u0131m 60.00\u03bcA\/6.000mA\/60.00mA \u00b1(0.8%+8) 600.0mA \u00b1(1.2%+5) 20.00A \u00b1(2.0%+5) Kapasitans 9.999nF \u00b1(5.0%+35) 99.99nF~999.9\u03bcF \u00b1(2.5%+20) 9.999mF \u00b1(5.0%+10) 99.99mF \u00b1(10.0%+5) AC Voltaj 6.000V\/60.00V\/600.0V \u00b1(0.8%+3) 750V \u00b1(1.0%+10) Diren\u00e7 (\u2126) 600.00\u03a9 \u00b1(0.8%+5)<\/p>\n","protected":false},"featured_media":0,"comment_status":"open","ping_status":"closed","template":"","meta":{"_acf_changed":false},"product_brand":[],"product_cat":[1565],"product_tag":[],"class_list":{"0":"post-26389","1":"product","2":"type-product","3":"status-publish","5":"product_cat-yok-yok","7":"first","8":"outofstock","9":"taxable","10":"shipping-taxable","11":"purchasable","12":"product-type-simple","13":"add-to-wishlist-after_add_to_cart"},"acf":[],"_links":{"self":[{"href":"https:\/\/www.makitamarket.com.tr\/site\/wp-json\/wp\/v2\/product\/26389","targetHints":{"allow":["GET"]}}],"collection":[{"href":"https:\/\/www.makitamarket.com.tr\/site\/wp-json\/wp\/v2\/product"}],"about":[{"href":"https:\/\/www.makitamarket.com.tr\/site\/wp-json\/wp\/v2\/types\/product"}],"replies":[{"embeddable":true,"href":"https:\/\/www.makitamarket.com.tr\/site\/wp-json\/wp\/v2\/comments?post=26389"}],"wp:attachment":[{"href":"https:\/\/www.makitamarket.com.tr\/site\/wp-json\/wp\/v2\/media?parent=26389"}],"wp:term":[{"taxonomy":"product_brand","embeddable":true,"href":"https:\/\/www.makitamarket.com.tr\/site\/wp-json\/wp\/v2\/product_brand?post=26389"},{"taxonomy":"product_cat","embeddable":true,"href":"https:\/\/www.makitamarket.com.tr\/site\/wp-json\/wp\/v2\/product_cat?post=26389"},{"taxonomy":"product_tag","embeddable":true,"href":"https:\/\/www.makitamarket.com.tr\/site\/wp-json\/wp\/v2\/product_tag?post=26389"}],"curies":[{"name":"wp","href":"https:\/\/api.w.org\/{rel}","templated":true}]}}