{"id":26390,"date":"2026-04-14T00:03:07","date_gmt":"2026-04-13T21:03:07","guid":{"rendered":"https:\/\/www.makitamarket.com.tr\/site\/urun\/uni-t-ut681c-network-kablo-test-cihazi\/"},"modified":"2026-04-14T00:03:07","modified_gmt":"2026-04-13T21:03:07","slug":"uni-t-ut681c-network-kablo-test-cihazi","status":"publish","type":"product","link":"https:\/\/www.makitamarket.com.tr\/site\/urun\/uni-t-ut681c-network-kablo-test-cihazi\/","title":{"rendered":"Uni-t UT681C Network Kablo Test Cihaz\u0131"},"content":{"rendered":"<table>\n<tr>\n<td>Test<\/td>\n<td>K\u0131sa Devre Testi<\/td>\n<\/tr>\n<tr>\n<td>\u0130\u015flem<\/td>\n<td>Tek Tu\u015fla \u0130\u015flem<\/td>\n<\/tr>\n<tr>\n<td>Test<\/td>\n<td>Ethernet Kablosu Testi<\/td>\n<\/tr>\n<tr>\n<td>Net A\u011f\u0131rl\u0131k<\/td>\n<td>Verici: 87g, Al\u0131c\u0131: 51g<\/td>\n<\/tr>\n<tr>\n<td>G\u00fc\u00e7 Kayna\u011f\u0131<\/td>\n<td>9V Pil<\/td>\n<\/tr>\n<tr>\n<td>Test<\/td>\n<td>H\u0131zl\u0131 Test Modu<\/td>\n<\/tr>\n<tr>\n<td>Test<\/td>\n<td>\u00c7apraz Devre Testi<\/td>\n<\/tr>\n<tr>\n<td>D\u00fc\u015f\u00fck Pil Uyar\u0131s\u0131<\/td>\n<td>\u221a<\/td>\n<\/tr>\n<tr>\n<td>Aksesuar<\/td>\n<td>Pil, BNC-RJ45\u2019adapt\u00f6r<\/td>\n<\/tr>\n<tr>\n<td>\u00c7al\u0131\u015fma S\u0131cakl\u0131\u011f\u0131<\/td>\n<td>0~400C<\/td>\n<\/tr>\n<tr>\n<td>Boyutlar<\/td>\n<td>Verici: 102x62x28mm Al\u0131c\u0131: 102x37x28mm<\/td>\n<\/tr>\n<tr>\n<td>\u00c7al\u0131\u015fma Nemi<\/td>\n<td>%20~80 ba\u011f\u0131l nem<\/td>\n<\/tr>\n<tr>\n<td>Otomatik Kapanma<\/td>\n<td>\u221a (10dk.)<\/td>\n<\/tr>\n<tr>\n<td>Led G\u00f6stergesi<\/td>\n<td>\u221a<\/td>\n<\/tr>\n<tr>\n<td>Test<\/td>\n<td>A\u00e7\u0131k Devre Testi<\/td>\n<\/tr>\n<tr>\n<td>Fonksiyon<\/td>\n<td>Manuel Kapatma Fonksiyonu<\/td>\n<\/tr>\n<tr>\n<td>Test<\/td>\n<td>Yava\u015f Test Modu<\/td>\n<\/tr>\n<tr>\n<td>Pil \u00d6mr\u00fc<\/td>\n<td>\u221a<\/td>\n<\/tr>\n<tr>\n<td>Test<\/td>\n<td>RJ45\/RJ11\/BNC Test (RJ45-BNC adapt\u00f6r\u00fc ile)<\/td>\n<\/tr>\n<\/table>\n","protected":false},"excerpt":{"rendered":"<p>Test K\u0131sa Devre Testi \u0130\u015flem Tek Tu\u015fla \u0130\u015flem Test Ethernet Kablosu Testi Net A\u011f\u0131rl\u0131k Verici: 87g, Al\u0131c\u0131: 51g G\u00fc\u00e7 Kayna\u011f\u0131 9V Pil Test H\u0131zl\u0131 Test Modu Test \u00c7apraz Devre Testi<\/p>\n","protected":false},"featured_media":0,"comment_status":"open","ping_status":"closed","template":"","meta":{"_acf_changed":false},"product_brand":[],"product_cat":[1565],"product_tag":[],"class_list":{"0":"post-26390","1":"product","2":"type-product","3":"status-publish","5":"product_cat-yok-yok","7":"first","8":"outofstock","9":"taxable","10":"shipping-taxable","11":"purchasable","12":"product-type-simple","13":"add-to-wishlist-after_add_to_cart"},"acf":[],"_links":{"self":[{"href":"https:\/\/www.makitamarket.com.tr\/site\/wp-json\/wp\/v2\/product\/26390","targetHints":{"allow":["GET"]}}],"collection":[{"href":"https:\/\/www.makitamarket.com.tr\/site\/wp-json\/wp\/v2\/product"}],"about":[{"href":"https:\/\/www.makitamarket.com.tr\/site\/wp-json\/wp\/v2\/types\/product"}],"replies":[{"embeddable":true,"href":"https:\/\/www.makitamarket.com.tr\/site\/wp-json\/wp\/v2\/comments?post=26390"}],"wp:attachment":[{"href":"https:\/\/www.makitamarket.com.tr\/site\/wp-json\/wp\/v2\/media?parent=26390"}],"wp:term":[{"taxonomy":"product_brand","embeddable":true,"href":"https:\/\/www.makitamarket.com.tr\/site\/wp-json\/wp\/v2\/product_brand?post=26390"},{"taxonomy":"product_cat","embeddable":true,"href":"https:\/\/www.makitamarket.com.tr\/site\/wp-json\/wp\/v2\/product_cat?post=26390"},{"taxonomy":"product_tag","embeddable":true,"href":"https:\/\/www.makitamarket.com.tr\/site\/wp-json\/wp\/v2\/product_tag?post=26390"}],"curies":[{"name":"wp","href":"https:\/\/api.w.org\/{rel}","templated":true}]}}