{"id":26393,"date":"2026-04-14T00:03:12","date_gmt":"2026-04-13T21:03:12","guid":{"rendered":"https:\/\/www.makitamarket.com.tr\/site\/urun\/uni-t-ut715-proses-kalibratoru\/"},"modified":"2026-04-21T05:28:14","modified_gmt":"2026-04-21T02:28:14","slug":"uni-t-ut715-proses-kalibratoru","status":"publish","type":"product","link":"https:\/\/www.makitamarket.com.tr\/site\/urun\/uni-t-ut715-proses-kalibratoru\/","title":{"rendered":"Uni-t UT715 Proses Kalibrat\u00f6r\u00fc"},"content":{"rendered":"<table>\n<tr>\n<td>\u00dcr\u00fcn Boyutu<\/td>\n<td>195 mm x 95 mm x 58 mm<\/td>\n<\/tr>\n<tr>\n<td>Frekans<\/td>\n<td>00Hz\/1kHz\/10kHz\/100kHz \u00b1(0.01%+1)<\/td>\n<\/tr>\n<tr>\n<td>DC Ak\u0131m<\/td>\n<td>20mA \u00b1(%0.02+2)<\/td>\n<\/tr>\n<tr>\n<td>G\u00fc\u00e7<\/td>\n<td>1.2V x 6 AA \u015farj edilebilir pil<\/td>\n<\/tr>\n<tr>\n<td>G\u00fc\u00e7<\/td>\n<td>D\u00f6ng\u00fc g\u00fc\u00e7 \u00e7\u0131k\u0131\u015f\u0131 24V \u00b1%10<\/td>\n<\/tr>\n<tr>\n<td>DC Ak\u0131m<\/td>\n<td>20mA\/20mA (SIM) \u00b1(%0.02+2)<\/td>\n<\/tr>\n<tr>\n<td>Dc Voltaj<\/td>\n<td>200mV\/30V \u00b1(%0.02+2)<\/td>\n<\/tr>\n<tr>\n<td>G\u00f6r\u00fcnt\u00fcleme Say\u0131s\u0131<\/td>\n<td>20000<\/td>\n<\/tr>\n<tr>\n<td>Darbe enerjisi<\/td>\n<td>00Hz\/1kHz\/10kHz \u00b11<\/td>\n<\/tr>\n<tr>\n<td>\u00c7al\u0131\u015fma S\u0131cakl\u0131\u011f\u0131<\/td>\n<td>-10\u00b0C~55\u00b0C<\/td>\n<\/tr>\n<tr>\n<td>Standart Aksesuarlar<\/td>\n<td>Test kablosu, USB kablosu, g\u00fc\u00e7 adapt\u00f6r\u00fc, \u0130ngilizce el kitab\u0131<\/td>\n<\/tr>\n<tr>\n<td>\u00dcr\u00fcn Net A\u011f\u0131rl\u0131\u011f\u0131<\/td>\n<td>650g<\/td>\n<\/tr>\n<tr>\n<td>Ak\u0131m<\/td>\n<td>D\u00f6ng\u00fc ak\u0131m\u0131 (mA) D\u00f6ng\u00fc ak\u0131m\u0131 (mA)<\/td>\n<\/tr>\n<tr>\n<td>Frekans<\/td>\n<td>200Hz\/2000Hz\/20kHz \u00b1(0.01%+1)<\/td>\n<\/tr>\n<tr>\n<td>Dc Voltaj<\/td>\n<td>100mV\/1000mV\/10V \u00b1(0.02%+10)<\/td>\n<\/tr>\n<tr>\n<td>S\u00fcreklilik Testi<\/td>\n<td>\u221a<\/td>\n<\/tr>\n<\/table>\n","protected":false},"excerpt":{"rendered":"<p>\u00dcr\u00fcn Boyutu 195 mm x 95 mm x 58 mm Frekans 00Hz\/1kHz\/10kHz\/100kHz \u00b1(0.01%+1) DC Ak\u0131m 20mA \u00b1(%0.02+2) G\u00fc\u00e7 1.2V x 6 AA \u015farj edilebilir pil G\u00fc\u00e7 D\u00f6ng\u00fc g\u00fc\u00e7 \u00e7\u0131k\u0131\u015f\u0131 24V<\/p>\n","protected":false},"featured_media":0,"comment_status":"open","ping_status":"closed","template":"","meta":{"_acf_changed":false},"product_brand":[1531],"product_cat":[1565],"product_tag":[],"class_list":{"0":"post-26393","1":"product","2":"type-product","3":"status-publish","5":"product_brand-uni-t","6":"product_cat-yok-yok","8":"first","9":"instock","10":"taxable","11":"shipping-taxable","12":"purchasable","13":"product-type-simple","14":"add-to-wishlist-after_add_to_cart"},"acf":[],"_links":{"self":[{"href":"https:\/\/www.makitamarket.com.tr\/site\/wp-json\/wp\/v2\/product\/26393","targetHints":{"allow":["GET"]}}],"collection":[{"href":"https:\/\/www.makitamarket.com.tr\/site\/wp-json\/wp\/v2\/product"}],"about":[{"href":"https:\/\/www.makitamarket.com.tr\/site\/wp-json\/wp\/v2\/types\/product"}],"replies":[{"embeddable":true,"href":"https:\/\/www.makitamarket.com.tr\/site\/wp-json\/wp\/v2\/comments?post=26393"}],"wp:attachment":[{"href":"https:\/\/www.makitamarket.com.tr\/site\/wp-json\/wp\/v2\/media?parent=26393"}],"wp:term":[{"taxonomy":"product_brand","embeddable":true,"href":"https:\/\/www.makitamarket.com.tr\/site\/wp-json\/wp\/v2\/product_brand?post=26393"},{"taxonomy":"product_cat","embeddable":true,"href":"https:\/\/www.makitamarket.com.tr\/site\/wp-json\/wp\/v2\/product_cat?post=26393"},{"taxonomy":"product_tag","embeddable":true,"href":"https:\/\/www.makitamarket.com.tr\/site\/wp-json\/wp\/v2\/product_tag?post=26393"}],"curies":[{"name":"wp","href":"https:\/\/api.w.org\/{rel}","templated":true}]}}