{"id":26395,"date":"2026-04-14T00:03:15","date_gmt":"2026-04-13T21:03:15","guid":{"rendered":"https:\/\/www.makitamarket.com.tr\/site\/urun\/uni-t-ut526-kacak-akim-ve-izolasyon-megeri\/"},"modified":"2026-04-14T00:03:15","modified_gmt":"2026-04-13T21:03:15","slug":"uni-t-ut526-kacak-akim-ve-izolasyon-megeri","status":"publish","type":"product","link":"https:\/\/www.makitamarket.com.tr\/site\/urun\/uni-t-ut526-kacak-akim-ve-izolasyon-megeri\/","title":{"rendered":"Uni-t UT526 Ka\u00e7ak Ak\u0131m ve \u0130zolasyon Megeri"},"content":{"rendered":"<table>\n<tr>\n<td>Frekans<\/td>\n<td>220V (45Hz&#8211;65Hz)\t\u00b1%10<\/td>\n<\/tr>\n<tr>\n<td>Dc Voltaj<\/td>\n<td>0?440V \u00b1(%5+2) <\/td>\n<\/tr>\n<tr>\n<td>Menzil<\/td>\n<td>0.00?~2000?\t\u00b1(2%+5)<\/td>\n<\/tr>\n<tr>\n<td>AC Voltaj<\/td>\n<td>0?440V \u00b1(%5+2)<\/td>\n<\/tr>\n<tr>\n<td>K\u0131sa \/ A\u00e7\u0131k Devre Testi<\/td>\n<td><2mA<\/td>\n<\/tr>\n<tr>\n<td>Voltaj<\/td>\n<td>250V\/500V\/1000V\t\u00b1%10<\/td>\n<\/tr>\n<tr>\n<td>A\u015f\u0131r\u0131 y\u00fck alarm\u0131<\/td>\n<td>250V (R=250K?) 1mA\t\u00b1%10 500V (R=500K?) 1mA\t\u00b1%10 1000V (R=1M?) 1mA\t\u00b1%10<\/td>\n<\/tr>\n<\/table>\n","protected":false},"excerpt":{"rendered":"<p>Frekans 220V (45Hz&#8211;65Hz) \u00b1%10 Dc Voltaj 0?440V \u00b1(%5+2) Menzil 0.00?~2000? \u00b1(2%+5) AC Voltaj 0?440V \u00b1(%5+2) K\u0131sa \/ A\u00e7\u0131k Devre Testi<\/p>\n","protected":false},"featured_media":0,"comment_status":"open","ping_status":"closed","template":"","meta":{"_acf_changed":false},"product_brand":[],"product_cat":[1565],"product_tag":[],"class_list":{"0":"post-26395","1":"product","2":"type-product","3":"status-publish","5":"product_cat-yok-yok","7":"first","8":"instock","9":"taxable","10":"shipping-taxable","11":"purchasable","12":"product-type-simple","13":"add-to-wishlist-after_add_to_cart"},"acf":[],"_links":{"self":[{"href":"https:\/\/www.makitamarket.com.tr\/site\/wp-json\/wp\/v2\/product\/26395","targetHints":{"allow":["GET"]}}],"collection":[{"href":"https:\/\/www.makitamarket.com.tr\/site\/wp-json\/wp\/v2\/product"}],"about":[{"href":"https:\/\/www.makitamarket.com.tr\/site\/wp-json\/wp\/v2\/types\/product"}],"replies":[{"embeddable":true,"href":"https:\/\/www.makitamarket.com.tr\/site\/wp-json\/wp\/v2\/comments?post=26395"}],"wp:attachment":[{"href":"https:\/\/www.makitamarket.com.tr\/site\/wp-json\/wp\/v2\/media?parent=26395"}],"wp:term":[{"taxonomy":"product_brand","embeddable":true,"href":"https:\/\/www.makitamarket.com.tr\/site\/wp-json\/wp\/v2\/product_brand?post=26395"},{"taxonomy":"product_cat","embeddable":true,"href":"https:\/\/www.makitamarket.com.tr\/site\/wp-json\/wp\/v2\/product_cat?post=26395"},{"taxonomy":"product_tag","embeddable":true,"href":"https:\/\/www.makitamarket.com.tr\/site\/wp-json\/wp\/v2\/product_tag?post=26395"}],"curies":[{"name":"wp","href":"https:\/\/api.w.org\/{rel}","templated":true}]}}