{"id":26396,"date":"2026-04-14T00:03:15","date_gmt":"2026-04-13T21:03:15","guid":{"rendered":"https:\/\/www.makitamarket.com.tr\/site\/urun\/uni-t-ut595-cok-fonksiyonlu-tesisat-test-cihazi\/"},"modified":"2026-04-14T00:03:15","modified_gmt":"2026-04-13T21:03:15","slug":"uni-t-ut595-cok-fonksiyonlu-tesisat-test-cihazi","status":"publish","type":"product","link":"https:\/\/www.makitamarket.com.tr\/site\/urun\/uni-t-ut595-cok-fonksiyonlu-tesisat-test-cihazi\/","title":{"rendered":"Uni-t UT595 \u00c7ok Fonksiyonlu Tesisat Test Cihaz\u0131"},"content":{"rendered":"<p>\u25cf Analog \u00e7ubuklu 9999 say\u0131ml\u0131 LCD ekran<\/p>\n<p>\u25cf 250V~1000V DC yal\u0131t\u0131m direnci testi<\/p>\n<p>\u25cf 200mA toprak direnci s\u00fcreklilik testi<\/p>\n<p>\u25cf D\u00f6ng\u00fc empedans\u0131\/Beklenen Ar\u0131za Ak\u0131m\u0131 (PFC)\/Beklenen K\u0131sa Ak\u0131m (PSC) testi<\/p>\n<p>\u25cf Kilit testi<\/p>\n<p>\u25cf RCD trip s\u00fcresi testi ve tek tu\u015fla veri depolama<\/p>\n<p>\u25cf Tam\/Yar\u0131m dalga ve geri say\u0131m (30 saniye) test modu se\u00e7ilebilir<\/p>\n<p>\u25cf En h\u0131zl\u0131 tetikleme s\u00fcresini alg\u0131lamak i\u00e7in 0\u00b0\/180\u00b0 faz a\u00e7\u0131s\u0131 se\u00e7ene\u011fi<\/p>\n<p>\u25cf RCD a\u00e7ma s\u00fcresi X2&#8217;nin a\u00e7ma ak\u0131m\u0131 testi<\/p>\n<p>\u25cf RCD tetikleme ak\u0131m\u0131 testi<\/p>\n<p>\u25cf Faz s\u0131ras\u0131 ve eksik test<\/p>\n<p>\u25cf AC\/DC voltaj otomatik kontrol\u00fc ve testi<\/p>\n<p>\u25cf Ger\u00e7ek zamanl\u0131 durum g\u00f6r\u00fcnt\u00fcleme ile ba\u011flant\u0131 kontrol\u00fc<\/p>\n<p>\u25cf Beyaz arka \u0131\u015f\u0131k; otomatik kapanma<\/p>\n<table>\n<tr>\n<td>\u00c7\u0131k\u0131\u015f Voltaj\u0131  (V)<\/td>\n<td>250V\/500V\/1000V\t\u00b1%10\t<\/td>\n<\/tr>\n<tr>\n<td>Kademe<\/td>\n<td>0,00\u03a9\uff5e199\u03a9\t\u00b1(2%+5)\t<\/td>\n<\/tr>\n<tr>\n<td>Test Aral\u0131\u011f\u0131<\/td>\n<td>0,00\uff5e2\u03a9: >200mA\t\u221a\t<\/td>\n<\/tr>\n<\/table>\n","protected":false},"excerpt":{"rendered":"<p>\u25cf Analog \u00e7ubuklu 9999 say\u0131ml\u0131 LCD ekran<\/p>\n<p>\u25cf 250V~1000V DC yal\u0131t\u0131m direnci testi<\/p>\n<p>\u25cf 200mA toprak direnci s\u00fcreklilik testi<\/p>\n<p>\u25cf D\u00f6ng\u00fc empedans\u0131\/Beklenen Ar\u0131za Ak\u0131m\u0131 (PFC)\/Beklenen K\u0131sa Ak\u0131m (PSC) testi<\/p>\n<p>\u25cf Kilit testi<\/p>\n<p>\u25cf RCD trip s\u00fcresi testi ve tek tu\u015fla veri depolama<\/p>\n<p>\u25cf Tam\/Yar\u0131m dalga ve geri say\u0131m (30 saniye) test modu se\u00e7ilebilir<\/p>\n<p>\u25cf En h\u0131zl\u0131 tetikleme s\u00fcresini alg\u0131lamak i\u00e7in 0\u00b0\/180\u00b0 faz a\u00e7\u0131s\u0131 se\u00e7ene\u011fi<\/p>\n<p>\u25cf RCD a\u00e7ma s\u00fcresi X2&#8217;nin a\u00e7ma ak\u0131m\u0131 testi<\/p>\n<p>\u25cf RCD tetikleme ak\u0131m\u0131 testi<\/p>\n<p>\u25cf Faz s\u0131ras\u0131 ve eksik test<\/p>\n<p>\u25cf AC\/DC voltaj otomatik kontrol\u00fc ve testi<\/p>\n<p>\u25cf Ger\u00e7ek zamanl\u0131 durum g\u00f6r\u00fcnt\u00fcleme ile ba\u011flant\u0131 kontrol\u00fc<\/p>\n<p>\u25cf Beyaz arka \u0131\u015f\u0131k; otomatik kapanma<\/p>\n","protected":false},"featured_media":0,"comment_status":"open","ping_status":"closed","template":"","meta":{"_acf_changed":false},"product_brand":[],"product_cat":[1565],"product_tag":[],"class_list":{"0":"post-26396","1":"product","2":"type-product","3":"status-publish","5":"product_cat-yok-yok","7":"first","8":"instock","9":"taxable","10":"shipping-taxable","11":"purchasable","12":"product-type-simple","13":"add-to-wishlist-after_add_to_cart"},"acf":[],"_links":{"self":[{"href":"https:\/\/www.makitamarket.com.tr\/site\/wp-json\/wp\/v2\/product\/26396","targetHints":{"allow":["GET"]}}],"collection":[{"href":"https:\/\/www.makitamarket.com.tr\/site\/wp-json\/wp\/v2\/product"}],"about":[{"href":"https:\/\/www.makitamarket.com.tr\/site\/wp-json\/wp\/v2\/types\/product"}],"replies":[{"embeddable":true,"href":"https:\/\/www.makitamarket.com.tr\/site\/wp-json\/wp\/v2\/comments?post=26396"}],"wp:attachment":[{"href":"https:\/\/www.makitamarket.com.tr\/site\/wp-json\/wp\/v2\/media?parent=26396"}],"wp:term":[{"taxonomy":"product_brand","embeddable":true,"href":"https:\/\/www.makitamarket.com.tr\/site\/wp-json\/wp\/v2\/product_brand?post=26396"},{"taxonomy":"product_cat","embeddable":true,"href":"https:\/\/www.makitamarket.com.tr\/site\/wp-json\/wp\/v2\/product_cat?post=26396"},{"taxonomy":"product_tag","embeddable":true,"href":"https:\/\/www.makitamarket.com.tr\/site\/wp-json\/wp\/v2\/product_tag?post=26396"}],"curies":[{"name":"wp","href":"https:\/\/api.w.org\/{rel}","templated":true}]}}