{"id":26397,"date":"2026-04-14T00:03:17","date_gmt":"2026-04-13T21:03:17","guid":{"rendered":"https:\/\/www.makitamarket.com.tr\/site\/urun\/uni-t-ut60eu-dijital-true-rms-multimetre\/"},"modified":"2026-04-14T00:03:17","modified_gmt":"2026-04-13T21:03:17","slug":"uni-t-ut60eu-dijital-true-rms-multimetre","status":"publish","type":"product","link":"https:\/\/www.makitamarket.com.tr\/site\/urun\/uni-t-ut60eu-dijital-true-rms-multimetre\/","title":{"rendered":"Uni-t UT60EU Dijital True RMS Multimetre"},"content":{"rendered":"<p>True RMS, Veri Tutma, Diyot\/S\u00fcreklilik Testi, REL, NCV (Sesli\/G\u00f6rsel Alarm), &lt;3.6V D\u00fc\u015f\u00fck Pil G\u00f6stergesi<\/p>\n<table>\n<tr>\n<td>DC Ak\u0131m<\/td>\n<td>999.9\u03bcA\/999.9mA\/9.999A\/10A \u00b1(0.8%+3)<\/td>\n<\/tr>\n<tr>\n<td>Kapasitans (F)<\/td>\n<td>9.999nF\/99.99nF\/999.9nF 9.999\u03bcF\/99.99\u03bcF\/999.9\u03bcF 9.999mF\/9.99mf \u00b1(4.0%+5)<\/td>\n<\/tr>\n<tr>\n<td>Diren\u00e7 (\u2126)<\/td>\n<td>999.9\u03a9\/9.999k\u03a9\/99.99k\u03a9 999.9k\u03a9\/9.999M\u03a9\/99.99M\u03a9 \u00b1(0.8%+2)<\/td>\n<\/tr>\n<tr>\n<td>Dc Voltaj<\/td>\n<td>9.999mV\/99.99mV\/999.9mV 9.999V\/99.99V\/999.9V \u00b1(0.5%+3)<\/td>\n<\/tr>\n<tr>\n<td>Frekans<\/td>\n<td>99.99Hz~9.999MHz \u00b1(0.1%+5)<\/td>\n<\/tr>\n<tr>\n<td>Aksesuar<\/td>\n<td>Test u\u00e7lar\u0131, Termokupl, piller, k\u0131lavuz<\/td>\n<\/tr>\n<tr>\n<td>G\u00fc\u00e7<\/td>\n<td>1,5V Pil (AAA) x 3<\/td>\n<\/tr>\n<tr>\n<td>Aral\u0131k<\/td>\n<td>Otomatik\/Manuel<\/td>\n<\/tr>\n<tr>\n<td>AC Voltaj<\/td>\n<td>9.999mV\/99.99mV\/999.9mV 9.999V\/99.99V\/999.9V \u00b1(0.8%+3)<\/td>\n<\/tr>\n<tr>\n<td>A\u011f\u0131rl\u0131k<\/td>\n<td>290g<\/td>\n<\/tr>\n<tr>\n<td>Ekran<\/td>\n<td>9999<\/td>\n<\/tr>\n<tr>\n<td>Boyutlar<\/td>\n<td>169 x 81 x 46mm<\/td>\n<\/tr>\n<tr>\n<td>Otomatik Kapanma<\/td>\n<td>15dk<\/td>\n<\/tr>\n<tr>\n<td>S\u0131cakl\u0131k<\/td>\n<td>-400C~10000C \u00b1(+40C)<\/td>\n<\/tr>\n<tr>\n<td>AC Ak\u0131m<\/td>\n<td>999.9\u03bcA\/999.9mA\/9.999A\/10A \u00b1(1.0%+3)<\/td>\n<\/tr>\n<tr>\n<td>\u00c7al\u0131\u015fma S\u0131cakl\u0131\u011f\u0131<\/td>\n<td>00C~400C<\/td>\n<\/tr>\n<tr>\n<td>Temass\u0131z voltaj testi<\/td>\n<td>\u221a<\/td>\n<\/tr>\n<\/table>\n","protected":false},"excerpt":{"rendered":"<p>True RMS, Veri Tutma, Diyot\/S\u00fcreklilik Testi, REL, NCV (Sesli\/G\u00f6rsel Alarm), &lt;3.6V D\u00fc\u015f\u00fck Pil G\u00f6stergesi<\/p>\n","protected":false},"featured_media":0,"comment_status":"open","ping_status":"closed","template":"","meta":{"_acf_changed":false},"product_brand":[],"product_cat":[1565],"product_tag":[],"class_list":{"0":"post-26397","1":"product","2":"type-product","3":"status-publish","5":"product_cat-yok-yok","7":"first","8":"instock","9":"taxable","10":"shipping-taxable","11":"purchasable","12":"product-type-simple","13":"add-to-wishlist-after_add_to_cart"},"acf":[],"_links":{"self":[{"href":"https:\/\/www.makitamarket.com.tr\/site\/wp-json\/wp\/v2\/product\/26397","targetHints":{"allow":["GET"]}}],"collection":[{"href":"https:\/\/www.makitamarket.com.tr\/site\/wp-json\/wp\/v2\/product"}],"about":[{"href":"https:\/\/www.makitamarket.com.tr\/site\/wp-json\/wp\/v2\/types\/product"}],"replies":[{"embeddable":true,"href":"https:\/\/www.makitamarket.com.tr\/site\/wp-json\/wp\/v2\/comments?post=26397"}],"wp:attachment":[{"href":"https:\/\/www.makitamarket.com.tr\/site\/wp-json\/wp\/v2\/media?parent=26397"}],"wp:term":[{"taxonomy":"product_brand","embeddable":true,"href":"https:\/\/www.makitamarket.com.tr\/site\/wp-json\/wp\/v2\/product_brand?post=26397"},{"taxonomy":"product_cat","embeddable":true,"href":"https:\/\/www.makitamarket.com.tr\/site\/wp-json\/wp\/v2\/product_cat?post=26397"},{"taxonomy":"product_tag","embeddable":true,"href":"https:\/\/www.makitamarket.com.tr\/site\/wp-json\/wp\/v2\/product_tag?post=26397"}],"curies":[{"name":"wp","href":"https:\/\/api.w.org\/{rel}","templated":true}]}}