{"id":26452,"date":"2026-05-05T15:07:55","date_gmt":"2026-05-05T12:07:55","guid":{"rendered":"https:\/\/www.makitamarket.com.tr\/site\/urun\/factor-cm1600-boya-ve-harc-karistirici\/"},"modified":"2026-05-05T15:07:55","modified_gmt":"2026-05-05T12:07:55","slug":"factor-cm1600-boya-ve-harc-karistirici","status":"publish","type":"product","link":"https:\/\/www.makitamarket.com.tr\/site\/urun\/factor-cm1600-boya-ve-harc-karistirici\/","title":{"rendered":"Factor CM1600 BOYA VE HAR\u00c7 KARI\u015eTIRICI"},"content":{"rendered":"<table>\n<tr>\n<td>A\u011f\u0131rl\u0131k (Kg)<\/td>\n<td>5 Kg<\/td>\n<\/tr>\n<tr>\n<td>Mikser \u00c7ap\u0131<\/td>\n<td>\u00f8140 mm<\/td>\n<\/tr>\n<tr>\n<td>Voltaj<\/td>\n<td>230V~50Hz<\/td>\n<\/tr>\n<tr>\n<td>Bo\u015fta Devir Say\u0131s\u0131<\/td>\n<td>I:240-500 RPM &#8211; II:380-850 RPM<\/td>\n<\/tr>\n<tr>\n<td>G\u00fc\u00e7<\/td>\n<td>1600W<\/td>\n<\/tr>\n<tr>\n<td>Mil \u00c7ap\u0131<\/td>\n<td>M14<\/td>\n<\/tr>\n<\/table>\n","protected":false},"excerpt":{"rendered":"<p>A\u011f\u0131rl\u0131k (Kg) 5 Kg Mikser \u00c7ap\u0131 \u00f8140 mm Voltaj 230V~50Hz Bo\u015fta Devir Say\u0131s\u0131 I:240-500 RPM &#8211; II:380-850 RPM G\u00fc\u00e7 1600W Mil \u00c7ap\u0131 M14<\/p>\n","protected":false},"featured_media":0,"comment_status":"open","ping_status":"closed","template":"","meta":{"_acf_changed":false},"product_brand":[],"product_cat":[1565],"product_tag":[],"class_list":{"0":"post-26452","1":"product","2":"type-product","3":"status-publish","5":"product_cat-yok-yok","7":"first","8":"instock","9":"taxable","10":"shipping-taxable","11":"purchasable","12":"product-type-simple","13":"add-to-wishlist-after_add_to_cart"},"acf":[],"_links":{"self":[{"href":"https:\/\/www.makitamarket.com.tr\/site\/wp-json\/wp\/v2\/product\/26452","targetHints":{"allow":["GET"]}}],"collection":[{"href":"https:\/\/www.makitamarket.com.tr\/site\/wp-json\/wp\/v2\/product"}],"about":[{"href":"https:\/\/www.makitamarket.com.tr\/site\/wp-json\/wp\/v2\/types\/product"}],"replies":[{"embeddable":true,"href":"https:\/\/www.makitamarket.com.tr\/site\/wp-json\/wp\/v2\/comments?post=26452"}],"wp:attachment":[{"href":"https:\/\/www.makitamarket.com.tr\/site\/wp-json\/wp\/v2\/media?parent=26452"}],"wp:term":[{"taxonomy":"product_brand","embeddable":true,"href":"https:\/\/www.makitamarket.com.tr\/site\/wp-json\/wp\/v2\/product_brand?post=26452"},{"taxonomy":"product_cat","embeddable":true,"href":"https:\/\/www.makitamarket.com.tr\/site\/wp-json\/wp\/v2\/product_cat?post=26452"},{"taxonomy":"product_tag","embeddable":true,"href":"https:\/\/www.makitamarket.com.tr\/site\/wp-json\/wp\/v2\/product_tag?post=26452"}],"curies":[{"name":"wp","href":"https:\/\/api.w.org\/{rel}","templated":true}]}}