{"id":26479,"date":"2026-05-05T15:12:19","date_gmt":"2026-05-05T12:12:19","guid":{"rendered":"https:\/\/www.makitamarket.com.tr\/site\/urun\/factor-pk804-20lt-fircasiz-kopuklu-oto-yikama\/"},"modified":"2026-05-05T15:12:19","modified_gmt":"2026-05-05T12:12:19","slug":"factor-pk804-20lt-fircasiz-kopuklu-oto-yikama","status":"publish","type":"product","link":"https:\/\/www.makitamarket.com.tr\/site\/urun\/factor-pk804-20lt-fircasiz-kopuklu-oto-yikama\/","title":{"rendered":"Factor PK804 20LT F\u0131r\u00e7as\u0131z K\u00f6p\u00fckl\u00fc Oto Y\u0131kama"},"content":{"rendered":"<p>20LT F\u0131r\u00e7as\u0131z K\u00f6p\u00fckl\u00fc Oto Y\u0131kama<\/p>\n<table><\/table>\n","protected":false},"excerpt":{"rendered":"<p>20LT F\u0131r\u00e7as\u0131z K\u00f6p\u00fckl\u00fc Oto Y\u0131kama<\/p>\n","protected":false},"featured_media":0,"comment_status":"open","ping_status":"closed","template":"","meta":{"_acf_changed":false},"product_brand":[],"product_cat":[1565],"product_tag":[],"class_list":{"0":"post-26479","1":"product","2":"type-product","3":"status-publish","5":"product_cat-yok-yok","7":"first","8":"instock","9":"taxable","10":"shipping-taxable","11":"purchasable","12":"product-type-simple","13":"add-to-wishlist-after_add_to_cart"},"acf":[],"_links":{"self":[{"href":"https:\/\/www.makitamarket.com.tr\/site\/wp-json\/wp\/v2\/product\/26479","targetHints":{"allow":["GET"]}}],"collection":[{"href":"https:\/\/www.makitamarket.com.tr\/site\/wp-json\/wp\/v2\/product"}],"about":[{"href":"https:\/\/www.makitamarket.com.tr\/site\/wp-json\/wp\/v2\/types\/product"}],"replies":[{"embeddable":true,"href":"https:\/\/www.makitamarket.com.tr\/site\/wp-json\/wp\/v2\/comments?post=26479"}],"wp:attachment":[{"href":"https:\/\/www.makitamarket.com.tr\/site\/wp-json\/wp\/v2\/media?parent=26479"}],"wp:term":[{"taxonomy":"product_brand","embeddable":true,"href":"https:\/\/www.makitamarket.com.tr\/site\/wp-json\/wp\/v2\/product_brand?post=26479"},{"taxonomy":"product_cat","embeddable":true,"href":"https:\/\/www.makitamarket.com.tr\/site\/wp-json\/wp\/v2\/product_cat?post=26479"},{"taxonomy":"product_tag","embeddable":true,"href":"https:\/\/www.makitamarket.com.tr\/site\/wp-json\/wp\/v2\/product_tag?post=26479"}],"curies":[{"name":"wp","href":"https:\/\/api.w.org\/{rel}","templated":true}]}}