{"id":26503,"date":"2026-05-05T15:23:19","date_gmt":"2026-05-05T12:23:19","guid":{"rendered":"https:\/\/www.makitamarket.com.tr\/site\/urun\/makita-vr003g-40v-akulu-vibrator\/"},"modified":"2026-05-12T20:24:22","modified_gmt":"2026-05-12T17:24:22","slug":"makita-vr003g-40v-akulu-vibrator","status":"publish","type":"product","link":"https:\/\/www.makitamarket.com.tr\/site\/urun\/makita-vr003g-40v-akulu-vibrator\/","title":{"rendered":"Makita VR003G 40V AK\u00dcL\u00dc V\u0130BRAT\u00d6R"},"content":{"rendered":"<p><strong class=\"red-title\" style=\"font-size: 16px;\">A\u00e7\u0131klama:<\/strong> <span><\/p>\n<p><strong>Model VR003G<\/strong><\/p>\n<p><strong>40Vmax XGT 32 mm Ak\u00fcl\u00fc Beton Vibrat\u00f6r\u00fc<\/strong><\/p>\n<p>40Vmax XGT \u2022 32 mm<\/p>\n<p><strong>Y\u00fcksek Performansl\u0131 Ak\u00fcl\u00fc Beton Vibrat\u00f6r\u00fc<\/strong><\/p>\n<p>Makita\u2019n\u0131n 40Vmax XGT platformunda yer alan bu beton vibrat\u00f6r\u00fc, geni\u015f \u00e7apl\u0131 vibrasyon ba\u015fl\u0131\u011f\u0131, g\u00fc\u00e7l\u00fc motor yap\u0131s\u0131 ve esnek mil uyumlulu\u011fu ile beton s\u0131k\u0131\u015ft\u0131rma i\u015flemlerinde y\u00fcksek verim sunar. \u015eantiye ko\u015fullar\u0131na uygun dayan\u0131kl\u0131 tasar\u0131m\u0131 ile profesyonel kullan\u0131ma y\u00f6neliktir.<\/p>\n<p><\/span><strong class=\"red-title\" style=\"font-size: 16px;\">Kullan\u0131m Amac\u0131:<\/strong> <span><\/p>\n<p>Bu alet; beton d\u00f6k\u00fcm i\u015flemlerinde hava bo\u015fluklar\u0131n\u0131 azaltmak ve homojen s\u0131k\u0131\u015ft\u0131rma sa\u011flamak i\u00e7in tasarlanm\u0131\u015ft\u0131r. Zemin, kolon, temel ve kal\u0131p uygulamalar\u0131nda etkin kullan\u0131m sa\u011flar.<\/p>\n<p><\/span><strong class=\"red-title\" style=\"font-size: 16px;\">\u00d6zellikler:<\/strong> <span><\/p>\n<p>Ak\u00fcl\u00fc yap\u0131s\u0131 kullan\u0131c\u0131ya kablosuz kullan\u0131m imkan\u0131 sunar ve bu sayede kullan\u0131c\u0131lar geni\u015f alanlarda kablo s\u0131n\u0131rlamalar\u0131 olmadan rahat\u00e7a \u00e7al\u0131\u015fabilirler.<\/p>\n<p>XGT(Next Generation Technology Extreme Power); yenilik\u00e7i tasar\u0131m ve 40 volt ak\u00fclerle zorlu taleplerin kar\u015f\u0131land\u0131\u011f\u0131 in\u015faat,end\u00fcstri,bah\u00e7ecilik ve bir\u00e7ok alanda kullan\u0131labilen \u00fcr\u00fcnlerin kar\u0131\u015f\u0131m\u0131d\u0131r.XGT ak\u00fcleri son derece dayan\u0131kl\u0131 olacak \u015fekilde tasarlanm\u0131\u015f olup ak\u00fcleri su ge\u00e7irmez \u00fc\u00e7 katmanl\u0131 bir yap\u0131ya ve darbelere kar\u015f\u0131 korunakl\u0131 olacak \u015fekilde tasarlanm\u0131\u015ft\u0131r.<\/p>\n<p>BL Motor\/K\u00f6m\u00fcrs\u00fcz Motor mevcuttur. K\u00f6m\u00fcrs\u00fcz motor sayesinde \u00e7al\u0131\u015fma esnas\u0131nda olu\u015fan \u0131s\u0131 enerjisi kaybolmaz ve makinenin g\u00fcc\u00fcne iletilir.<\/p>\n<p>XPT(Ekstra Koruma Teknolojisi) sayesinde nemli ve ya\u011fmurlu ortamlarda kullan\u0131labilir. D\u00fc\u015fmeye kar\u015f\u0131 ekstra dayan\u0131kl\u0131d\u0131r.<\/p>\n<p><\/span><strong class=\"red-title\" style=\"font-size: 16px;\">Paket \u0130\u00e7eri\u011fi:<\/strong> <span><\/p>\n<p><\/p>\n<p><\/p>\n<p><\/p>\n<\/p>\n<p><\/span><\/p>\n<div class=\"product-logos\">\n<div class=\"product-logos-item\">\n<div class=\"product-logos-item-image\">\n<p>            <a href=\"https:\/\/www.makita.com.tr\/makita\/teknolojileri\/xgt\" target=\"_blank\"><br \/>\n                <img decoding=\"async\" src=\"https:\/\/fi.makitamedia.com\/images\/3_Makita\/305_logos\/3052_jpg\/XGT.jpg\" alt=\"XGT\" style=\"width: 80px; height: 50px; margin-right: 25px;\"><br \/>\n            <\/a><\/p>\n<p>            <a href=\"https:\/\/www.makita.com.tr\/makita\/teknolojileri\/bl\" target=\"_blank\"><br \/>\n                <img decoding=\"async\" src=\"https:\/\/fi.makitamedia.com\/images\/3_Makita\/305_logos\/3052_jpg\/Brushless%20Motor.jpg\" alt=\"Brushless Motor Technology\" style=\"width: 80px; height: 50px; margin-right: 25px;\"><br \/>\n            <\/a><\/p><\/div><\/div><\/div>\n<table>\n<tr>\n<td>Net A\u011f\u0131rl\u0131k<\/td>\n<td>4.8 &#8211; 7.8 <\/td>\n<\/tr>\n<tr>\n<td>Maksimum \u00c7\u0131k\u0131\u015f<\/td>\n<td>550 W<\/td>\n<\/tr>\n<tr>\n<td>Ses seviyesi<\/td>\n<td>80 dB(A)<\/td>\n<\/tr>\n<tr>\n<td>\u00d6l\u00e7\u00fcler (UxGxY)<\/td>\n<td>282 x 112 x 258<\/td>\n<\/tr>\n<\/table>\n","protected":false},"excerpt":{"rendered":"<p><strong class=\"red-title\" style=\"font-size: 16px;\">A\u00e7\u0131klama:<\/strong> <span><\/p>\n<p><strong>Model VR003G<\/strong><\/p>\n<p><strong>40Vmax XGT 32 mm Ak\u00fcl\u00fc Beton Vibrat\u00f6r\u00fc<\/strong><\/p>\n<p>40Vmax XGT \u2022 32 mm<\/p>\n<p><strong>Y\u00fcksek Performansl\u0131 Ak\u00fcl\u00fc Beton Vibrat\u00f6r\u00fc<\/strong><\/p>\n<p>Makita\u2019n\u0131n 40Vmax XGT platformunda yer alan bu beton vibrat\u00f6r\u00fc, geni\u015f \u00e7apl\u0131 vibrasyon ba\u015fl\u0131\u011f\u0131, g\u00fc\u00e7l\u00fc motor yap\u0131s\u0131 ve esnek mil uyumlulu\u011fu ile beton s\u0131k\u0131\u015ft\u0131rma i\u015flemlerinde y\u00fcksek verim sunar. \u015eantiye ko\u015fullar\u0131na uygun dayan\u0131kl\u0131 tasar\u0131m\u0131 ile profesyonel kullan\u0131ma y\u00f6neliktir.<\/p>\n<p><\/span><strong class=\"red-title\" style=\"font-size: 16px;\">Kullan\u0131m Amac\u0131:<\/strong> <span><\/p>\n<p>Bu alet; beton d\u00f6k\u00fcm i\u015flemlerinde hava bo\u015fluklar\u0131n\u0131 azaltmak ve homojen s\u0131k\u0131\u015ft\u0131rma sa\u011flamak i\u00e7in tasarlanm\u0131\u015ft\u0131r. Zemin, kolon, temel ve kal\u0131p uygulamalar\u0131nda etkin kullan\u0131m sa\u011flar.<\/p>\n<p><\/span><strong class=\"red-title\" style=\"font-size: 16px;\">\u00d6zellikler:<\/strong> <span><\/p>\n<p>Ak\u00fcl\u00fc yap\u0131s\u0131 kullan\u0131c\u0131ya kablosuz kullan\u0131m imkan\u0131 sunar ve bu sayede kullan\u0131c\u0131lar geni\u015f alanlarda kablo s\u0131n\u0131rlamalar\u0131 olmadan rahat\u00e7a \u00e7al\u0131\u015fabilirler.<\/p>\n<p>XGT(Next Generation Technology Extreme Power); yenilik\u00e7i tasar\u0131m ve 40 volt ak\u00fclerle zorlu taleplerin kar\u015f\u0131land\u0131\u011f\u0131 in\u015faat,end\u00fcstri,bah\u00e7ecilik ve bir\u00e7ok alanda kullan\u0131labilen \u00fcr\u00fcnlerin kar\u0131\u015f\u0131m\u0131d\u0131r.XGT ak\u00fcleri son derece dayan\u0131kl\u0131 olacak \u015fekilde tasarlanm\u0131\u015f olup ak\u00fcleri su ge\u00e7irmez \u00fc\u00e7 katmanl\u0131 bir yap\u0131ya ve darbelere kar\u015f\u0131 korunakl\u0131 olacak \u015fekilde tasarlanm\u0131\u015ft\u0131r.<\/p>\n<p>BL Motor\/K\u00f6m\u00fcrs\u00fcz Motor mevcuttur. K\u00f6m\u00fcrs\u00fcz motor sayesinde \u00e7al\u0131\u015fma esnas\u0131nda olu\u015fan \u0131s\u0131 enerjisi kaybolmaz ve makinenin g\u00fcc\u00fcne iletilir.<\/p>\n<p>XPT(Ekstra Koruma Teknolojisi) sayesinde nemli ve ya\u011fmurlu ortamlarda kullan\u0131labilir. D\u00fc\u015fmeye kar\u015f\u0131 ekstra dayan\u0131kl\u0131d\u0131r.<\/p>\n<p><\/span><strong class=\"red-title\" style=\"font-size: 16px;\">Paket \u0130\u00e7eri\u011fi:<\/strong> <span><\/p>\n<p><\/p>\n<p><\/p>\n<p><\/p>\n<\/p>\n<p><\/span><\/p>\n<div class=\"product-logos\">\n<div class=\"product-logos-item\">\n<div class=\"product-logos-item-image\">\n<p>            <a href=\"https:\/\/www.makita.com.tr\/makita\/teknolojileri\/xgt\" target=\"_blank\"><br \/>\n                <img decoding=\"async\" src=\"https:\/\/fi.makitamedia.com\/images\/3_Makita\/305_logos\/3052_jpg\/XGT.jpg\" alt=\"XGT\" style=\"width: 80px; height: 50px; margin-right: 25px;\"><br \/>\n            <\/a><\/p>\n<p>            <a href=\"https:\/\/www.makita.com.tr\/makita\/teknolojileri\/bl\" target=\"_blank\"><br \/>\n                <img decoding=\"async\" src=\"https:\/\/fi.makitamedia.com\/images\/3_Makita\/305_logos\/3052_jpg\/Brushless%20Motor.jpg\" alt=\"Brushless Motor Technology\" style=\"width: 80px; height: 50px; margin-right: 25px;\"><br \/>\n            <\/a><\/p><\/div>\n<\/p><\/div>\n<\/p><\/div>\n","protected":false},"featured_media":0,"comment_status":"open","ping_status":"closed","template":"","meta":{"_acf_changed":false},"product_brand":[1485],"product_cat":[1565],"product_tag":[],"class_list":{"0":"post-26503","1":"product","2":"type-product","3":"status-publish","5":"product_brand-makita","6":"product_cat-yok-yok","8":"first","9":"instock","10":"taxable","11":"shipping-taxable","12":"purchasable","13":"product-type-simple","14":"add-to-wishlist-after_add_to_cart"},"acf":[],"_links":{"self":[{"href":"https:\/\/www.makitamarket.com.tr\/site\/wp-json\/wp\/v2\/product\/26503","targetHints":{"allow":["GET"]}}],"collection":[{"href":"https:\/\/www.makitamarket.com.tr\/site\/wp-json\/wp\/v2\/product"}],"about":[{"href":"https:\/\/www.makitamarket.com.tr\/site\/wp-json\/wp\/v2\/types\/product"}],"replies":[{"embeddable":true,"href":"https:\/\/www.makitamarket.com.tr\/site\/wp-json\/wp\/v2\/comments?post=26503"}],"wp:attachment":[{"href":"https:\/\/www.makitamarket.com.tr\/site\/wp-json\/wp\/v2\/media?parent=26503"}],"wp:term":[{"taxonomy":"product_brand","embeddable":true,"href":"https:\/\/www.makitamarket.com.tr\/site\/wp-json\/wp\/v2\/product_brand?post=26503"},{"taxonomy":"product_cat","embeddable":true,"href":"https:\/\/www.makitamarket.com.tr\/site\/wp-json\/wp\/v2\/product_cat?post=26503"},{"taxonomy":"product_tag","embeddable":true,"href":"https:\/\/www.makitamarket.com.tr\/site\/wp-json\/wp\/v2\/product_tag?post=26503"}],"curies":[{"name":"wp","href":"https:\/\/api.w.org\/{rel}","templated":true}]}}