{"id":6579,"date":"2024-09-10T18:21:30","date_gmt":"2024-09-10T15:21:30","guid":{"rendered":"https:\/\/www.makitamarket.com.tr\/site\/urun\/probox-metal-kilitli-takim-cantasi-22\/"},"modified":"2025-11-16T05:05:56","modified_gmt":"2025-11-16T02:05:56","slug":"probox-metal-kilitli-takim-cantasi-22","status":"publish","type":"product","link":"https:\/\/www.makitamarket.com.tr\/site\/urun\/probox-metal-kilitli-takim-cantasi-22\/","title":{"rendered":"Probox PX05319 METAL K\u0130L\u0130TL\u0130 TAKIM \u00c7ANTASI 22&#8243;"},"content":{"rendered":"<table>\n<tr>\n<td>\u00d6l\u00e7\u00fcs\u00fc<\/td>\n<td>22&#8243; (57,0 x 31,5 x 37,5h cm.)<\/td>\n<\/tr>\n<tr>\n<td>\u00d6zellikleri<\/td>\n<td>Metal Kilitli, Organizerli<\/td>\n<\/tr>\n<tr>\n<td>Koli \u0130\u00e7i Adedi<\/td>\n<td>6 ad.<\/td>\n<\/tr>\n<\/table>\n","protected":false},"excerpt":{"rendered":"<p>\u00d6l\u00e7\u00fcs\u00fc 22&#8243; (57,0 x 31,5 x 37,5h cm.) \u00d6zellikleri Metal Kilitli, Organizerli Koli \u0130\u00e7i Adedi 6 ad.<\/p>\n","protected":false},"featured_media":9526,"comment_status":"closed","ping_status":"open","template":"","meta":{"_acf_changed":false},"product_brand":[1503],"product_cat":[734],"product_tag":[],"class_list":{"0":"post-6579","1":"product","2":"type-product","3":"status-publish","4":"has-post-thumbnail","6":"product_brand-probox","7":"product_cat-plastik-takim-cantalari","8":"pa_marka-probox","10":"first","11":"outofstock","12":"taxable","13":"shipping-taxable","14":"purchasable","15":"product-type-simple","16":"add-to-wishlist-after_add_to_cart"},"acf":[],"_links":{"self":[{"href":"https:\/\/www.makitamarket.com.tr\/site\/wp-json\/wp\/v2\/product\/6579","targetHints":{"allow":["GET"]}}],"collection":[{"href":"https:\/\/www.makitamarket.com.tr\/site\/wp-json\/wp\/v2\/product"}],"about":[{"href":"https:\/\/www.makitamarket.com.tr\/site\/wp-json\/wp\/v2\/types\/product"}],"replies":[{"embeddable":true,"href":"https:\/\/www.makitamarket.com.tr\/site\/wp-json\/wp\/v2\/comments?post=6579"}],"wp:featuredmedia":[{"embeddable":true,"href":"https:\/\/www.makitamarket.com.tr\/site\/wp-json\/wp\/v2\/media\/9526"}],"wp:attachment":[{"href":"https:\/\/www.makitamarket.com.tr\/site\/wp-json\/wp\/v2\/media?parent=6579"}],"wp:term":[{"taxonomy":"product_brand","embeddable":true,"href":"https:\/\/www.makitamarket.com.tr\/site\/wp-json\/wp\/v2\/product_brand?post=6579"},{"taxonomy":"product_cat","embeddable":true,"href":"https:\/\/www.makitamarket.com.tr\/site\/wp-json\/wp\/v2\/product_cat?post=6579"},{"taxonomy":"product_tag","embeddable":true,"href":"https:\/\/www.makitamarket.com.tr\/site\/wp-json\/wp\/v2\/product_tag?post=6579"}],"curies":[{"name":"wp","href":"https:\/\/api.w.org\/{rel}","templated":true}]}}